{"id":1733,"date":"2016-04-11T21:04:43","date_gmt":"2016-04-11T19:04:43","guid":{"rendered":"https:\/\/hurhasmed.pl\/en\/?page_id=1733"},"modified":"2016-04-11T21:04:51","modified_gmt":"2016-04-11T19:04:51","slug":"displays","status":"publish","type":"page","link":"https:\/\/hurhasmed.pl\/en\/know-how\/displays\/","title":{"rendered":"Displays"},"content":{"rendered":"<p>[et_pb_section admin_label=&#8221;Sekcja&#8221; fullwidth=&#8221;off&#8221; specialty=&#8221;on&#8221;][et_pb_column type=&#8221;1_4&#8243;][et_pb_sidebar admin_label=&#8221;Panel boczny&#8221; orientation=&#8221;left&#8221; area=&#8221;et_pb_widget_area_9&#8243; background_layout=&#8221;light&#8221; remove_border=&#8221;off&#8221;] [\/et_pb_sidebar][\/et_pb_column][et_pb_column type=&#8221;3_4&#8243; specialty_columns=&#8221;3&#8243;][et_pb_row_inner admin_label=&#8221;Wiersz&#8221;][et_pb_column_inner type=&#8221;4_4&#8243; saved_specialty_column_type=&#8221;3_4&#8243;][et_pb_text admin_label=&#8221;EKRAN DOTYKOWY, WY\u015aWIETLACZ ANALOGOWY ORAZ WY\u015aWIETLACZ CYFROWY&#8221; background_layout=&#8221;light&#8221; text_orientation=&#8221;left&#8221; use_border_color=&#8221;off&#8221; border_color=&#8221;#ffffff&#8221; border_style=&#8221;solid&#8221;]<\/p>\n<p>&nbsp;<\/p>\n<div class=\"panel-pane pane-page-title\">\n<div class=\"common-container pane-content\">\n<div class=\"panel-pane pane-page-title\">\n<div class=\"common-container pane-content\">\n<h1>TOUCH SCREEN AND ANALOG DISPLAY<\/h1>\n<\/div>\n<\/div>\n<div class=\"panel-separator\"><\/div>\n<div class=\"panel-pane pane-entity-field pane-node-body\">\n<div class=\"icon\"><\/div>\n<div class=\"common-container pane-content\">\n<div class=\"field field-name-body field-type-text-with-summary field-label-hidden\">\n<div class=\"field-items\">\n<div class=\"field-item even field-item-0 first last\">\n<p>HUR machines are available with two different monitor screens. The touch screen embodies today\u2019s most advanced exercising technology. The basic screen uses more traditional technology with plain features.<\/p>\n<\/div>\n<\/div>\n<\/div>\n<\/div>\n<\/div>\n<\/div>\n<\/div>\n<p>&nbsp;<\/p>\n<p>[\/et_pb_text][\/et_pb_column_inner][\/et_pb_row_inner][et_pb_row_inner admin_label=&#8221;Wiersz&#8221;][et_pb_column_inner type=&#8221;1_2&#8243; saved_specialty_column_type=&#8221;3_4&#8243;][et_pb_image admin_label=&#8221;smartcard display touch screen&#8221; src=&#8221;https:\/\/hurhasmed.pl\/wp-content\/uploads\/2016\/01\/smartcard_display.jpg&#8221; alt=&#8221;smartcard display touch screen hur&#8221; title_text=&#8221;smartcard display touch screen&#8221; show_in_lightbox=&#8221;off&#8221; url_new_window=&#8221;off&#8221; animation=&#8221;left&#8221; sticky=&#8221;off&#8221; align=&#8221;left&#8221; force_fullwidth=&#8221;off&#8221; always_center_on_mobile=&#8221;on&#8221; use_border_color=&#8221;off&#8221; border_color=&#8221;#ffffff&#8221; border_style=&#8221;solid&#8221;] [\/et_pb_image][\/et_pb_column_inner][et_pb_column_inner type=&#8221;1_2&#8243; saved_specialty_column_type=&#8221;3_4&#8243;][et_pb_text admin_label=&#8221;Ekran dotykowy&#8221; background_layout=&#8221;light&#8221; text_orientation=&#8221;left&#8221; use_border_color=&#8221;off&#8221; border_color=&#8221;#ffffff&#8221; border_style=&#8221;solid&#8221;]<\/p>\n<p>&nbsp;<\/p>\n<p>&nbsp;<\/p>\n<h5><strong>The touch screen,<\/strong> used with the HUR SmartTouch and HUR SmartCard machines, embodies today\u2019s most advanced exercising\u00a0technology. It is easy to use and a clear display guides users; resistance can be adjusted via the screen and the training program, repetitions and user heart rate are displayed.<\/h5>\n<p>&nbsp;<\/p>\n<p>[\/et_pb_text][\/et_pb_column_inner][\/et_pb_row_inner][et_pb_row_inner admin_label=&#8221;Wiersz&#8221;][et_pb_column_inner type=&#8221;1_2&#8243; saved_specialty_column_type=&#8221;3_4&#8243;][et_pb_image admin_label=&#8221;analog display&#8221; src=&#8221;https:\/\/hurhasmed.pl\/wp-content\/uploads\/2016\/01\/analog-new-whitebg-2.jpg&#8221; alt=&#8221;analog display&#8221; show_in_lightbox=&#8221;off&#8221; url_new_window=&#8221;off&#8221; animation=&#8221;left&#8221; sticky=&#8221;off&#8221; align=&#8221;left&#8221; force_fullwidth=&#8221;off&#8221; always_center_on_mobile=&#8221;on&#8221; use_border_color=&#8221;off&#8221; border_color=&#8221;#ffffff&#8221; border_style=&#8221;solid&#8221;] [\/et_pb_image][\/et_pb_column_inner][et_pb_column_inner type=&#8221;1_2&#8243; saved_specialty_column_type=&#8221;3_4&#8243;][et_pb_text admin_label=&#8221;ekran analogowy&#8221; background_layout=&#8221;light&#8221; text_orientation=&#8221;left&#8221; use_border_color=&#8221;off&#8221; border_color=&#8221;#ffffff&#8221; border_style=&#8221;solid&#8221;]<\/p>\n<p>&nbsp;<\/p>\n<p>&nbsp;<\/p>\n<h5><strong>The basic analogue screen<\/strong> uses more traditional technology. Resistance is adjusted step-by-step through the help of \u201cplus\u201d and \u201cminus\u201d buttons, even during an exercise. The basic screens on the\u00a0newest HUR machines can easily be upgraded to touch screens.<\/h5>\n<p>[\/et_pb_text][\/et_pb_column_inner][\/et_pb_row_inner][\/et_pb_column][\/et_pb_section][et_pb_section admin_label=&#8221;Sekcja&#8221; fullwidth=&#8221;off&#8221; specialty=&#8221;off&#8221; transparent_background=&#8221;off&#8221; allow_player_pause=&#8221;off&#8221; inner_shadow=&#8221;off&#8221; parallax=&#8221;off&#8221; parallax_method=&#8221;off&#8221; padding_mobile=&#8221;off&#8221; make_fullwidth=&#8221;off&#8221; use_custom_width=&#8221;off&#8221; width_unit=&#8221;on&#8221; make_equal=&#8221;off&#8221; use_custom_gutter=&#8221;off&#8221;][et_pb_row admin_label=&#8221;Wiersz&#8221;][et_pb_column type=&#8221;4_4&#8243;][et_pb_text admin_label=&#8221;HUR &#8211; FOR LIFELONG STRENGTH&#8221; background_layout=&#8221;light&#8221; text_orientation=&#8221;center&#8221; text_text_color=&#8221;#00a0df&#8221; use_border_color=&#8221;off&#8221; border_color=&#8221;#ffffff&#8221; border_style=&#8221;solid&#8221;]<\/p>\n<p>&nbsp;<\/p>\n<h1>HUR &#8211;\u00a0FOR LIFELONG STRENGTH<\/h1>\n<p>&nbsp;<\/p>\n<p>[\/et_pb_text][et_pb_image admin_label=&#8221;Obraz HUR &#8211; FOR LIFELONG STRENGTH&#8221; src=&#8221;https:\/\/hurhasmed.pl\/wp-content\/uploads\/2016\/01\/sekcja-z-nitka.jpg&#8221; show_in_lightbox=&#8221;off&#8221; url_new_window=&#8221;off&#8221; animation=&#8221;fade_in&#8221; sticky=&#8221;off&#8221; align=&#8221;center&#8221; force_fullwidth=&#8221;off&#8221; always_center_on_mobile=&#8221;on&#8221; use_border_color=&#8221;off&#8221; border_color=&#8221;#ffffff&#8221; border_style=&#8221;solid&#8221; use_overlay=&#8221;off&#8221;]<\/p>\n<p>&nbsp;<\/p>\n<p>[\/et_pb_image][\/et_pb_column][\/et_pb_row][\/et_pb_section]<\/p>\n","protected":false},"excerpt":{"rendered":"<p>&nbsp; TOUCH SCREEN AND ANALOG DISPLAY HUR machines are available with two different monitor screens. The touch screen embodies today\u2019s most advanced exercising technology. The basic screen uses more traditional technology with plain features. &nbsp; &nbsp; &nbsp; The touch screen, used with the HUR SmartTouch and HUR SmartCard machines, embodies today\u2019s most advanced exercising\u00a0technology. It [&hellip;]<\/p>\n","protected":false},"author":2,"featured_media":0,"parent":1596,"menu_order":0,"comment_status":"closed","ping_status":"closed","template":"","meta":{"_et_pb_use_builder":"on","_et_pb_old_content":"<p>[et_pb_section admin_label=\"Sekcja\" fullwidth=\"off\" specialty=\"on\"][et_pb_column type=\"1_4\"][et_pb_sidebar admin_label=\"Panel boczny\" orientation=\"left\" area=\"et_pb_widget_area_9\" background_layout=\"light\" remove_border=\"off\"]<\/p><p>[\/et_pb_sidebar][\/et_pb_column][et_pb_column type=\"3_4\" specialty_columns=\"3\"][et_pb_row_inner admin_label=\"Wiersz\"][et_pb_column_inner type=\"4_4\" saved_specialty_column_type=\"3_4\"][et_pb_text admin_label=\"EKRAN DOTYKOWY, WY\u015aWIETLACZ ANALOGOWY ORAZ WY\u015aWIETLACZ CYFROWY\" background_layout=\"light\" text_orientation=\"left\" use_border_color=\"off\" border_color=\"#ffffff\" border_style=\"solid\"]<\/p><div class=\"panel-pane pane-page-title\"><div class=\"common-container pane-content\"><h1>WY\u015aWIETLACZE<\/h1><h4>EKRAN DOTYKOWY, WY\u015aWIETLACZ ANALOGOWY ORAZ WY\u015aWIETLACZ CYFROWY<\/h4><p>\u00a0<\/p><\/div><\/div><div class=\"panel-separator\">Urz\u0105dzenia firmy HUR dost\u0119pne s\u0105 z dwoma r\u00f3\u017cnymi rodzajami ekran\u00f3w.<br \/> Ekran dotykowy uciele\u015bnia najnowocze\u015bniejsz\u0105 my\u015bl technologiczn\u0105 w dziedzinie fitness. Bardziej tradycyjne cechy reprezentuje wy\u015bwietlacz\u00a0podstawowy, dalej dzielony na analogowy i cyfrowy.<\/div><div class=\"panel-pane pane-entity-field pane-node-body\"><div class=\"common-container pane-content\"><div class=\"field field-name-body field-type-text-with-summary field-label-hidden\"><div class=\"field-items\"><div class=\"field-item even field-item-0 first last\"><p>\u00a0<\/p><\/div><\/div><\/div><\/div><\/div><p>[\/et_pb_text][\/et_pb_column_inner][\/et_pb_row_inner][et_pb_row_inner admin_label=\"Wiersz\"][et_pb_column_inner type=\"1_2\" saved_specialty_column_type=\"3_4\"][et_pb_image admin_label=\"smartcard display touch screen\" src=\"https:\/\/hurhasmed.pl\/wp-content\/uploads\/2016\/01\/smartcard_display.jpg\" alt=\"smartcard display touch screen hur\" title_text=\"smartcard display touch screen\" show_in_lightbox=\"off\" url_new_window=\"off\" animation=\"left\" sticky=\"off\" align=\"left\" force_fullwidth=\"off\" always_center_on_mobile=\"on\" use_border_color=\"off\" border_color=\"#ffffff\" border_style=\"solid\"]<\/p><p>[\/et_pb_image][\/et_pb_column_inner][et_pb_column_inner type=\"1_2\" saved_specialty_column_type=\"3_4\"][et_pb_text admin_label=\"Ekran dotykowy\" background_layout=\"light\" text_orientation=\"left\" use_border_color=\"off\" border_color=\"#ffffff\" border_style=\"solid\"]<\/p><p>\u00a0<\/p><h5>EKRAN DOTYKOWY<\/h5><p>\u00a0<br \/> Ekran kompatybilny z oprogramowaniem SmartTouch oraz\u00a0SmartCard, uciele\u015bnia najnowocze\u015bniejsz\u0105 my\u015bl technologiczn\u0105 w dziedzinie fitness. \u0141atwy i intuicyjny w u\u017cyciu. Wskaz\u00f3wki wy\u015bwietlane na ekranie p\u0142ynnie przeprowadz\u0105 u\u017cytkownika\u00a0przez proces\u00a0ustawiania obci\u0105\u017cenia.\u00a0Ekran wy\u015bwietla ilo\u015b\u0107 powt\u00f3rze\u0144, program treningowy i t\u0119tno u\u017cytkownika.<\/p><p>[\/et_pb_text][\/et_pb_column_inner][\/et_pb_row_inner][et_pb_row_inner admin_label=\"Wiersz\"][et_pb_column_inner type=\"1_2\" saved_specialty_column_type=\"3_4\"][et_pb_image admin_label=\"analog display\" src=\"https:\/\/hurhasmed.pl\/wp-content\/uploads\/2016\/01\/analog-new-whitebg-2.jpg\" alt=\"analog display\" show_in_lightbox=\"off\" url_new_window=\"off\" animation=\"left\" sticky=\"off\" align=\"left\" force_fullwidth=\"off\" always_center_on_mobile=\"on\" use_border_color=\"off\" border_color=\"#ffffff\" border_style=\"solid\"]<\/p><p>[\/et_pb_image][\/et_pb_column_inner][et_pb_column_inner type=\"1_2\" saved_specialty_column_type=\"3_4\"][et_pb_text admin_label=\"ekran analogowy\" background_layout=\"light\" text_orientation=\"left\" use_border_color=\"off\" border_color=\"#ffffff\" border_style=\"solid\"]<\/p><p>\u00a0<\/p><h5>PODSTAWOWY WY\u015aWIETLACZ ANALOGOWY<\/h5><p>\u00a0<br \/> Ten ekran reprezentuje bardziej tradycyjn\u0105 technologi\u0119. Obci\u0105\u017cenie ustawiane jest krok po kroku za pomoc\u0105 przycisk\u00f3w +\/-, r\u00f3wnie\u017c w trakcie treningu.<br \/> Podstawowy ekran analogowy w najnowszych maszynach HUR mo\u017ce by\u0107 w dowolnej chwili \u0142atwo zast\u0105piony ekranem dotykowym.<\/p><p>[\/et_pb_text][\/et_pb_column_inner][\/et_pb_row_inner][et_pb_row_inner admin_label=\"Wiersz\"][et_pb_column_inner type=\"1_2\" saved_specialty_column_type=\"3_4\"][et_pb_image admin_label=\"digital display hur\" src=\"https:\/\/hurhasmed.pl\/wp-content\/uploads\/2016\/01\/digital-display-big2.jpg\" alt=\"digital display hur\" show_in_lightbox=\"off\" url_new_window=\"off\" animation=\"left\" sticky=\"off\" align=\"left\" force_fullwidth=\"off\" always_center_on_mobile=\"on\" use_border_color=\"off\" border_color=\"#ffffff\" border_style=\"solid\"]<\/p><p>[\/et_pb_image][\/et_pb_column_inner][et_pb_column_inner type=\"1_2\" saved_specialty_column_type=\"3_4\"][et_pb_text admin_label=\"Tekst\" background_layout=\"light\" text_orientation=\"left\" use_border_color=\"off\" border_color=\"#ffffff\" border_style=\"solid\"]<\/p><p>\u00a0<\/p><h5>WY\u015aWIETLACZ CYFROWY<\/h5><p>\u00a0<br \/> Pod\u015bwietlany ekran wskazuj\u0105cy obci\u0105\u017cenie, ilo\u015b\u0107 powt\u00f3rze\u0144 oraz warto\u015b\u0107 t\u0119tna (je\u015bli u\u017cytkownik ma na sobie sensor). Reguluj\u0105c obci\u0105\u017cenie za pomoc\u0105 przycisk\u00f3w +\/- us\u0142yszymy sygna\u0142 d\u017awi\u0119kowy.<\/p><p>[\/et_pb_text][\/et_pb_column_inner][\/et_pb_row_inner][\/et_pb_column][\/et_pb_section][et_pb_section admin_label=\"Sekcja\" fullwidth=\"off\" specialty=\"off\"][et_pb_row admin_label=\"Wiersz\"][et_pb_column type=\"4_4\"][et_pb_text admin_label=\"Tekst\" background_layout=\"light\" text_orientation=\"center\" text_font_size=\"14\" use_border_color=\"off\" border_color=\"#ffffff\" border_style=\"solid\"]<\/p><h1>HUR - SI\u0141A NA D\u0141UGIE LATA<\/h1><p>[\/et_pb_text][et_pb_image admin_label=\"Obraz\" src=\"https:\/\/hurhasmed.pl\/wp-content\/uploads\/2016\/01\/sekcja-z-nitka.jpg\" show_in_lightbox=\"off\" url_new_window=\"off\" animation=\"fade_in\" sticky=\"off\" align=\"left\" force_fullwidth=\"off\" always_center_on_mobile=\"on\" use_border_color=\"off\" border_color=\"#ffffff\" border_style=\"solid\"]<\/p><p>[\/et_pb_image][\/et_pb_column][\/et_pb_row][\/et_pb_section]<\/p>","_et_gb_content_width":"","footnotes":""},"class_list":["post-1733","page","type-page","status-publish","hentry"],"yoast_head":"<!-- This site is optimized with the Yoast SEO plugin v26.8 - https:\/\/yoast.com\/product\/yoast-seo-wordpress\/ -->\n<title>Displays - HUR Polska<\/title>\n<meta name=\"robots\" content=\"index, follow, max-snippet:-1, max-image-preview:large, max-video-preview:-1\" \/>\n<link rel=\"canonical\" href=\"https:\/\/hurhasmed.pl\/know-how\/wyswietlacze\/\" \/>\n<meta property=\"og:locale\" content=\"en_US\" \/>\n<meta property=\"og:type\" content=\"article\" \/>\n<meta property=\"og:title\" content=\"Displays - HUR Polska\" \/>\n<meta property=\"og:description\" content=\"&nbsp; TOUCH SCREEN AND ANALOG DISPLAY HUR machines are available with two different monitor screens. The touch screen embodies today\u2019s most advanced exercising technology. The basic screen uses more traditional technology with plain features. &nbsp; &nbsp; &nbsp; The touch screen, used with the HUR SmartTouch and HUR SmartCard machines, embodies today\u2019s most advanced exercising\u00a0technology. It [&hellip;]\" \/>\n<meta property=\"og:url\" content=\"https:\/\/hurhasmed.pl\/know-how\/wyswietlacze\/\" \/>\n<meta property=\"og:site_name\" content=\"HUR Polska\" \/>\n<meta property=\"article:modified_time\" content=\"2016-04-11T19:04:51+00:00\" \/>\n<meta name=\"twitter:card\" content=\"summary_large_image\" \/>\n<meta name=\"twitter:label1\" content=\"Est. reading time\" \/>\n\t<meta name=\"twitter:data1\" content=\"3 minutes\" \/>\n<script type=\"application\/ld+json\" class=\"yoast-schema-graph\">{\"@context\":\"https:\/\/schema.org\",\"@graph\":[{\"@type\":\"WebPage\",\"@id\":\"https:\/\/hurhasmed.pl\/know-how\/wyswietlacze\/\",\"url\":\"https:\/\/hurhasmed.pl\/know-how\/wyswietlacze\/\",\"name\":\"Displays - HUR Polska\",\"isPartOf\":{\"@id\":\"https:\/\/hurhasmed.pl\/#website\"},\"datePublished\":\"2016-04-11T19:04:43+00:00\",\"dateModified\":\"2016-04-11T19:04:51+00:00\",\"breadcrumb\":{\"@id\":\"https:\/\/hurhasmed.pl\/know-how\/wyswietlacze\/#breadcrumb\"},\"inLanguage\":\"en-US\",\"potentialAction\":[{\"@type\":\"ReadAction\",\"target\":[\"https:\/\/hurhasmed.pl\/know-how\/wyswietlacze\/\"]}]},{\"@type\":\"BreadcrumbList\",\"@id\":\"https:\/\/hurhasmed.pl\/know-how\/wyswietlacze\/#breadcrumb\",\"itemListElement\":[{\"@type\":\"ListItem\",\"position\":1,\"name\":\"Strona g\u0142\u00f3wna\",\"item\":\"https:\/\/hurhasmed.pl\/en\/\"},{\"@type\":\"ListItem\",\"position\":2,\"name\":\"KNOW-HOW\",\"item\":\"https:\/\/hurhasmed.pl\/know-how\/\"},{\"@type\":\"ListItem\",\"position\":3,\"name\":\"Displays\"}]},{\"@type\":\"WebSite\",\"@id\":\"https:\/\/hurhasmed.pl\/#website\",\"url\":\"https:\/\/hurhasmed.pl\/\",\"name\":\"HUR Polska\",\"description\":\"Si\u0142a na d\u0142ugie lata\",\"potentialAction\":[{\"@type\":\"SearchAction\",\"target\":{\"@type\":\"EntryPoint\",\"urlTemplate\":\"https:\/\/hurhasmed.pl\/?s={search_term_string}\"},\"query-input\":{\"@type\":\"PropertyValueSpecification\",\"valueRequired\":true,\"valueName\":\"search_term_string\"}}],\"inLanguage\":\"en-US\"}]}<\/script>\n<!-- \/ Yoast SEO plugin. -->","yoast_head_json":{"title":"Displays - HUR Polska","robots":{"index":"index","follow":"follow","max-snippet":"max-snippet:-1","max-image-preview":"max-image-preview:large","max-video-preview":"max-video-preview:-1"},"canonical":"https:\/\/hurhasmed.pl\/know-how\/wyswietlacze\/","og_locale":"en_US","og_type":"article","og_title":"Displays - HUR Polska","og_description":"&nbsp; TOUCH SCREEN AND ANALOG DISPLAY HUR machines are available with two different monitor screens. The touch screen embodies today\u2019s most advanced exercising technology. The basic screen uses more traditional technology with plain features. &nbsp; &nbsp; &nbsp; The touch screen, used with the HUR SmartTouch and HUR SmartCard machines, embodies today\u2019s most advanced exercising\u00a0technology. It [&hellip;]","og_url":"https:\/\/hurhasmed.pl\/know-how\/wyswietlacze\/","og_site_name":"HUR Polska","article_modified_time":"2016-04-11T19:04:51+00:00","twitter_card":"summary_large_image","twitter_misc":{"Est. reading time":"3 minutes"},"schema":{"@context":"https:\/\/schema.org","@graph":[{"@type":"WebPage","@id":"https:\/\/hurhasmed.pl\/know-how\/wyswietlacze\/","url":"https:\/\/hurhasmed.pl\/know-how\/wyswietlacze\/","name":"Displays - HUR Polska","isPartOf":{"@id":"https:\/\/hurhasmed.pl\/#website"},"datePublished":"2016-04-11T19:04:43+00:00","dateModified":"2016-04-11T19:04:51+00:00","breadcrumb":{"@id":"https:\/\/hurhasmed.pl\/know-how\/wyswietlacze\/#breadcrumb"},"inLanguage":"en-US","potentialAction":[{"@type":"ReadAction","target":["https:\/\/hurhasmed.pl\/know-how\/wyswietlacze\/"]}]},{"@type":"BreadcrumbList","@id":"https:\/\/hurhasmed.pl\/know-how\/wyswietlacze\/#breadcrumb","itemListElement":[{"@type":"ListItem","position":1,"name":"Strona g\u0142\u00f3wna","item":"https:\/\/hurhasmed.pl\/en\/"},{"@type":"ListItem","position":2,"name":"KNOW-HOW","item":"https:\/\/hurhasmed.pl\/know-how\/"},{"@type":"ListItem","position":3,"name":"Displays"}]},{"@type":"WebSite","@id":"https:\/\/hurhasmed.pl\/#website","url":"https:\/\/hurhasmed.pl\/","name":"HUR Polska","description":"Si\u0142a na d\u0142ugie lata","potentialAction":[{"@type":"SearchAction","target":{"@type":"EntryPoint","urlTemplate":"https:\/\/hurhasmed.pl\/?s={search_term_string}"},"query-input":{"@type":"PropertyValueSpecification","valueRequired":true,"valueName":"search_term_string"}}],"inLanguage":"en-US"}]}},"_links":{"self":[{"href":"https:\/\/hurhasmed.pl\/en\/wp-json\/wp\/v2\/pages\/1733","targetHints":{"allow":["GET"]}}],"collection":[{"href":"https:\/\/hurhasmed.pl\/en\/wp-json\/wp\/v2\/pages"}],"about":[{"href":"https:\/\/hurhasmed.pl\/en\/wp-json\/wp\/v2\/types\/page"}],"author":[{"embeddable":true,"href":"https:\/\/hurhasmed.pl\/en\/wp-json\/wp\/v2\/users\/2"}],"replies":[{"embeddable":true,"href":"https:\/\/hurhasmed.pl\/en\/wp-json\/wp\/v2\/comments?post=1733"}],"version-history":[{"count":2,"href":"https:\/\/hurhasmed.pl\/en\/wp-json\/wp\/v2\/pages\/1733\/revisions"}],"predecessor-version":[{"id":1735,"href":"https:\/\/hurhasmed.pl\/en\/wp-json\/wp\/v2\/pages\/1733\/revisions\/1735"}],"up":[{"embeddable":true,"href":"https:\/\/hurhasmed.pl\/en\/wp-json\/wp\/v2\/pages\/1596"}],"wp:attachment":[{"href":"https:\/\/hurhasmed.pl\/en\/wp-json\/wp\/v2\/media?parent=1733"}],"curies":[{"name":"wp","href":"https:\/\/api.w.org\/{rel}","templated":true}]}}