{"id":1729,"date":"2016-04-11T21:20:15","date_gmt":"2016-04-11T19:20:15","guid":{"rendered":"https:\/\/hurhasmed.pl\/en\/?page_id=1729"},"modified":"2016-04-11T21:30:18","modified_gmt":"2016-04-11T19:30:18","slug":"pneumatic_resistance","status":"publish","type":"page","link":"https:\/\/hurhasmed.pl\/en\/know-how\/pneumatic_resistance\/","title":{"rendered":"Pneumatic resistance"},"content":{"rendered":"<p>[et_pb_section admin_label=&#8221;Sekcja&#8221; fullwidth=&#8221;off&#8221; specialty=&#8221;on&#8221;][et_pb_column type=&#8221;1_4&#8243;][et_pb_sidebar admin_label=&#8221;Panel boczny&#8221; orientation=&#8221;left&#8221; area=&#8221;et_pb_widget_area_9&#8243; background_layout=&#8221;light&#8221; remove_border=&#8221;off&#8221;]<\/p>\n<p>[\/et_pb_sidebar][\/et_pb_column][et_pb_column type=&#8221;3_4&#8243; specialty_columns=&#8221;3&#8243;][et_pb_row_inner admin_label=&#8221;Wiersz&#8221;][et_pb_column_inner type=&#8221;4_4&#8243; saved_specialty_column_type=&#8221;3_4&#8243;][et_pb_text admin_label=&#8221;Tekst&#8221; background_layout=&#8221;light&#8221; text_orientation=&#8221;left&#8221; use_border_color=&#8221;off&#8221; border_color=&#8221;#ffffff&#8221; border_style=&#8221;solid&#8221;]<\/p>\n<h1>PNEUMATIC RESISTANCE<\/h1>\n<p>&nbsp;<\/p>\n<p>[\/et_pb_text][\/et_pb_column_inner][\/et_pb_row_inner][et_pb_row_inner admin_label=&#8221;Wiersz&#8221;][et_pb_column_inner type=&#8221;1_2&#8243; saved_specialty_column_type=&#8221;3_4&#8243;][et_pb_image admin_label=&#8221;Obraz&#8221; src=&#8221;https:\/\/hurhasmed.pl\/wp-content\/uploads\/2016\/02\/hur_natural_transmission.png&#8221; show_in_lightbox=&#8221;off&#8221; url_new_window=&#8221;off&#8221; use_overlay=&#8221;off&#8221; animation=&#8221;left&#8221; sticky=&#8221;off&#8221; align=&#8221;left&#8221; force_fullwidth=&#8221;off&#8221; always_center_on_mobile=&#8221;on&#8221; use_border_color=&#8221;off&#8221; border_color=&#8221;#ffffff&#8221; border_style=&#8221;solid&#8221;]<\/p>\n<p>[\/et_pb_image][\/et_pb_column_inner][et_pb_column_inner type=&#8221;1_2&#8243; saved_specialty_column_type=&#8221;3_4&#8243;][et_pb_text admin_label=&#8221;Tekst&#8221; background_layout=&#8221;light&#8221; text_orientation=&#8221;left&#8221; use_border_color=&#8221;off&#8221; border_color=&#8221;#ffffff&#8221; border_style=&#8221;solid&#8221;]<\/p>\n<p>&nbsp;<\/p>\n<p>HUR resistance is designed to accommodate the fact that every body is not the same. HUR&#8217;s more consistent load or resistance profile reduces stress on joints and connective tissues.\u00a0<strong>Start from close to zero load and increase by as little as 100g or 1kg<\/strong>!<\/p>\n<p>Watch the concept video of <strong>HUR Natural Transmission<\/strong><\/p>\n<p>&nbsp;<\/p>\n<p>[\/et_pb_text][\/et_pb_column_inner][\/et_pb_row_inner][et_pb_row_inner admin_label=&#8221;Wiersz&#8221;][et_pb_column_inner type=&#8221;4_4&#8243; saved_specialty_column_type=&#8221;3_4&#8243;][et_pb_code admin_label=&#8221;video&#8221;]&lt;iframe width=&quot;854&quot; height=&quot;480&quot; src=&quot;https:\/\/www.youtube.com\/embed\/-oSNVz5pT2w&quot; frameborder=&quot;0&quot; allowfullscreen&gt;&lt;\/iframe&gt;[\/et_pb_code][\/et_pb_column_inner][\/et_pb_row_inner][et_pb_row_inner admin_label=&#8221;Wiersz&#8221;][et_pb_column_inner type=&#8221;4_4&#8243; saved_specialty_column_type=&#8221;3_4&#8243;][et_pb_text admin_label=&#8221;Tekst&#8221; background_layout=&#8221;light&#8221; text_orientation=&#8221;left&#8221; use_border_color=&#8221;off&#8221; border_color=&#8221;#ffffff&#8221; border_style=&#8221;solid&#8221;]<\/p>\n<p>&nbsp;<\/p>\n<p>The zero minimum resistance and stepless resistance adjustment of HUR machines makes them suitable for all users. For many other brands, minimum resistance starts at several kilos (pounds) and resistance is increased in 2.5 kg (5.5 lbs.) increments. In such cases, that all-important progression in strength training is not realized in an optimal manner and sometimes even the smallest amount of resistance can simply be too much.<\/p>\n<p>Many HUR machines also allow for the measurement and training of isometric strength.<\/p>\n<h4>THE NATURAL TRANSMISSION<sup>TM<\/sup> ADVANTAGE<\/h4>\n<p>HUR machines function through a resistance method that employs a natural transmission of power, Natural Transmission\u2122, which simulates the natural function\/movement of your muscles. Using pneumatic technology and lever arms, resistance is adjusted in accordance with your muscles\u2019 natural generation of muscular force.<\/p>\n<div>\n<div><img decoding=\"async\" src=\"http:\/\/sd7.staattinen.fi\/sites\/www.hur.fi\/files\/teknologia\/naturaltransmissionmuscles.jpg\" alt=\"\" \/><\/div>\n<div>\n<p>The workload is applied more specifically to the muscles for more effective results. It mimics the natural function of the muscles.<\/p>\n<\/div>\n<\/div>\n<h4>RESISTANCE IS ADAPTED IN ACCORDANCE WITH FORCE PRODUCTION<\/h4>\n<p>The ability of muscles to produce force (muscular strength) varies during each movement. The resistance on a strength-training machine should match how your muscles work.<\/p>\n<div>\n<div><img decoding=\"async\" src=\"http:\/\/sd7.staattinen.fi\/sites\/www.hur.fi\/files\/teknologia\/natural-transmission-hur.jpg\" alt=\"\" \/><\/div>\n<div>\n<p><strong>With HUR\u2019s Natural Transmission<\/strong> method, based on pneumatic technology, resistance is adapted in accordance with the production of force, regardless of the speed of the movement.<\/p>\n<\/div>\n<\/div>\n<div>\n<div><img decoding=\"async\" src=\"http:\/\/sd7.staattinen.fi\/sites\/www.hur.fi\/files\/teknologia\/natural-transmission-weight-stack.jpg\" alt=\"\" \/><\/div>\n<div>\n<p><strong>Weight stack machines<\/strong> are more suited to slow, controlled movements. An increase in speed produces inertia, distorting the loading on the muscle, impacting on the joint and reducing the training effect.<\/p>\n<\/div>\n<\/div>\n<div>\n<div><img decoding=\"async\" src=\"http:\/\/sd7.staattinen.fi\/sites\/www.hur.fi\/files\/teknologia\/high-speed-movement.jpg\" alt=\"\" \/><\/div>\n<div>\n<p>The resistance curve of HUR Equipment maintains its profile regardless of the speed of movement providing strength and <strong>speed strength training<\/strong> which works both slow and fast twitch muscle fibres.<\/p>\n<p>&nbsp;<\/p>\n<\/div>\n<\/div>\n<h4>THE ADVANTAGES OF PNEUMATIC TECHNOLOGY IN HUR EQUIPMENT<\/h4>\n<p>&nbsp;<\/p>\n<ul>\n<li>HUR gyms are comfortable and virtually silent, allowing them to be located in spaces external to an actual fitness facility<\/li>\n<li>Users can easily operate HUR machines independently, thus reducing the need for assistance or guidance<\/li>\n<li>Simple controls make HUR machines easy to use<\/li>\n<li>Stepless resistance adjustment lets users adjust resistance to exactly what they want<\/li>\n<li>Minimum resistance starts at 0 kg (0 lbs.), making it possible to start rehabilitation early<\/li>\n<li>HUR machines are safe to use in that all power-transmission technology is encased<\/li>\n<li>Soft and natural resistance during all speeds of movement, even during speed training<\/li>\n<li>Compact machines save space. Some machines are dual purpose, such as our knee extension-flexion machine<\/li>\n<li>With range limiters, it is possible to determine where a movement starts and ends, making rehabilitation safe<\/li>\n<li>With our Natural Transmission pneumatic technology, pressure on limbs can be reduced and limbs can even be moved passively<\/li>\n<li>All HUR machines work muscles in both concentric and eccentric phases. Many machines also allow for the measurement and training of isometric strength<\/li>\n<\/ul>\n<p>[\/et_pb_text][\/et_pb_column_inner][\/et_pb_row_inner][\/et_pb_column][\/et_pb_section][et_pb_section admin_label=&#8221;Sekcja&#8221; fullwidth=&#8221;off&#8221; specialty=&#8221;off&#8221; transparent_background=&#8221;off&#8221; allow_player_pause=&#8221;off&#8221; inner_shadow=&#8221;off&#8221; parallax=&#8221;off&#8221; parallax_method=&#8221;off&#8221; padding_mobile=&#8221;off&#8221; make_fullwidth=&#8221;off&#8221; use_custom_width=&#8221;off&#8221; width_unit=&#8221;on&#8221; make_equal=&#8221;off&#8221; use_custom_gutter=&#8221;off&#8221;][et_pb_row admin_label=&#8221;Wiersz&#8221;][et_pb_column type=&#8221;4_4&#8243;][et_pb_text admin_label=&#8221;HUR &#8211; FOR LIFELONG STRENGTH&#8221; background_layout=&#8221;light&#8221; text_orientation=&#8221;center&#8221; text_text_color=&#8221;#00a0df&#8221; use_border_color=&#8221;off&#8221; border_color=&#8221;#ffffff&#8221; border_style=&#8221;solid&#8221;]<\/p>\n<p>&nbsp;<\/p>\n<h1>HUR &#8211;\u00a0FOR LIFELONG STRENGTH<\/h1>\n<p>&nbsp;<\/p>\n<p>[\/et_pb_text][et_pb_image admin_label=&#8221;Obraz HUR &#8211; FOR LIFELONG STRENGTH&#8221; src=&#8221;https:\/\/hurhasmed.pl\/wp-content\/uploads\/2016\/01\/sekcja-z-nitka.jpg&#8221; show_in_lightbox=&#8221;off&#8221; url_new_window=&#8221;off&#8221; animation=&#8221;fade_in&#8221; sticky=&#8221;off&#8221; align=&#8221;center&#8221; force_fullwidth=&#8221;off&#8221; always_center_on_mobile=&#8221;on&#8221; use_border_color=&#8221;off&#8221; border_color=&#8221;#ffffff&#8221; border_style=&#8221;solid&#8221; use_overlay=&#8221;off&#8221;]<\/p>\n<p>&nbsp;<\/p>\n<p>[\/et_pb_image][\/et_pb_column][\/et_pb_row][\/et_pb_section]<\/p>\n","protected":false},"excerpt":{"rendered":"<p>PNEUMATIC RESISTANCE &nbsp; &nbsp; HUR resistance is designed to accommodate the fact that every body is not the same. HUR&#8217;s more consistent load or resistance profile reduces stress on joints and connective tissues.\u00a0Start from close to zero load and increase by as little as 100g or 1kg! Watch the concept video of HUR Natural Transmission [&hellip;]<\/p>\n","protected":false},"author":2,"featured_media":0,"parent":1596,"menu_order":0,"comment_status":"closed","ping_status":"closed","template":"","meta":{"_et_pb_use_builder":"on","_et_pb_old_content":"<p>[et_pb_section admin_label=\"Sekcja\" fullwidth=\"off\" specialty=\"on\"][et_pb_column type=\"1_4\"][et_pb_sidebar admin_label=\"Panel boczny\" orientation=\"left\" area=\"et_pb_widget_area_9\" background_layout=\"light\" remove_border=\"off\"]<\/p><p>[\/et_pb_sidebar][\/et_pb_column][et_pb_column type=\"3_4\" specialty_columns=\"3\"][et_pb_row_inner admin_label=\"Wiersz\"][et_pb_column_inner type=\"4_4\" saved_specialty_column_type=\"3_4\"][et_pb_text admin_label=\"Tekst\" background_layout=\"light\" text_orientation=\"left\" use_border_color=\"off\" border_color=\"#ffffff\" border_style=\"solid\"]<\/p><h1>OP\u00d3R PNEUMATYCZNY<\/h1><p>[\/et_pb_text][\/et_pb_column_inner][\/et_pb_row_inner][et_pb_row_inner admin_label=\"Wiersz\"][et_pb_column_inner type=\"1_2\" saved_specialty_column_type=\"3_4\"][et_pb_image admin_label=\"Obraz\" src=\"https:\/\/hurhasmed.pl\/wp-content\/uploads\/2016\/02\/hur_natural_transmission.png\" show_in_lightbox=\"off\" url_new_window=\"off\" use_overlay=\"off\" animation=\"left\" sticky=\"off\" align=\"left\" force_fullwidth=\"off\" always_center_on_mobile=\"on\" use_border_color=\"off\" border_color=\"#ffffff\" border_style=\"solid\"]<\/p><p>[\/et_pb_image][\/et_pb_column_inner][et_pb_column_inner type=\"1_2\" saved_specialty_column_type=\"3_4\"][et_pb_text admin_label=\"Tekst\" background_layout=\"light\" text_orientation=\"left\" use_border_color=\"off\" border_color=\"#ffffff\" border_style=\"solid\"]<\/p><p>Sprz\u0119t treningowy firmy HUR jest zaprojektowany w\u00a0taki spos\u00f3b aby uwzgl\u0119dni\u0107 predyspozycje i\u00a0wymagania wszystkich\u00a0U\u017cytkownik\u00f3w. Urz\u0105dzenia wsp\u00f3\u0142graj\u0105 z\u00a0naturalnym, p\u0142ynnym ruchem ludzkich mi\u0119\u015bni.\u00a0Zastosowanie\u00a0technologii spr\u0119\u017conego powietrza\u00a0pozwala na ustawienie zerowego\u00a0oporu\u00a0pocz\u0105tkowego oraz dalszy p\u0142ynny przyrost obci\u0105\u017cenia w krokach\u00a0<strong>100g\/1kg.<\/strong><\/p><p>[\/et_pb_text][\/et_pb_column_inner][\/et_pb_row_inner][et_pb_row_inner admin_label=\"Wiersz\"][et_pb_column_inner type=\"4_4\" saved_specialty_column_type=\"3_4\"][et_pb_code admin_label=\"video\"]<iframe width=\"854\" height=\"480\" src=\"https:\/\/www.youtube.com\/embed\/-oSNVz5pT2w\" frameborder=\"0\" allowfullscreen><\/iframe>[\/et_pb_code][\/et_pb_column_inner][\/et_pb_row_inner][et_pb_row_inner admin_label=\"Wiersz\"][et_pb_column_inner type=\"4_4\" saved_specialty_column_type=\"3_4\"][et_pb_text admin_label=\"Tekst\" background_layout=\"light\" text_orientation=\"left\" use_border_color=\"off\" border_color=\"#ffffff\" border_style=\"solid\"]<\/p><p>Wszystkie urz\u0105dzenia HUR s\u0105 wyposa\u017cone w unikalny mechanizm Natural Transmission. Jest to metoda oporu bazuj\u0105ca na dzia\u0142aniu spr\u0119\u017conego powietrza, kt\u00f3ra odpowiednio dopasowuje naturalny wydatek si\u0142 mi\u0119\u015bni, niezale\u017cnie od pr\u0119dko\u015bci ruchu. Wi\u0119ksze bezpiecze\u0144stwo, brak przeci\u0105\u017ce\u0144 i szybszy post\u0119p rehabilitacji to najwi\u0119ksze zalety zastosowania tej technologii.<br \/> <br \/> Na standardowych urz\u0105dzeniach si\u0142owych ze stosem obci\u0105\u017cnik\u00f3w si\u0142y \u015bci\u0105gaj\u0105ce dosy\u0107 mocno obci\u0105\u017caj\u0105 staw i jego struktury (wi\u0119zad\u0142a, chrz\u0105stk\u0119 , \u0142\u0105kotki) cz\u0119sto doprowadzaj\u0105c do ich uszkodzenia, szczeg\u00f3lnie przy du\u017cych pr\u0119dko\u015bciach \u0107wicze\u0144.<br \/> Du\u017c\u0105 zalet\u0105 urz\u0105dze\u0144 HUR jest mo\u017cliwo\u015b\u0107 kontrolowania zakresu ruchu np. zgi\u0119cia lub wyprostu kolana, odwiedzenia lub przywiedzenia ko\u0144czyn, co daje mo\u017cliwo\u015b\u0107 bardzo szybkiego wprowadzenia wzmacniania mi\u0119\u015bni tu\u017c po zabiegu operacyjnym nie niszcz\u0105c odtworzonych struktur (wi\u0119zade\u0142, przeszczepionych \u0142\u0105kotek itp.). Rehabilitacja w danym zakresie ruchu zawsze chroni operowane struktury a poza tym daje mo\u017cliwo\u015b\u0107 zapobiegania powik\u0142aniom z unieruchomienia, co pozwala szybciej odzyska\u0107 pe\u0142n\u0105 kontrol\u0119 motoryczn\u0105 operowanej ko\u0144czyny.<\/p><p>[\/et_pb_text][\/et_pb_column_inner][\/et_pb_row_inner][\/et_pb_column][\/et_pb_section][et_pb_section admin_label=\"Sekcja\" fullwidth=\"off\" specialty=\"off\" transparent_background=\"off\" allow_player_pause=\"off\" inner_shadow=\"off\" parallax=\"off\" parallax_method=\"off\" padding_mobile=\"off\" make_fullwidth=\"off\" use_custom_width=\"off\" width_unit=\"on\" make_equal=\"off\" use_custom_gutter=\"off\" gutter_width=\"3\"][et_pb_row admin_label=\"Wiersz\"][et_pb_column type=\"4_4\"][et_pb_text admin_label=\"Tekst\" background_layout=\"light\" text_orientation=\"center\" text_font_size=\"14\" text_text_color=\"#00a0df\" use_border_color=\"off\" border_color=\"#ffffff\" border_style=\"solid\"]<\/p><h1>HUR - SI\u0141A NA D\u0141UGIE LATA<\/h1><p>[\/et_pb_text][et_pb_image admin_label=\"Obraz\" src=\"https:\/\/hurhasmed.pl\/wp-content\/uploads\/2016\/01\/sekcja-z-nitka.jpg\" show_in_lightbox=\"off\" url_new_window=\"off\" animation=\"fade_in\" sticky=\"off\" align=\"center\" force_fullwidth=\"off\" always_center_on_mobile=\"on\" use_border_color=\"off\" border_color=\"#ffffff\" border_style=\"solid\"]<\/p><p>[\/et_pb_image][\/et_pb_column][\/et_pb_row][\/et_pb_section]<\/p>","_et_gb_content_width":"","footnotes":""},"class_list":["post-1729","page","type-page","status-publish","hentry"],"yoast_head":"<!-- This site is optimized with the Yoast SEO plugin v26.8 - https:\/\/yoast.com\/product\/yoast-seo-wordpress\/ -->\n<title>Pneumatic resistance - HUR Polska<\/title>\n<meta name=\"robots\" content=\"index, follow, max-snippet:-1, max-image-preview:large, max-video-preview:-1\" \/>\n<link rel=\"canonical\" href=\"https:\/\/hurhasmed.pl\/know-how\/opor-pneumatyczny\/\" \/>\n<meta property=\"og:locale\" content=\"en_US\" \/>\n<meta property=\"og:type\" content=\"article\" \/>\n<meta property=\"og:title\" content=\"Pneumatic resistance - HUR Polska\" \/>\n<meta property=\"og:description\" content=\"PNEUMATIC RESISTANCE &nbsp; &nbsp; HUR resistance is designed to accommodate the fact that every body is not the same. HUR&#039;s more consistent load or resistance profile reduces stress on joints and connective tissues.\u00a0Start from close to zero load and increase by as little as 100g or 1kg! Watch the concept video of HUR Natural Transmission [&hellip;]\" \/>\n<meta property=\"og:url\" content=\"https:\/\/hurhasmed.pl\/know-how\/opor-pneumatyczny\/\" \/>\n<meta property=\"og:site_name\" content=\"HUR Polska\" \/>\n<meta property=\"article:modified_time\" content=\"2016-04-11T19:30:18+00:00\" \/>\n<meta property=\"og:image\" content=\"http:\/\/sd7.staattinen.fi\/sites\/www.hur.fi\/files\/teknologia\/naturaltransmissionmuscles.jpg\" \/>\n<meta name=\"twitter:card\" content=\"summary_large_image\" \/>\n<meta name=\"twitter:label1\" content=\"Est. reading time\" \/>\n\t<meta name=\"twitter:data1\" content=\"5 minutes\" \/>\n<script type=\"application\/ld+json\" class=\"yoast-schema-graph\">{\"@context\":\"https:\/\/schema.org\",\"@graph\":[{\"@type\":\"WebPage\",\"@id\":\"https:\/\/hurhasmed.pl\/know-how\/opor-pneumatyczny\/\",\"url\":\"https:\/\/hurhasmed.pl\/know-how\/opor-pneumatyczny\/\",\"name\":\"Pneumatic resistance - HUR Polska\",\"isPartOf\":{\"@id\":\"https:\/\/hurhasmed.pl\/#website\"},\"primaryImageOfPage\":{\"@id\":\"https:\/\/hurhasmed.pl\/know-how\/opor-pneumatyczny\/#primaryimage\"},\"image\":{\"@id\":\"https:\/\/hurhasmed.pl\/know-how\/opor-pneumatyczny\/#primaryimage\"},\"thumbnailUrl\":\"http:\/\/sd7.staattinen.fi\/sites\/www.hur.fi\/files\/teknologia\/naturaltransmissionmuscles.jpg\",\"datePublished\":\"2016-04-11T19:20:15+00:00\",\"dateModified\":\"2016-04-11T19:30:18+00:00\",\"breadcrumb\":{\"@id\":\"https:\/\/hurhasmed.pl\/know-how\/opor-pneumatyczny\/#breadcrumb\"},\"inLanguage\":\"en-US\",\"potentialAction\":[{\"@type\":\"ReadAction\",\"target\":[\"https:\/\/hurhasmed.pl\/know-how\/opor-pneumatyczny\/\"]}]},{\"@type\":\"ImageObject\",\"inLanguage\":\"en-US\",\"@id\":\"https:\/\/hurhasmed.pl\/know-how\/opor-pneumatyczny\/#primaryimage\",\"url\":\"http:\/\/sd7.staattinen.fi\/sites\/www.hur.fi\/files\/teknologia\/naturaltransmissionmuscles.jpg\",\"contentUrl\":\"http:\/\/sd7.staattinen.fi\/sites\/www.hur.fi\/files\/teknologia\/naturaltransmissionmuscles.jpg\"},{\"@type\":\"BreadcrumbList\",\"@id\":\"https:\/\/hurhasmed.pl\/know-how\/opor-pneumatyczny\/#breadcrumb\",\"itemListElement\":[{\"@type\":\"ListItem\",\"position\":1,\"name\":\"Strona g\u0142\u00f3wna\",\"item\":\"https:\/\/hurhasmed.pl\/en\/\"},{\"@type\":\"ListItem\",\"position\":2,\"name\":\"KNOW-HOW\",\"item\":\"https:\/\/hurhasmed.pl\/know-how\/\"},{\"@type\":\"ListItem\",\"position\":3,\"name\":\"Pneumatic resistance\"}]},{\"@type\":\"WebSite\",\"@id\":\"https:\/\/hurhasmed.pl\/#website\",\"url\":\"https:\/\/hurhasmed.pl\/\",\"name\":\"HUR Polska\",\"description\":\"Si\u0142a na d\u0142ugie lata\",\"potentialAction\":[{\"@type\":\"SearchAction\",\"target\":{\"@type\":\"EntryPoint\",\"urlTemplate\":\"https:\/\/hurhasmed.pl\/?s={search_term_string}\"},\"query-input\":{\"@type\":\"PropertyValueSpecification\",\"valueRequired\":true,\"valueName\":\"search_term_string\"}}],\"inLanguage\":\"en-US\"}]}<\/script>\n<!-- \/ Yoast SEO plugin. -->","yoast_head_json":{"title":"Pneumatic resistance - HUR Polska","robots":{"index":"index","follow":"follow","max-snippet":"max-snippet:-1","max-image-preview":"max-image-preview:large","max-video-preview":"max-video-preview:-1"},"canonical":"https:\/\/hurhasmed.pl\/know-how\/opor-pneumatyczny\/","og_locale":"en_US","og_type":"article","og_title":"Pneumatic resistance - HUR Polska","og_description":"PNEUMATIC RESISTANCE &nbsp; &nbsp; HUR resistance is designed to accommodate the fact that every body is not the same. HUR's more consistent load or resistance profile reduces stress on joints and connective tissues.\u00a0Start from close to zero load and increase by as little as 100g or 1kg! Watch the concept video of HUR Natural Transmission [&hellip;]","og_url":"https:\/\/hurhasmed.pl\/know-how\/opor-pneumatyczny\/","og_site_name":"HUR Polska","article_modified_time":"2016-04-11T19:30:18+00:00","og_image":[{"url":"http:\/\/sd7.staattinen.fi\/sites\/www.hur.fi\/files\/teknologia\/naturaltransmissionmuscles.jpg","type":"","width":"","height":""}],"twitter_card":"summary_large_image","twitter_misc":{"Est. reading time":"5 minutes"},"schema":{"@context":"https:\/\/schema.org","@graph":[{"@type":"WebPage","@id":"https:\/\/hurhasmed.pl\/know-how\/opor-pneumatyczny\/","url":"https:\/\/hurhasmed.pl\/know-how\/opor-pneumatyczny\/","name":"Pneumatic resistance - HUR Polska","isPartOf":{"@id":"https:\/\/hurhasmed.pl\/#website"},"primaryImageOfPage":{"@id":"https:\/\/hurhasmed.pl\/know-how\/opor-pneumatyczny\/#primaryimage"},"image":{"@id":"https:\/\/hurhasmed.pl\/know-how\/opor-pneumatyczny\/#primaryimage"},"thumbnailUrl":"http:\/\/sd7.staattinen.fi\/sites\/www.hur.fi\/files\/teknologia\/naturaltransmissionmuscles.jpg","datePublished":"2016-04-11T19:20:15+00:00","dateModified":"2016-04-11T19:30:18+00:00","breadcrumb":{"@id":"https:\/\/hurhasmed.pl\/know-how\/opor-pneumatyczny\/#breadcrumb"},"inLanguage":"en-US","potentialAction":[{"@type":"ReadAction","target":["https:\/\/hurhasmed.pl\/know-how\/opor-pneumatyczny\/"]}]},{"@type":"ImageObject","inLanguage":"en-US","@id":"https:\/\/hurhasmed.pl\/know-how\/opor-pneumatyczny\/#primaryimage","url":"http:\/\/sd7.staattinen.fi\/sites\/www.hur.fi\/files\/teknologia\/naturaltransmissionmuscles.jpg","contentUrl":"http:\/\/sd7.staattinen.fi\/sites\/www.hur.fi\/files\/teknologia\/naturaltransmissionmuscles.jpg"},{"@type":"BreadcrumbList","@id":"https:\/\/hurhasmed.pl\/know-how\/opor-pneumatyczny\/#breadcrumb","itemListElement":[{"@type":"ListItem","position":1,"name":"Strona g\u0142\u00f3wna","item":"https:\/\/hurhasmed.pl\/en\/"},{"@type":"ListItem","position":2,"name":"KNOW-HOW","item":"https:\/\/hurhasmed.pl\/know-how\/"},{"@type":"ListItem","position":3,"name":"Pneumatic resistance"}]},{"@type":"WebSite","@id":"https:\/\/hurhasmed.pl\/#website","url":"https:\/\/hurhasmed.pl\/","name":"HUR Polska","description":"Si\u0142a na d\u0142ugie lata","potentialAction":[{"@type":"SearchAction","target":{"@type":"EntryPoint","urlTemplate":"https:\/\/hurhasmed.pl\/?s={search_term_string}"},"query-input":{"@type":"PropertyValueSpecification","valueRequired":true,"valueName":"search_term_string"}}],"inLanguage":"en-US"}]}},"_links":{"self":[{"href":"https:\/\/hurhasmed.pl\/en\/wp-json\/wp\/v2\/pages\/1729","targetHints":{"allow":["GET"]}}],"collection":[{"href":"https:\/\/hurhasmed.pl\/en\/wp-json\/wp\/v2\/pages"}],"about":[{"href":"https:\/\/hurhasmed.pl\/en\/wp-json\/wp\/v2\/types\/page"}],"author":[{"embeddable":true,"href":"https:\/\/hurhasmed.pl\/en\/wp-json\/wp\/v2\/users\/2"}],"replies":[{"embeddable":true,"href":"https:\/\/hurhasmed.pl\/en\/wp-json\/wp\/v2\/comments?post=1729"}],"version-history":[{"count":4,"href":"https:\/\/hurhasmed.pl\/en\/wp-json\/wp\/v2\/pages\/1729\/revisions"}],"predecessor-version":[{"id":1905,"href":"https:\/\/hurhasmed.pl\/en\/wp-json\/wp\/v2\/pages\/1729\/revisions\/1905"}],"up":[{"embeddable":true,"href":"https:\/\/hurhasmed.pl\/en\/wp-json\/wp\/v2\/pages\/1596"}],"wp:attachment":[{"href":"https:\/\/hurhasmed.pl\/en\/wp-json\/wp\/v2\/media?parent=1729"}],"curies":[{"name":"wp","href":"https:\/\/api.w.org\/{rel}","templated":true}]}}