{"id":1707,"date":"2016-04-11T21:20:14","date_gmt":"2016-04-11T19:20:14","guid":{"rendered":"https:\/\/hurhasmed.pl\/en\/?page_id=1707"},"modified":"2016-04-11T21:22:53","modified_gmt":"2016-04-11T19:22:53","slug":"rehabilitation","status":"publish","type":"page","link":"https:\/\/hurhasmed.pl\/en\/products-and-services\/services\/exercising-concepts\/rehabilitation\/","title":{"rendered":"Rehabilitation"},"content":{"rendered":"<p>[et_pb_section admin_label=&#8221;Sekcja&#8221; fullwidth=&#8221;off&#8221; specialty=&#8221;on&#8221;][et_pb_column type=&#8221;1_4&#8243;][et_pb_sidebar admin_label=&#8221;Panel boczny&#8221; orientation=&#8221;left&#8221; area=&#8221;et_pb_widget_area_10&#8243; background_layout=&#8221;light&#8221; remove_border=&#8221;off&#8221;] [\/et_pb_sidebar][\/et_pb_column][et_pb_column type=&#8221;3_4&#8243; specialty_columns=&#8221;3&#8243;][et_pb_row_inner admin_label=&#8221;Wiersz&#8221;][et_pb_column_inner type=&#8221;4_4&#8243; saved_specialty_column_type=&#8221;3_4&#8243;][et_pb_text admin_label=&#8221;Tekst&#8221; background_layout=&#8221;light&#8221; text_orientation=&#8221;left&#8221; use_border_color=&#8221;off&#8221; border_color=&#8221;#ffffff&#8221; border_style=&#8221;solid&#8221;]<\/p>\n<p>&nbsp;<\/p>\n<h1>REHABILITATION &#8211; WHEN YOU START AGAIN FROM THE BEGINNING&#8230;<\/h1>\n<p>&nbsp;<\/p>\n<p>[\/et_pb_text][\/et_pb_column_inner][\/et_pb_row_inner][et_pb_row_inner admin_label=&#8221;Wiersz&#8221;][et_pb_column_inner type=&#8221;4_4&#8243; saved_specialty_column_type=&#8221;3_4&#8243;][et_pb_image admin_label=&#8221;obraz rehabilitacja HUR&#8221; src=&#8221;https:\/\/hurhasmed.pl\/wp-content\/uploads\/2016\/03\/rehabilitacja-HUR.jpg&#8221; alt=&#8221;rehabilitacja HUR&#8221; title_text=&#8221;rehabilitacja HUR&#8221; show_in_lightbox=&#8221;off&#8221; url_new_window=&#8221;off&#8221; use_overlay=&#8221;off&#8221; animation=&#8221;left&#8221; sticky=&#8221;off&#8221; align=&#8221;left&#8221; force_fullwidth=&#8221;off&#8221; always_center_on_mobile=&#8221;on&#8221; use_border_color=&#8221;off&#8221; border_color=&#8221;#ffffff&#8221; border_style=&#8221;solid&#8221;] [\/et_pb_image][et_pb_text admin_label=&#8221;Tekst&#8221; background_layout=&#8221;light&#8221; text_orientation=&#8221;left&#8221; use_border_color=&#8221;off&#8221; border_color=&#8221;#ffffff&#8221; border_style=&#8221;solid&#8221;]<\/p>\n<p>&nbsp;<\/p>\n<p>Safe, versatile, university level developed equipment &#8211; together with the independent training and automated reporting made possible by\u00a0the\u00a0computerized systems HUR SmartTouchand\u00a0HUR SmartCard &#8211; <strong>HUR offers the top-notch solution for different types of rehabilitation<\/strong>. The equipment for rehabilitation in the HUR Premium\u00a0Line is\u00a0accredited as medical products, and are registered by The National Supervisory Authority for Welfare and Health.<\/p>\n<p>&nbsp;<\/p>\n<h3>TEST &#8211; TRAIN &#8211; FOLLOW-UP<\/h3>\n<p>The importance of\u00a0testing and measurability can of course not be stressed enough when it comes to rehabilitation.\u00a0HUR delivers high-quality\u00a0testing machines and functional packages, where tests are incorporated into machines that are in daily use.<\/p>\n<p>In this example we see our multi-functional\u00a0Pulley machine,\u00a0iBalance platform,\u00a0Monark bicycle ergometer\u00a0and\u00a0HUR Leg Extension\/Curl\u00a0machine with isometric test capabilities.<\/p>\n<p>With the HUR SmartTouch-system and the\u00a0HUR SmartCard-system, we have combined several functions for computerized human performance testing, training\u00a0and documentation, using state of the art training machines.<\/p>\n<h3>INCLUSIVE WELLNESS SOLUTIONS<\/h3>\n<p>In an inclusive wellness facility, it is easy to get on and off machines. The machines can be used safely and independently by as many different users as possible, regardless of ability, while in between machines there is ample room to maneuver with various mobility aids.<\/p>\n<p>HUR equipment is designed in accordance with current requirements for accessibility. The machines are designed to efficiently use space while offering impediment-free accessibility. \u00a0Our unique HUR Easy Access machines embody top-design and expand user options far more than more traditional solutions.<\/p>\n<h3>PHYSIOFITNESS &#8211; FROM PATIENT TO MEMBER<\/h3>\n<p>Clients at rehabilitation facilities will appreciate a quality and professional service and a gym equipped with safe and professional-grade machines. Following rehabilitation, many clients wish to continue training in a familiar and safe environment, where if needed help and individual guidance are readily available.<\/p>\n<p>HUR PhysioFitness is a model that in all equipment and spatial solutions takes into account not only normal rehabilitation functions but also allows for a broader use of the training locale. After rehabilitation, clients become loyal clients, which results in more satisfied clients and economic viability. With our computerized HUR SmartTouch machines and\u00a0HUR SmartCard machines, all additional services can be professionally and cost-effectively implemented with minor use of staff resources.<\/p>\n<h3>USE YOUR SPACE EFFECTIVELY<\/h3>\n<p>The advanced design of HUR machines allows a functional and versatile gym to fit into a smaller space. HUR machines are effective but small in size and can be placed adjacently to walls. Many of our machines are dual-function: for example, our knee extension-flexion or hip abduction-adduction machines.<\/p>\n<h3>LAYOUT AND PRODUCTS<\/h3>\n<p>For layout and product suggestions, and for customer references, please go toRehabilitation\/Medical.<\/p>\n<p>&nbsp;<\/p>\n<p>[\/et_pb_text][\/et_pb_column_inner][\/et_pb_row_inner][\/et_pb_column][\/et_pb_section][et_pb_section admin_label=&#8221;Sekcja&#8221; fullwidth=&#8221;off&#8221; specialty=&#8221;off&#8221; transparent_background=&#8221;off&#8221; allow_player_pause=&#8221;off&#8221; inner_shadow=&#8221;off&#8221; parallax=&#8221;off&#8221; parallax_method=&#8221;off&#8221; padding_mobile=&#8221;off&#8221; make_fullwidth=&#8221;off&#8221; use_custom_width=&#8221;off&#8221; width_unit=&#8221;on&#8221; make_equal=&#8221;off&#8221; use_custom_gutter=&#8221;off&#8221;][et_pb_row admin_label=&#8221;Wiersz&#8221;][et_pb_column type=&#8221;4_4&#8243;][et_pb_text admin_label=&#8221;HUR &#8211; FOR LIFELONG STRENGTH&#8221; background_layout=&#8221;light&#8221; text_orientation=&#8221;center&#8221; text_text_color=&#8221;#00a0df&#8221; use_border_color=&#8221;off&#8221; border_color=&#8221;#ffffff&#8221; border_style=&#8221;solid&#8221;]<\/p>\n<p>&nbsp;<\/p>\n<h1>HUR &#8211;\u00a0FOR LIFELONG STRENGTH<\/h1>\n<p>&nbsp;<\/p>\n<p>[\/et_pb_text][et_pb_image admin_label=&#8221;Obraz HUR &#8211; FOR LIFELONG STRENGTH&#8221; src=&#8221;https:\/\/hurhasmed.pl\/wp-content\/uploads\/2016\/01\/sekcja-z-nitka.jpg&#8221; show_in_lightbox=&#8221;off&#8221; url_new_window=&#8221;off&#8221; animation=&#8221;fade_in&#8221; sticky=&#8221;off&#8221; align=&#8221;center&#8221; force_fullwidth=&#8221;off&#8221; always_center_on_mobile=&#8221;on&#8221; use_border_color=&#8221;off&#8221; border_color=&#8221;#ffffff&#8221; border_style=&#8221;solid&#8221; use_overlay=&#8221;off&#8221;]<\/p>\n<p>&nbsp;<\/p>\n<p>[\/et_pb_image][\/et_pb_column][\/et_pb_row][\/et_pb_section]<\/p>\n","protected":false},"excerpt":{"rendered":"<p>&nbsp; REHABILITATION &#8211; WHEN YOU START AGAIN FROM THE BEGINNING&#8230; &nbsp; &nbsp; Safe, versatile, university level developed equipment &#8211; together with the independent training and automated reporting made possible by\u00a0the\u00a0computerized systems HUR SmartTouchand\u00a0HUR SmartCard &#8211; HUR offers the top-notch solution for different types of rehabilitation. The equipment for rehabilitation in the HUR Premium\u00a0Line is\u00a0accredited as [&hellip;]<\/p>\n","protected":false},"author":2,"featured_media":0,"parent":1703,"menu_order":0,"comment_status":"closed","ping_status":"closed","template":"","meta":{"_et_pb_use_builder":"on","_et_pb_old_content":"<p>[et_pb_section admin_label=\"Sekcja\" fullwidth=\"off\" specialty=\"on\"][et_pb_column type=\"1_4\"][et_pb_sidebar admin_label=\"Panel boczny\" orientation=\"left\" area=\"et_pb_widget_area_10\" background_layout=\"light\" remove_border=\"off\"]<\/p><p>[\/et_pb_sidebar][\/et_pb_column][et_pb_column type=\"3_4\" specialty_columns=\"3\"][et_pb_row_inner admin_label=\"Wiersz\"][et_pb_column_inner type=\"4_4\" saved_specialty_column_type=\"3_4\"][et_pb_text admin_label=\"Tekst\" background_layout=\"light\" text_orientation=\"left\" use_border_color=\"off\" border_color=\"#ffffff\" border_style=\"solid\"]<\/p><h1>REHABILITACJA<\/h1><h4>GDY ZACZYNASZ WSZYSTKO OD POCZ\u0104TKU...<\/h4><p>[\/et_pb_text][\/et_pb_column_inner][\/et_pb_row_inner][et_pb_row_inner admin_label=\"Wiersz\"][et_pb_column_inner type=\"4_4\" saved_specialty_column_type=\"3_4\"][et_pb_image admin_label=\"obraz rehabilitacja HUR\" src=\"https:\/\/hurhasmed.pl\/wp-content\/uploads\/2016\/03\/rehabilitacja-HUR.jpg\" alt=\"rehabilitacja HUR\" title_text=\"rehabilitacja HUR\" show_in_lightbox=\"off\" url_new_window=\"off\" use_overlay=\"off\" animation=\"left\" sticky=\"off\" align=\"left\" force_fullwidth=\"off\" always_center_on_mobile=\"on\" use_border_color=\"off\" border_color=\"#ffffff\" border_style=\"solid\"]<\/p><p>[\/et_pb_image][et_pb_text admin_label=\"Tekst\" background_layout=\"light\" text_orientation=\"left\" use_border_color=\"off\" border_color=\"#ffffff\" border_style=\"solid\"]<\/p><p>Firma Hur oferuje najdoskonalsze\u00a0rozwi\u0105zania treningowe w zakresie rehabilitacji os\u00f3b starszych:\u00a0bezpieczny, zaawansowany technologicznie sprz\u0119t treningowy, w po\u0142\u0105czeniu z automatycznym raportowaniem osi\u0105g\u00f3w mo\u017cliwym dzi\u0119ki w pe\u0142ni skomputeryzowanym\u00a0systemom <a href=\"https:\/\/hurhasmed.pl\/produkty-i-uslugi\/produkty\/hur-smart-touch\/\">SmartTouch<\/a> i <a href=\"https:\/\/hurhasmed.pl\/produkty-i-uslugi\/produkty\/hur-smart-card\/\">SmartCard<\/a>.<br \/> Sprz\u0119t rehabilitacyjny z <a href=\"https:\/\/hurhasmed.pl\/produkty-i-uslugi\/produkty\/sprzet-do-cwiczen-silowych\/linia-hur-premium\/\">linii HUR Premium<\/a> zosta\u0142 zarejestrowany w Stanach Zjednoczonych jako produkt\u00a0medyczny.<\/p><p>[\/et_pb_text][\/et_pb_column_inner][\/et_pb_row_inner][et_pb_row_inner admin_label=\"Wiersz\" disabled_on=\"off|off|off\" disabled=\"off\"][et_pb_column_inner type=\"4_4\" saved_specialty_column_type=\"3_4\"][et_pb_text admin_label=\"Tekst\" background_layout=\"light\" text_orientation=\"left\" use_border_color=\"off\" border_color=\"#ffffff\" border_style=\"solid\"]<\/p><h3>TESTY - PROGRAM - SYSTEMATYCZNY TRENING<\/h3><p>Gdy\u00a0chodzi o\u00a0aktywno\u015b\u0107 fizyczn\u0105 Senior\u00f3w nie mo\u017cemy zapomnie\u0107 o\u00a0wa\u017cnej kwestii test\u00f3w sprawno\u015bciowych.<em>\u00a0<\/em>HUR posiada w\u00a0ofercie wysokiej klasy urz\u0105dzenia do\u00a0przeprowadzania test\u00f3w sprawno\u015bciowych<i>. <\/i>Wi\u0119cej na\u00a0temat test\u00f3w w\u00a0sekcji\u00a0<a href=\"https:\/\/hurhasmed.pl\/produkty-i-uslugi\/produkty\/testy-sprawnosciowe\/\">Testy\u00a0Sprawno\u015bciowe<\/a>.<\/p><p>Funkcja test\u00f3w sprawno\u015bciowych i\u00a0dokumentowanie osi\u0105g\u00f3w zosta\u0142o po\u0142\u0105czone\u00a0za pomoc\u0105 system\u00f3w\u00a0<a href=\"https:\/\/hurhasmed.pl\/produkty-i-uslugi\/produkty\/hur-smart-touch\/\">SmartTouch<\/a> i\u00a0<a href=\"https:\/\/hurhasmed.pl\/produkty-i-uslugi\/produkty\/hur-smart-card\/\">SmartCard<\/a>. Dzi\u0119ki nim testy mog\u0105 by\u0107 przeprowadzane na\u00a0tych samych maszynach\u00a0co ca\u0142y trening.<\/p><p>\u00a0<\/p><h3>ROZWI\u0104ZANIA INTEGRACYJNE DLA\u00a0U\u017bYTKOWNIK\u00d3W O\u00a0R\u00d3\u017bNYM STOPNIU SPRAWNO\u015aCI<\/h3><p>Maszyny treningowe\u00a0HUR stworzone s\u0105 r\u00f3wnie\u017c z\u00a0my\u015bl\u0105 o u\u017cytkownikach z niepe\u0142nosprawno\u015bci\u0105\u00a0i\u00a0mog\u0105 by\u0107 przez nich bezpiecznie u\u017cytkowane.\u00a0Schodzenie i wchodzenie na maszyny jest u\u0142atwione.\u00a0Mi\u0119dzy maszynami pozostawiono wystarczaj\u0105c\u0105 ilo\u015b\u0107 miejsca do manewrowania w\u00f3zkiem inwalidzkim czy kulami.<\/p><p>Linia urz\u0105dze\u0144 HUR Premium spe\u0142nia wymogi wsp\u00f3\u0142czesnej ergonomii. Maszyny s\u0105 zaprojektowane tak, aby zajmowa\u0107 jak najmniej miejsca a\u00a0jednocze\u015bnie by\u0107 \u0142atwo dost\u0119pnymi i\u00a0wygodnymi dla u\u017cytkownika.<br \/> Nasze innowacyjne urz\u0105dzenia\u00a0z linii maszyn U\u0142atwionego Dost\u0119pu (Easy Access Machines) oferuj\u0105 zaawansowane opcje dla u\u017cytkownik\u00f3w o\u00a0ograniczonej sprawno\u015bci.\u00a0Uciele\u015bniaj\u0105 one najnowsz\u0105 my\u015bl technologiczn\u0105 w\u00a0dziedzinie rehabilitacji os\u00f3b starszych, nie pomijaj\u0105c przy tym kwestii\u00a0estetyki i\u00a0designu.<\/p><p>\u00a0<\/p><h3>FIZJOFITNESS\u00a0-\u00a0OD PACJENTA DO CZ\u0141ONKA KLUBU<\/h3><p>Dla pacjent\u00f3w poddaj\u0105cych si\u0119 rehabilitacji wa\u017cnym elementem procesu jest znalezienie zaufanego miejsca z profesjonaln\u0105 obs\u0142ug\u0105 i najnowocze\u015bniejszym sprz\u0119tem, gdzie b\u0119d\u0105 mogli bezpiecznie i efektywnie\u00a0trenowa\u0107.\u00a0Po sko\u0144czonej rehabilitacji wiele os\u00f3b ch\u0119tnie kontynuowa\u0142oby trening w przyjaznych warunkach i pod fachowym okiem trenera.<\/p><p>FIZJOFITNESS to najnowocze\u015bniejszy model treningu, kt\u00f3ry nie ogranicza si\u0119 wy\u0142\u0105cznie do rehabilitacji ale z czasem rozszerza swoj\u0105 funkcj\u0119 i jest kontynuowany\u00a0na nowych, og\u00f3lnorozwojowych\u00a0zasadach. \u00a0Jest to mo\u017cliwe dzi\u0119ki zastosowaniu najnowocze\u015bniejszego\u00a0sprz\u0119tu o szerokim spektrum zastosowa\u0144.\u00a0Po zako\u0144czonej rehabilitacji pacjenci staj\u0105 si\u0119 lojalnymi cz\u0142onkami si\u0142owni, co skutkuje zwi\u0119kszon\u0105 liczb\u0105 zadowolonych klient\u00f3w i przek\u0142ada si\u0119 na op\u0142acalno\u015b\u0107 ekonomiczn\u0105.\u00a0Dzi\u0119ki maszynom wyposa\u017conym w zautomatyzowane rozwi\u0105zania <a href=\"https:\/\/hurhasmed.pl\/produkty-i-uslugi\/produkty\/hur-smart-touch\/\">SmartTouch<\/a> i <a href=\"https:\/\/hurhasmed.pl\/produkty-i-uslugi\/produkty\/hur-smart-card\/\">SmartCard<\/a>\u00a0plan treningowy mo\u017ce by\u0107 systematycznie rozszerzany\u00a0przy mniejszym wykorzystaniu zasob\u00f3w ludzkich.<\/p><p>\u00a0<\/p><h3>EFEKTYWNE WYKORZYSTANIE PRZESTRZENI<\/h3><p>Nowoczesne wzornictwo urz\u0105dze\u0144 HUR pozwala zagospodarowa\u0107 nawet najmniejsze przestrzenie na wielofunkcyjne si\u0142ownie. Maszyny zajmuj\u0105 niewiele miejsca i mog\u0105 by\u0107 ustawione bezpo\u015brednio przy \u015bcianach. W ofercie dost\u0119pnych jest r\u00f3wnie\u017c wiele maszyn dwufunkcyjnych, kt\u00f3re dodatkowo oszcz\u0119dzaj\u0105 miejsce,\u00a0np maszyna do \u0107wicze\u0144 mi\u0119\u015bni przywodz\u0105cych i odwodz\u0105cych uda czy maszyna do biernego zginania i wyprostu stawu kolanowego.\u00a0<em><br \/> <\/em><\/p><p>[\/et_pb_text][\/et_pb_column_inner][\/et_pb_row_inner][\/et_pb_column][\/et_pb_section][et_pb_section admin_label=\"Sekcja\" fullwidth=\"off\" specialty=\"off\" transparent_background=\"off\" allow_player_pause=\"off\" inner_shadow=\"off\" parallax=\"off\" parallax_method=\"off\" padding_mobile=\"off\" make_fullwidth=\"off\" use_custom_width=\"off\" width_unit=\"on\" make_equal=\"off\" use_custom_gutter=\"off\" gutter_width=\"3\"][et_pb_row admin_label=\"Wiersz\"][et_pb_column type=\"4_4\"][et_pb_text admin_label=\"Tekst\" background_layout=\"light\" text_orientation=\"center\" text_font_size=\"14\" text_text_color=\"#00a0df\" use_border_color=\"off\" border_color=\"#ffffff\" border_style=\"solid\"]<\/p><h1>HUR - SI\u0141A NA D\u0141UGIE LATA<\/h1><p>[\/et_pb_text][et_pb_image admin_label=\"Obraz\" src=\"https:\/\/hurhasmed.pl\/wp-content\/uploads\/2016\/01\/sekcja-z-nitka.jpg\" show_in_lightbox=\"off\" url_new_window=\"off\" animation=\"fade_in\" sticky=\"off\" align=\"center\" force_fullwidth=\"off\" always_center_on_mobile=\"on\" use_border_color=\"off\" border_color=\"#ffffff\" border_style=\"solid\"]<\/p><p>[\/et_pb_image][\/et_pb_column][\/et_pb_row][\/et_pb_section]<\/p>","_et_gb_content_width":"","footnotes":""},"class_list":["post-1707","page","type-page","status-publish","hentry"],"yoast_head":"<!-- This site is optimized with the Yoast SEO plugin v26.8 - https:\/\/yoast.com\/product\/yoast-seo-wordpress\/ -->\n<title>Rehabilitation - HUR Polska<\/title>\n<meta name=\"robots\" content=\"index, follow, max-snippet:-1, max-image-preview:large, max-video-preview:-1\" \/>\n<link rel=\"canonical\" href=\"https:\/\/hurhasmed.pl\/produkty-i-uslugi\/uslugi\/koncepcje-treningowe\/rehabilitacja\/\" \/>\n<meta property=\"og:locale\" content=\"en_US\" \/>\n<meta property=\"og:type\" content=\"article\" \/>\n<meta property=\"og:title\" content=\"Rehabilitation - HUR Polska\" \/>\n<meta property=\"og:description\" content=\"&nbsp; REHABILITATION - WHEN YOU START AGAIN FROM THE BEGINNING... &nbsp; &nbsp; Safe, versatile, university level developed equipment - together with the independent training and automated reporting made possible by\u00a0the\u00a0computerized systems HUR SmartTouchand\u00a0HUR SmartCard - HUR offers the top-notch solution for different types of rehabilitation. The equipment for rehabilitation in the HUR Premium\u00a0Line is\u00a0accredited as [&hellip;]\" \/>\n<meta property=\"og:url\" content=\"https:\/\/hurhasmed.pl\/produkty-i-uslugi\/uslugi\/koncepcje-treningowe\/rehabilitacja\/\" \/>\n<meta property=\"og:site_name\" content=\"HUR Polska\" \/>\n<meta property=\"article:modified_time\" content=\"2016-04-11T19:22:53+00:00\" \/>\n<meta name=\"twitter:card\" content=\"summary_large_image\" \/>\n<meta name=\"twitter:label1\" content=\"Est. reading time\" \/>\n\t<meta name=\"twitter:data1\" content=\"4 minutes\" \/>\n<script type=\"application\/ld+json\" class=\"yoast-schema-graph\">{\"@context\":\"https:\/\/schema.org\",\"@graph\":[{\"@type\":\"WebPage\",\"@id\":\"https:\/\/hurhasmed.pl\/produkty-i-uslugi\/uslugi\/koncepcje-treningowe\/rehabilitacja\/\",\"url\":\"https:\/\/hurhasmed.pl\/produkty-i-uslugi\/uslugi\/koncepcje-treningowe\/rehabilitacja\/\",\"name\":\"Rehabilitation - HUR Polska\",\"isPartOf\":{\"@id\":\"https:\/\/hurhasmed.pl\/#website\"},\"datePublished\":\"2016-04-11T19:20:14+00:00\",\"dateModified\":\"2016-04-11T19:22:53+00:00\",\"breadcrumb\":{\"@id\":\"https:\/\/hurhasmed.pl\/produkty-i-uslugi\/uslugi\/koncepcje-treningowe\/rehabilitacja\/#breadcrumb\"},\"inLanguage\":\"en-US\",\"potentialAction\":[{\"@type\":\"ReadAction\",\"target\":[\"https:\/\/hurhasmed.pl\/produkty-i-uslugi\/uslugi\/koncepcje-treningowe\/rehabilitacja\/\"]}]},{\"@type\":\"BreadcrumbList\",\"@id\":\"https:\/\/hurhasmed.pl\/produkty-i-uslugi\/uslugi\/koncepcje-treningowe\/rehabilitacja\/#breadcrumb\",\"itemListElement\":[{\"@type\":\"ListItem\",\"position\":1,\"name\":\"Strona g\u0142\u00f3wna\",\"item\":\"https:\/\/hurhasmed.pl\/en\/\"},{\"@type\":\"ListItem\",\"position\":2,\"name\":\"PRODUCTS AND SERVICES\",\"item\":\"https:\/\/hurhasmed.pl\/en\/products-and-services\/\"},{\"@type\":\"ListItem\",\"position\":3,\"name\":\"SERVICES\",\"item\":\"https:\/\/hurhasmed.pl\/en\/products-and-services\/services\/\"},{\"@type\":\"ListItem\",\"position\":4,\"name\":\"Exercising Concepts\",\"item\":\"https:\/\/hurhasmed.pl\/en\/products-and-services\/services\/exercising-concepts\/\"},{\"@type\":\"ListItem\",\"position\":5,\"name\":\"Rehabilitation\"}]},{\"@type\":\"WebSite\",\"@id\":\"https:\/\/hurhasmed.pl\/#website\",\"url\":\"https:\/\/hurhasmed.pl\/\",\"name\":\"HUR Polska\",\"description\":\"Si\u0142a na d\u0142ugie lata\",\"potentialAction\":[{\"@type\":\"SearchAction\",\"target\":{\"@type\":\"EntryPoint\",\"urlTemplate\":\"https:\/\/hurhasmed.pl\/?s={search_term_string}\"},\"query-input\":{\"@type\":\"PropertyValueSpecification\",\"valueRequired\":true,\"valueName\":\"search_term_string\"}}],\"inLanguage\":\"en-US\"}]}<\/script>\n<!-- \/ Yoast SEO plugin. -->","yoast_head_json":{"title":"Rehabilitation - HUR Polska","robots":{"index":"index","follow":"follow","max-snippet":"max-snippet:-1","max-image-preview":"max-image-preview:large","max-video-preview":"max-video-preview:-1"},"canonical":"https:\/\/hurhasmed.pl\/produkty-i-uslugi\/uslugi\/koncepcje-treningowe\/rehabilitacja\/","og_locale":"en_US","og_type":"article","og_title":"Rehabilitation - HUR Polska","og_description":"&nbsp; REHABILITATION - WHEN YOU START AGAIN FROM THE BEGINNING... &nbsp; &nbsp; Safe, versatile, university level developed equipment - together with the independent training and automated reporting made possible by\u00a0the\u00a0computerized systems HUR SmartTouchand\u00a0HUR SmartCard - HUR offers the top-notch solution for different types of rehabilitation. The equipment for rehabilitation in the HUR Premium\u00a0Line is\u00a0accredited as [&hellip;]","og_url":"https:\/\/hurhasmed.pl\/produkty-i-uslugi\/uslugi\/koncepcje-treningowe\/rehabilitacja\/","og_site_name":"HUR Polska","article_modified_time":"2016-04-11T19:22:53+00:00","twitter_card":"summary_large_image","twitter_misc":{"Est. reading time":"4 minutes"},"schema":{"@context":"https:\/\/schema.org","@graph":[{"@type":"WebPage","@id":"https:\/\/hurhasmed.pl\/produkty-i-uslugi\/uslugi\/koncepcje-treningowe\/rehabilitacja\/","url":"https:\/\/hurhasmed.pl\/produkty-i-uslugi\/uslugi\/koncepcje-treningowe\/rehabilitacja\/","name":"Rehabilitation - HUR Polska","isPartOf":{"@id":"https:\/\/hurhasmed.pl\/#website"},"datePublished":"2016-04-11T19:20:14+00:00","dateModified":"2016-04-11T19:22:53+00:00","breadcrumb":{"@id":"https:\/\/hurhasmed.pl\/produkty-i-uslugi\/uslugi\/koncepcje-treningowe\/rehabilitacja\/#breadcrumb"},"inLanguage":"en-US","potentialAction":[{"@type":"ReadAction","target":["https:\/\/hurhasmed.pl\/produkty-i-uslugi\/uslugi\/koncepcje-treningowe\/rehabilitacja\/"]}]},{"@type":"BreadcrumbList","@id":"https:\/\/hurhasmed.pl\/produkty-i-uslugi\/uslugi\/koncepcje-treningowe\/rehabilitacja\/#breadcrumb","itemListElement":[{"@type":"ListItem","position":1,"name":"Strona g\u0142\u00f3wna","item":"https:\/\/hurhasmed.pl\/en\/"},{"@type":"ListItem","position":2,"name":"PRODUCTS AND SERVICES","item":"https:\/\/hurhasmed.pl\/en\/products-and-services\/"},{"@type":"ListItem","position":3,"name":"SERVICES","item":"https:\/\/hurhasmed.pl\/en\/products-and-services\/services\/"},{"@type":"ListItem","position":4,"name":"Exercising Concepts","item":"https:\/\/hurhasmed.pl\/en\/products-and-services\/services\/exercising-concepts\/"},{"@type":"ListItem","position":5,"name":"Rehabilitation"}]},{"@type":"WebSite","@id":"https:\/\/hurhasmed.pl\/#website","url":"https:\/\/hurhasmed.pl\/","name":"HUR Polska","description":"Si\u0142a na d\u0142ugie lata","potentialAction":[{"@type":"SearchAction","target":{"@type":"EntryPoint","urlTemplate":"https:\/\/hurhasmed.pl\/?s={search_term_string}"},"query-input":{"@type":"PropertyValueSpecification","valueRequired":true,"valueName":"search_term_string"}}],"inLanguage":"en-US"}]}},"_links":{"self":[{"href":"https:\/\/hurhasmed.pl\/en\/wp-json\/wp\/v2\/pages\/1707","targetHints":{"allow":["GET"]}}],"collection":[{"href":"https:\/\/hurhasmed.pl\/en\/wp-json\/wp\/v2\/pages"}],"about":[{"href":"https:\/\/hurhasmed.pl\/en\/wp-json\/wp\/v2\/types\/page"}],"author":[{"embeddable":true,"href":"https:\/\/hurhasmed.pl\/en\/wp-json\/wp\/v2\/users\/2"}],"replies":[{"embeddable":true,"href":"https:\/\/hurhasmed.pl\/en\/wp-json\/wp\/v2\/comments?post=1707"}],"version-history":[{"count":1,"href":"https:\/\/hurhasmed.pl\/en\/wp-json\/wp\/v2\/pages\/1707\/revisions"}],"predecessor-version":[{"id":1708,"href":"https:\/\/hurhasmed.pl\/en\/wp-json\/wp\/v2\/pages\/1707\/revisions\/1708"}],"up":[{"embeddable":true,"href":"https:\/\/hurhasmed.pl\/en\/wp-json\/wp\/v2\/pages\/1703"}],"wp:attachment":[{"href":"https:\/\/hurhasmed.pl\/en\/wp-json\/wp\/v2\/media?parent=1707"}],"curies":[{"name":"wp","href":"https:\/\/api.w.org\/{rel}","templated":true}]}}