{"id":1686,"date":"2016-04-11T16:07:15","date_gmt":"2016-04-11T14:07:15","guid":{"rendered":"https:\/\/hurhasmed.pl\/en\/?page_id=1686"},"modified":"2016-04-11T21:16:45","modified_gmt":"2016-04-11T19:16:45","slug":"products-and-services","status":"publish","type":"page","link":"https:\/\/hurhasmed.pl\/en\/products-and-services\/","title":{"rendered":"PRODUCTS AND SERVICES"},"content":{"rendered":"<p>[et_pb_section admin_label=&#8221;Sekcja&#8221; fullwidth=&#8221;off&#8221; specialty=&#8221;on&#8221;][et_pb_column type=&#8221;1_4&#8243;][et_pb_sidebar admin_label=&#8221;Panel boczny&#8221; orientation=&#8221;left&#8221; area=&#8221;et_pb_widget_area_11&#8243; background_layout=&#8221;light&#8221; remove_border=&#8221;off&#8221;] [\/et_pb_sidebar][\/et_pb_column][et_pb_column type=&#8221;3_4&#8243; specialty_columns=&#8221;3&#8243;][et_pb_row_inner admin_label=&#8221;Wiersz&#8221;][et_pb_column_inner type=&#8221;4_4&#8243; saved_specialty_column_type=&#8221;3_4&#8243;][et_pb_text admin_label=&#8221;Tekst&#8221; background_layout=&#8221;light&#8221; text_orientation=&#8221;left&#8221; use_border_color=&#8221;off&#8221; border_color=&#8221;#ffffff&#8221; border_style=&#8221;solid&#8221;]<\/p>\n<p>&nbsp;<\/p>\n<p>From exercising concepts for senior exercise and rehabilitation to facility layout design and financing. An integral part of our business consists of high-quality customer service and additional service packages.<\/p>\n<p>[\/et_pb_text][\/et_pb_column_inner][\/et_pb_row_inner][et_pb_row_inner admin_label=&#8221;Wiersz&#8221;][et_pb_column_inner type=&#8221;1_2&#8243; saved_specialty_column_type=&#8221;3_4&#8243;][et_pb_text admin_label=&#8221;Tekst&#8221; background_layout=&#8221;light&#8221; text_orientation=&#8221;left&#8221; use_border_color=&#8221;off&#8221; border_color=&#8221;#ffffff&#8221; border_style=&#8221;solid&#8221;]<\/p>\n<p>&nbsp;<\/p>\n<h1 style=\"text-align: center;\">PRODUCTS<\/h1>\n<h1 style=\"text-align: center;\"><a href=\"https:\/\/hurhasmed.pl\/produkty-i-uslugi\/produkty\/\"><img decoding=\"async\" class=\"aligncenter wp-image-1300 size-full\" title=\"maszyna treningowa HUR 3530\" src=\"https:\/\/hurhasmed.pl\/wp-content\/uploads\/2016\/01\/3530-fcm-leg-extension-curl.jpg\" alt=\"maszyna treningowa HUR 3530\" width=\"400\" height=\"400\" srcset=\"https:\/\/hurhasmed.pl\/wp-content\/uploads\/2016\/01\/3530-fcm-leg-extension-curl.jpg 400w, https:\/\/hurhasmed.pl\/wp-content\/uploads\/2016\/01\/3530-fcm-leg-extension-curl-150x150.jpg 150w, https:\/\/hurhasmed.pl\/wp-content\/uploads\/2016\/01\/3530-fcm-leg-extension-curl-300x300.jpg 300w\" sizes=\"(max-width: 400px) 100vw, 400px\" \/><\/a><\/h1>\n<p>&nbsp;<\/p>\n<p>[\/et_pb_text][\/et_pb_column_inner][et_pb_column_inner type=&#8221;1_2&#8243; saved_specialty_column_type=&#8221;3_4&#8243;][et_pb_text admin_label=&#8221;Tekst&#8221; background_layout=&#8221;light&#8221; text_orientation=&#8221;left&#8221; use_border_color=&#8221;off&#8221; border_color=&#8221;#ffffff&#8221; border_style=&#8221;solid&#8221;]<\/p>\n<p>&nbsp;<\/p>\n<h1 style=\"text-align: center;\">SERVICES<\/h1>\n<p>&nbsp;<\/p>\n<p><a href=\"https:\/\/hurhasmed.pl\/produkty-i-uslugi\/uslugi\/\"><img decoding=\"async\" class=\"aligncenter wp-image-266\" title=\"ekran dotykowy smarttouch HUR\" src=\"https:\/\/hurhasmed.pl\/wp-content\/uploads\/2016\/01\/smartcard_display.jpg\" alt=\"ekran dotykowy smarttouch HUR\" width=\"390\" height=\"344\" srcset=\"https:\/\/hurhasmed.pl\/wp-content\/uploads\/2016\/01\/smartcard_display.jpg 608w, https:\/\/hurhasmed.pl\/wp-content\/uploads\/2016\/01\/smartcard_display-300x264.jpg 300w\" sizes=\"(max-width: 390px) 100vw, 390px\" \/><\/a><\/p>\n<p>&nbsp;<\/p>\n<p>[\/et_pb_text][\/et_pb_column_inner][\/et_pb_row_inner][\/et_pb_column][\/et_pb_section][et_pb_section admin_label=&#8221;Sekcja&#8221; fullwidth=&#8221;off&#8221; specialty=&#8221;off&#8221; transparent_background=&#8221;off&#8221; allow_player_pause=&#8221;off&#8221; inner_shadow=&#8221;off&#8221; parallax=&#8221;off&#8221; parallax_method=&#8221;off&#8221; padding_mobile=&#8221;off&#8221; make_fullwidth=&#8221;off&#8221; use_custom_width=&#8221;off&#8221; width_unit=&#8221;on&#8221; make_equal=&#8221;off&#8221; use_custom_gutter=&#8221;off&#8221;][et_pb_row admin_label=&#8221;Wiersz&#8221;][et_pb_column type=&#8221;4_4&#8243;][et_pb_text admin_label=&#8221;HUR &#8211; FOR LIFELONG STRENGTH&#8221; background_layout=&#8221;light&#8221; text_orientation=&#8221;center&#8221; text_text_color=&#8221;#00a0df&#8221; use_border_color=&#8221;off&#8221; border_color=&#8221;#ffffff&#8221; border_style=&#8221;solid&#8221;]<\/p>\n<p>&nbsp;<\/p>\n<h1>HUR &#8211;\u00a0FOR LIFELONG STRENGTH<\/h1>\n<p>&nbsp;<\/p>\n<p>[\/et_pb_text][et_pb_image admin_label=&#8221;Obraz HUR &#8211; FOR LIFELONG STRENGTH&#8221; src=&#8221;https:\/\/hurhasmed.pl\/wp-content\/uploads\/2016\/01\/sekcja-z-nitka.jpg&#8221; show_in_lightbox=&#8221;off&#8221; url_new_window=&#8221;off&#8221; animation=&#8221;fade_in&#8221; sticky=&#8221;off&#8221; align=&#8221;center&#8221; force_fullwidth=&#8221;off&#8221; always_center_on_mobile=&#8221;on&#8221; use_border_color=&#8221;off&#8221; border_color=&#8221;#ffffff&#8221; border_style=&#8221;solid&#8221; use_overlay=&#8221;off&#8221;]<\/p>\n<p>&nbsp;<\/p>\n<p>[\/et_pb_image][\/et_pb_column][\/et_pb_row][\/et_pb_section]<\/p>\n","protected":false},"excerpt":{"rendered":"<p>&nbsp; From exercising concepts for senior exercise and rehabilitation to facility layout design and financing. An integral part of our business consists of high-quality customer service and additional service packages. &nbsp; PRODUCTS &nbsp; &nbsp; SERVICES &nbsp; &nbsp; &nbsp; HUR &#8211;\u00a0FOR LIFELONG STRENGTH &nbsp; &nbsp;<\/p>\n","protected":false},"author":2,"featured_media":0,"parent":0,"menu_order":2,"comment_status":"closed","ping_status":"closed","template":"","meta":{"_et_pb_use_builder":"on","_et_pb_old_content":"<p>[et_pb_section admin_label=\"Sekcja\" fullwidth=\"off\" specialty=\"on\"][et_pb_column type=\"1_4\"][et_pb_sidebar admin_label=\"Panel boczny\" orientation=\"left\" area=\"et_pb_widget_area_11\" background_layout=\"light\" remove_border=\"off\"]<\/p><p>[\/et_pb_sidebar][\/et_pb_column][et_pb_column type=\"3_4\" specialty_columns=\"3\"][et_pb_row_inner admin_label=\"Wiersz\"][et_pb_column_inner type=\"4_4\" saved_specialty_column_type=\"3_4\"][et_pb_text admin_label=\"Tekst\" background_layout=\"light\" text_orientation=\"left\" use_border_color=\"off\" border_color=\"#ffffff\" border_style=\"solid\"]<\/p><p>Trening si\u0142owy powinien by\u0107 podstaw\u0105 aktywno\u015bci fizycznej dla os\u00f3b w wieku 65+.<br \/> Linia HUR Premium \u2013 to najbardziej zaawansowany zestaw produkt\u00f3w tej firmy, reprezentuj\u0105cy \u015bwiatow\u0105 klas\u0119 urz\u0105dze\u0144 do cel\u00f3w rehabilitacji os\u00f3b starszych.<\/p><p>Sprz\u0119t z linii HUR Premium zosta\u0142 zarejestrowany w Stanach Zjednoczonych jako produkt medyczny.!<\/p><p>[\/et_pb_text][\/et_pb_column_inner][\/et_pb_row_inner][et_pb_row_inner admin_label=\"Wiersz\"][et_pb_column_inner type=\"1_2\" saved_specialty_column_type=\"3_4\"][et_pb_text admin_label=\"Tekst\" background_layout=\"light\" text_orientation=\"left\" use_border_color=\"off\" border_color=\"#ffffff\" border_style=\"solid\"]<\/p><h1 style=\"text-align: center;\">\u00a0<a href=\"https:\/\/hurhasmed.pl\/produkty-i-uslugi\/produkty\/\">PRODUKTY HUR<\/a><\/h1><h1 style=\"text-align: center;\"><a href=\"https:\/\/hurhasmed.pl\/produkty-i-uslugi\/produkty\/\"><img class=\"aligncenter wp-image-1300 size-full\" title=\"maszyna treningowa HUR 3530\" src=\"https:\/\/hurhasmed.pl\/wp-content\/uploads\/2016\/01\/3530-fcm-leg-extension-curl.jpg\" alt=\"maszyna treningowa HUR 3530\" width=\"400\" height=\"400\" \/><\/a><\/h1><p>[\/et_pb_text][\/et_pb_column_inner][et_pb_column_inner type=\"1_2\" saved_specialty_column_type=\"3_4\"][et_pb_text admin_label=\"Tekst\" background_layout=\"light\" text_orientation=\"left\" use_border_color=\"off\" border_color=\"#ffffff\" border_style=\"solid\"]<\/p><h1 style=\"text-align: center;\"><a href=\"https:\/\/hurhasmed.pl\/produkty-i-uslugi\/uslugi\/\">US\u0141UGI HUR<\/a><\/h1><p>\u00a0<\/p><p><a href=\"https:\/\/hurhasmed.pl\/produkty-i-uslugi\/uslugi\/\"><img class=\"aligncenter wp-image-266\" title=\"ekran dotykowy smarttouch HUR\" src=\"https:\/\/hurhasmed.pl\/wp-content\/uploads\/2016\/01\/smartcard_display.jpg\" alt=\"ekran dotykowy smarttouch HUR\" width=\"390\" height=\"344\" \/><\/a><\/p><p>[\/et_pb_text][\/et_pb_column_inner][\/et_pb_row_inner][\/et_pb_column][\/et_pb_section][et_pb_section admin_label=\"Sekcja\" fullwidth=\"off\" specialty=\"off\" transparent_background=\"off\" allow_player_pause=\"off\" inner_shadow=\"off\" parallax=\"off\" parallax_method=\"off\" padding_mobile=\"off\" make_fullwidth=\"off\" use_custom_width=\"off\" width_unit=\"on\" make_equal=\"off\" use_custom_gutter=\"off\" gutter_width=\"3\"][et_pb_row admin_label=\"Wiersz\"][et_pb_column type=\"4_4\"][et_pb_text admin_label=\"Tekst\" background_layout=\"light\" text_orientation=\"center\" text_font_size=\"14\" text_text_color=\"#00a0df\" use_border_color=\"off\" border_color=\"#ffffff\" border_style=\"solid\"]<\/p><h1>HUR - SI\u0141A NA D\u0141UGIE LATA<\/h1><p>[\/et_pb_text][et_pb_image admin_label=\"Obraz\" src=\"https:\/\/hurhasmed.pl\/wp-content\/uploads\/2016\/01\/sekcja-z-nitka.jpg\" show_in_lightbox=\"off\" url_new_window=\"off\" animation=\"fade_in\" sticky=\"off\" align=\"center\" force_fullwidth=\"off\" always_center_on_mobile=\"on\" use_border_color=\"off\" border_color=\"#ffffff\" border_style=\"solid\"]<\/p><p>[\/et_pb_image][\/et_pb_column][\/et_pb_row][\/et_pb_section]<\/p>","_et_gb_content_width":"","footnotes":""},"class_list":["post-1686","page","type-page","status-publish","hentry"],"yoast_head":"<!-- This site is optimized with the Yoast SEO plugin v27.5 - https:\/\/yoast.com\/product\/yoast-seo-wordpress\/ -->\n<title>PRODUCTS AND SERVICES - HUR Polska<\/title>\n<meta name=\"robots\" content=\"noindex, nofollow\" \/>\n<meta property=\"og:locale\" content=\"en_US\" \/>\n<meta property=\"og:type\" content=\"article\" \/>\n<meta property=\"og:title\" content=\"PRODUCTS AND SERVICES - HUR Polska\" \/>\n<meta property=\"og:description\" content=\"&nbsp; From exercising concepts for senior exercise and rehabilitation to facility layout design and financing. An integral part of our business consists of high-quality customer service and additional service packages. &nbsp; PRODUCTS &nbsp; &nbsp; SERVICES &nbsp; &nbsp; &nbsp; HUR -\u00a0FOR LIFELONG STRENGTH &nbsp; &nbsp;\" \/>\n<meta property=\"og:url\" content=\"https:\/\/hurhasmed.pl\/en\/products-and-services\/\" \/>\n<meta property=\"og:site_name\" content=\"HUR Polska\" \/>\n<meta property=\"article:modified_time\" content=\"2016-04-11T19:16:45+00:00\" \/>\n<meta property=\"og:image\" content=\"https:\/\/hurhasmed.pl\/wp-content\/uploads\/2016\/01\/3530-fcm-leg-extension-curl.jpg\" \/>\n<meta name=\"twitter:card\" content=\"summary_large_image\" \/>\n<meta name=\"twitter:label1\" content=\"Est. reading time\" \/>\n\t<meta name=\"twitter:data1\" content=\"2 minutes\" \/>\n<script type=\"application\/ld+json\" class=\"yoast-schema-graph\">{\"@context\":\"https:\\\/\\\/schema.org\",\"@graph\":[{\"@type\":\"WebPage\",\"@id\":\"https:\\\/\\\/hurhasmed.pl\\\/en\\\/products-and-services\\\/\",\"url\":\"https:\\\/\\\/hurhasmed.pl\\\/en\\\/products-and-services\\\/\",\"name\":\"PRODUCTS AND SERVICES - HUR Polska\",\"isPartOf\":{\"@id\":\"https:\\\/\\\/hurhasmed.pl\\\/#website\"},\"primaryImageOfPage\":{\"@id\":\"https:\\\/\\\/hurhasmed.pl\\\/en\\\/products-and-services\\\/#primaryimage\"},\"image\":{\"@id\":\"https:\\\/\\\/hurhasmed.pl\\\/en\\\/products-and-services\\\/#primaryimage\"},\"thumbnailUrl\":\"https:\\\/\\\/hurhasmed.pl\\\/wp-content\\\/uploads\\\/2016\\\/01\\\/3530-fcm-leg-extension-curl.jpg\",\"datePublished\":\"2016-04-11T14:07:15+00:00\",\"dateModified\":\"2016-04-11T19:16:45+00:00\",\"breadcrumb\":{\"@id\":\"https:\\\/\\\/hurhasmed.pl\\\/en\\\/products-and-services\\\/#breadcrumb\"},\"inLanguage\":\"en-US\",\"potentialAction\":[{\"@type\":\"ReadAction\",\"target\":[\"https:\\\/\\\/hurhasmed.pl\\\/en\\\/products-and-services\\\/\"]}]},{\"@type\":\"ImageObject\",\"inLanguage\":\"en-US\",\"@id\":\"https:\\\/\\\/hurhasmed.pl\\\/en\\\/products-and-services\\\/#primaryimage\",\"url\":\"https:\\\/\\\/hurhasmed.pl\\\/wp-content\\\/uploads\\\/2016\\\/01\\\/3530-fcm-leg-extension-curl.jpg\",\"contentUrl\":\"https:\\\/\\\/hurhasmed.pl\\\/wp-content\\\/uploads\\\/2016\\\/01\\\/3530-fcm-leg-extension-curl.jpg\"},{\"@type\":\"BreadcrumbList\",\"@id\":\"https:\\\/\\\/hurhasmed.pl\\\/en\\\/products-and-services\\\/#breadcrumb\",\"itemListElement\":[{\"@type\":\"ListItem\",\"position\":1,\"name\":\"Strona g\u0142\u00f3wna\",\"item\":\"https:\\\/\\\/hurhasmed.pl\\\/en\\\/\"},{\"@type\":\"ListItem\",\"position\":2,\"name\":\"PRODUCTS AND SERVICES\"}]},{\"@type\":\"WebSite\",\"@id\":\"https:\\\/\\\/hurhasmed.pl\\\/#website\",\"url\":\"https:\\\/\\\/hurhasmed.pl\\\/\",\"name\":\"HUR Polska\",\"description\":\"Si\u0142a na d\u0142ugie lata\",\"potentialAction\":[{\"@type\":\"SearchAction\",\"target\":{\"@type\":\"EntryPoint\",\"urlTemplate\":\"https:\\\/\\\/hurhasmed.pl\\\/?s={search_term_string}\"},\"query-input\":{\"@type\":\"PropertyValueSpecification\",\"valueRequired\":true,\"valueName\":\"search_term_string\"}}],\"inLanguage\":\"en-US\"}]}<\/script>\n<!-- \/ Yoast SEO plugin. -->","yoast_head_json":{"title":"PRODUCTS AND SERVICES - HUR Polska","robots":{"index":"noindex","follow":"nofollow"},"og_locale":"en_US","og_type":"article","og_title":"PRODUCTS AND SERVICES - HUR Polska","og_description":"&nbsp; From exercising concepts for senior exercise and rehabilitation to facility layout design and financing. An integral part of our business consists of high-quality customer service and additional service packages. &nbsp; PRODUCTS &nbsp; &nbsp; SERVICES &nbsp; &nbsp; &nbsp; HUR -\u00a0FOR LIFELONG STRENGTH &nbsp; &nbsp;","og_url":"https:\/\/hurhasmed.pl\/en\/products-and-services\/","og_site_name":"HUR Polska","article_modified_time":"2016-04-11T19:16:45+00:00","og_image":[{"url":"https:\/\/hurhasmed.pl\/wp-content\/uploads\/2016\/01\/3530-fcm-leg-extension-curl.jpg","type":"","width":"","height":""}],"twitter_card":"summary_large_image","twitter_misc":{"Est. reading time":"2 minutes"},"schema":{"@context":"https:\/\/schema.org","@graph":[{"@type":"WebPage","@id":"https:\/\/hurhasmed.pl\/en\/products-and-services\/","url":"https:\/\/hurhasmed.pl\/en\/products-and-services\/","name":"PRODUCTS AND SERVICES - HUR Polska","isPartOf":{"@id":"https:\/\/hurhasmed.pl\/#website"},"primaryImageOfPage":{"@id":"https:\/\/hurhasmed.pl\/en\/products-and-services\/#primaryimage"},"image":{"@id":"https:\/\/hurhasmed.pl\/en\/products-and-services\/#primaryimage"},"thumbnailUrl":"https:\/\/hurhasmed.pl\/wp-content\/uploads\/2016\/01\/3530-fcm-leg-extension-curl.jpg","datePublished":"2016-04-11T14:07:15+00:00","dateModified":"2016-04-11T19:16:45+00:00","breadcrumb":{"@id":"https:\/\/hurhasmed.pl\/en\/products-and-services\/#breadcrumb"},"inLanguage":"en-US","potentialAction":[{"@type":"ReadAction","target":["https:\/\/hurhasmed.pl\/en\/products-and-services\/"]}]},{"@type":"ImageObject","inLanguage":"en-US","@id":"https:\/\/hurhasmed.pl\/en\/products-and-services\/#primaryimage","url":"https:\/\/hurhasmed.pl\/wp-content\/uploads\/2016\/01\/3530-fcm-leg-extension-curl.jpg","contentUrl":"https:\/\/hurhasmed.pl\/wp-content\/uploads\/2016\/01\/3530-fcm-leg-extension-curl.jpg"},{"@type":"BreadcrumbList","@id":"https:\/\/hurhasmed.pl\/en\/products-and-services\/#breadcrumb","itemListElement":[{"@type":"ListItem","position":1,"name":"Strona g\u0142\u00f3wna","item":"https:\/\/hurhasmed.pl\/en\/"},{"@type":"ListItem","position":2,"name":"PRODUCTS AND SERVICES"}]},{"@type":"WebSite","@id":"https:\/\/hurhasmed.pl\/#website","url":"https:\/\/hurhasmed.pl\/","name":"HUR Polska","description":"Si\u0142a na d\u0142ugie lata","potentialAction":[{"@type":"SearchAction","target":{"@type":"EntryPoint","urlTemplate":"https:\/\/hurhasmed.pl\/?s={search_term_string}"},"query-input":{"@type":"PropertyValueSpecification","valueRequired":true,"valueName":"search_term_string"}}],"inLanguage":"en-US"}]}},"_links":{"self":[{"href":"https:\/\/hurhasmed.pl\/en\/wp-json\/wp\/v2\/pages\/1686","targetHints":{"allow":["GET"]}}],"collection":[{"href":"https:\/\/hurhasmed.pl\/en\/wp-json\/wp\/v2\/pages"}],"about":[{"href":"https:\/\/hurhasmed.pl\/en\/wp-json\/wp\/v2\/types\/page"}],"author":[{"embeddable":true,"href":"https:\/\/hurhasmed.pl\/en\/wp-json\/wp\/v2\/users\/2"}],"replies":[{"embeddable":true,"href":"https:\/\/hurhasmed.pl\/en\/wp-json\/wp\/v2\/comments?post=1686"}],"version-history":[{"count":1,"href":"https:\/\/hurhasmed.pl\/en\/wp-json\/wp\/v2\/pages\/1686\/revisions"}],"predecessor-version":[{"id":1687,"href":"https:\/\/hurhasmed.pl\/en\/wp-json\/wp\/v2\/pages\/1686\/revisions\/1687"}],"wp:attachment":[{"href":"https:\/\/hurhasmed.pl\/en\/wp-json\/wp\/v2\/media?parent=1686"}],"curies":[{"name":"wp","href":"https:\/\/api.w.org\/{rel}","templated":true}]}}