{"id":1671,"date":"2016-04-11T17:32:16","date_gmt":"2016-04-11T15:32:16","guid":{"rendered":"https:\/\/hurhasmed.pl\/en\/?page_id=1671"},"modified":"2016-04-11T21:15:05","modified_gmt":"2016-04-11T19:15:05","slug":"a-gym-in-20-m%c2%b2-215-ft%c2%b2","status":"publish","type":"page","link":"https:\/\/hurhasmed.pl\/en\/cases\/rehabilitation-medical\/a-gym-in-20-m%c2%b2-215-ft%c2%b2\/","title":{"rendered":"A gym in 20 m\u00b2 (215 ft\u00b2)"},"content":{"rendered":"<p>[et_pb_section admin_label=&#8221;Sekcja&#8221; fullwidth=&#8221;off&#8221; specialty=&#8221;on&#8221; transparent_background=&#8221;off&#8221; allow_player_pause=&#8221;off&#8221; inner_shadow=&#8221;off&#8221; parallax=&#8221;off&#8221; parallax_method=&#8221;off&#8221; padding_mobile=&#8221;off&#8221; make_fullwidth=&#8221;off&#8221; use_custom_width=&#8221;off&#8221; width_unit=&#8221;on&#8221; make_equal=&#8221;off&#8221; use_custom_gutter=&#8221;off&#8221; parallax_1=&#8221;off&#8221; parallax_method_1=&#8221;off&#8221; parallax_2=&#8221;off&#8221; parallax_method_2=&#8221;off&#8221;][et_pb_column type=&#8221;1_4&#8243;][et_pb_sidebar admin_label=&#8221;Panel boczny&#8221; orientation=&#8221;left&#8221; area=&#8221;et_pb_widget_area_12&#8243; background_layout=&#8221;light&#8221; remove_border=&#8221;off&#8221;] [\/et_pb_sidebar][\/et_pb_column][et_pb_column type=&#8221;3_4&#8243; specialty_columns=&#8221;3&#8243;][et_pb_row_inner admin_label=&#8221;Wiersz&#8221;][et_pb_column_inner type=&#8221;4_4&#8243; saved_specialty_column_type=&#8221;3_4&#8243;][et_pb_text admin_label=&#8221;Tekst&#8221; background_layout=&#8221;light&#8221; text_orientation=&#8221;left&#8221; use_border_color=&#8221;off&#8221; border_color=&#8221;#ffffff&#8221; border_style=&#8221;solid&#8221;]<\/p>\n<p>&nbsp;<\/p>\n<h1>A GYM IN 20 M\u00b2 (215 FT\u00b2)<\/h1>\n<p>&nbsp;<\/p>\n<p>[\/et_pb_text][\/et_pb_column_inner][\/et_pb_row_inner][et_pb_row_inner admin_label=&#8221;Wiersz&#8221;][et_pb_column_inner type=&#8221;4_4&#8243; saved_specialty_column_type=&#8221;3_4&#8243;][et_pb_image admin_label=&#8221;Obraz&#8221; src=&#8221;https:\/\/hurhasmed.pl\/wp-content\/uploads\/2016\/03\/med20.jpg&#8221; alt=&#8221;SALA REHABILITACYJNA HUR 20M2&#8243; show_in_lightbox=&#8221;off&#8221; url_new_window=&#8221;off&#8221; use_overlay=&#8221;off&#8221; animation=&#8221;left&#8221; sticky=&#8221;off&#8221; align=&#8221;left&#8221; force_fullwidth=&#8221;off&#8221; always_center_on_mobile=&#8221;on&#8221; use_border_color=&#8221;off&#8221; border_color=&#8221;#ffffff&#8221; border_style=&#8221;solid&#8221; title_text=&#8221;SALA REHABILITACYJNA HUR 20M2&#8243;] [\/et_pb_image][et_pb_text admin_label=&#8221;Tekst&#8221; background_layout=&#8221;light&#8221; text_orientation=&#8221;left&#8221; use_border_color=&#8221;off&#8221; border_color=&#8221;#ffffff&#8221; border_style=&#8221;solid&#8221;]<\/p>\n<p>&nbsp;<\/p>\n<p>A functional wellness\u00a0facility\u00a0can be located in, for example, a space previously used for patient evaluations or as a reception room. HUR machines are effective but small in size and can be placed adjacently to walls. Many of our machines are dual-function, ensuring that even a smaller space can match a larger space in functionality.<\/p>\n<p>In this example we see a fully functional gym in 20 m\u00b2 (215 ft\u00b2) of space, including essential machines for lower-body workouts and the multi-functional HUR Pulley. A list of all of the machines seen here can be found at the bottom of the page.<\/p>\n<p>&nbsp;<\/p>\n<p>[\/et_pb_text][\/et_pb_column_inner][\/et_pb_row_inner][et_pb_row_inner admin_label=&#8221;Wiersz&#8221;][et_pb_column_inner type=&#8221;4_4&#8243; saved_specialty_column_type=&#8221;3_4&#8243;][et_pb_text admin_label=&#8221;Tekst&#8221; background_layout=&#8221;light&#8221; text_orientation=&#8221;left&#8221; use_border_color=&#8221;off&#8221; border_color=&#8221;#ffffff&#8221; border_style=&#8221;solid&#8221;]<\/p>\n<p>&nbsp;<\/p>\n<h4>PRODUCTS:<\/h4>\n<p>&nbsp;<\/p>\n<p>[\/et_pb_text][\/et_pb_column_inner][\/et_pb_row_inner][et_pb_row_inner admin_label=&#8221;Wiersz&#8221;][et_pb_column_inner type=&#8221;1_2&#8243; saved_specialty_column_type=&#8221;3_4&#8243;][et_pb_team_member admin_label=&#8221;5540&#8243; animation=&#8221;off&#8221; background_layout=&#8221;light&#8221; use_border_color=&#8221;off&#8221; border_color=&#8221;#ffffff&#8221; border_style=&#8221;solid&#8221; image_url=&#8221;https:\/\/hurhasmed.pl\/wp-content\/uploads\/2016\/01\/5540-fcm-leg-press-rehab.jpg&#8221;]<\/p>\n<p style=\"text-align: center;\"><a href=\"https:\/\/hurhasmed.pl\/produkty-i-uslugi\/produkty\/sprzet-do-cwiczen-silowych\/linia-hur-premium\/#5540\">5540<\/a><br \/>\n<a href=\"https:\/\/hurhasmed.pl\/produkty-i-uslugi\/produkty\/sprzet-do-cwiczen-silowych\/linia-hur-premium\/#5540\"> LEG PRESS REHAB<\/a><\/p>\n<p>[\/et_pb_team_member][et_pb_team_member admin_label=&#8221;EA9175 &#8221; image_url=&#8221;https:\/\/hurhasmed.pl\/wp-content\/uploads\/2016\/01\/9175-fcm-optimal-rhomb.jpg&#8221; animation=&#8221;off&#8221; background_layout=&#8221;light&#8221; use_border_color=&#8221;off&#8221; border_color=&#8221;#ffffff&#8221; border_style=&#8221;solid&#8221; saved_tabs=&#8221;all&#8221;]<\/p>\n<p style=\"text-align: center;\"><a href=\"https:\/\/hurhasmed.pl\/produkty-i-uslugi\/produkty\/sprzet-do-cwiczen-silowych\/linia-hur-premium\/#EA9175\">EA9175 <\/a><br \/>\n<a href=\"https:\/\/hurhasmed.pl\/produkty-i-uslugi\/produkty\/sprzet-do-cwiczen-silowych\/linia-hur-premium\/#EA9175\">OPTIMAL RHOMB EASY ACCESS\u00a0<\/a><\/p>\n<p>[\/et_pb_team_member][et_pb_team_member admin_label=&#8221;pulley&#8221; animation=&#8221;off&#8221; background_layout=&#8221;light&#8221; use_border_color=&#8221;off&#8221; border_color=&#8221;#ffffff&#8221; border_style=&#8221;solid&#8221; image_url=&#8221;https:\/\/hurhasmed.pl\/wp-content\/uploads\/2016\/02\/pulley_wall.jpg&#8221;]<\/p>\n<p style=\"text-align: center;\"><a href=\"https:\/\/hurhasmed.pl\/produkty-i-uslugi\/produkty\/sprzet-do-cwiczen-silowych\/trening-funkcjonalny\/3hurwallmountpulley\">HUR WALL MOUNT PULLEY<\/a><\/p>\n<p>[\/et_pb_team_member][\/et_pb_column_inner][et_pb_column_inner type=&#8221;1_2&#8243; saved_specialty_column_type=&#8221;3_4&#8243;][et_pb_team_member admin_label=&#8221;EA9120&#8243; animation=&#8221;off&#8221; background_layout=&#8221;light&#8221; use_border_color=&#8221;off&#8221; border_color=&#8221;#ffffff&#8221; border_style=&#8221;solid&#8221; image_url=&#8221;https:\/\/hurhasmed.pl\/wp-content\/uploads\/2016\/01\/9120-fcm-push-up-pull-down.jpg&#8221; saved_tabs=&#8221;all&#8221;]<\/p>\n<p style=\"text-align: center;\"><a href=\"https:\/\/hurhasmed.pl\/produkty-i-uslugi\/produkty\/sprzet-do-cwiczen-silowych\/linia-hur-premium\/#EA9120\">EA9120<\/a><br \/>\n<a href=\"https:\/\/hurhasmed.pl\/produkty-i-uslugi\/produkty\/sprzet-do-cwiczen-silowych\/linia-hur-premium\/#EA9120\"> PUSH UP \/ PULL DOWN EASY ACCESS<\/a><\/p>\n<p>[\/et_pb_team_member][et_pb_team_member admin_label=&#8221;EA9310&#8243; animation=&#8221;off&#8221; background_layout=&#8221;light&#8221; use_border_color=&#8221;off&#8221; border_color=&#8221;#ffffff&#8221; border_style=&#8221;solid&#8221; image_url=&#8221;https:\/\/hurhasmed.pl\/wp-content\/uploads\/2016\/01\/9310-fcm-abdomen-back.jpg&#8221; saved_tabs=&#8221;all&#8221;]<\/p>\n<p style=\"text-align: center;\"><a href=\"https:\/\/hurhasmed.pl\/produkty-i-uslugi\/produkty\/sprzet-do-cwiczen-silowych\/linia-hur-premium\/#EA9310\">EA9310<\/a><br \/>\n<a href=\"https:\/\/hurhasmed.pl\/produkty-i-uslugi\/produkty\/sprzet-do-cwiczen-silowych\/linia-hur-premium\/#EA9310\"> ABDOMEN \/ BACK EASY ACCESS<\/a><\/p>\n<p>[\/et_pb_team_member][\/et_pb_column_inner][\/et_pb_row_inner][\/et_pb_column][\/et_pb_section]<\/p>\n","protected":false},"excerpt":{"rendered":"<p>&nbsp; A GYM IN 20 M\u00b2 (215 FT\u00b2) &nbsp; &nbsp; A functional wellness\u00a0facility\u00a0can be located in, for example, a space previously used for patient evaluations or as a reception room. HUR machines are effective but small in size and can be placed adjacently to walls. Many of our machines are dual-function, ensuring that even a [&hellip;]<\/p>\n","protected":false},"author":2,"featured_media":0,"parent":1665,"menu_order":0,"comment_status":"closed","ping_status":"closed","template":"","meta":{"_et_pb_use_builder":"on","_et_pb_old_content":"<p>[et_pb_section admin_label=\"Sekcja\" fullwidth=\"off\" specialty=\"on\" transparent_background=\"off\" allow_player_pause=\"off\" inner_shadow=\"off\" parallax=\"off\" parallax_method=\"off\" padding_mobile=\"off\" make_fullwidth=\"off\" use_custom_width=\"off\" width_unit=\"on\" make_equal=\"off\" use_custom_gutter=\"off\" parallax_1=\"off\" parallax_method_1=\"off\" parallax_2=\"off\" parallax_method_2=\"off\"][et_pb_column type=\"1_4\"][et_pb_sidebar admin_label=\"Panel boczny\" orientation=\"left\" area=\"et_pb_widget_area_12\" background_layout=\"light\" remove_border=\"off\"] [\/et_pb_sidebar][\/et_pb_column][et_pb_column type=\"3_4\" specialty_columns=\"3\"][et_pb_row_inner admin_label=\"Wiersz\"][et_pb_column_inner type=\"4_4\" saved_specialty_column_type=\"3_4\"][et_pb_text admin_label=\"Tekst\" background_layout=\"light\" text_orientation=\"left\" use_border_color=\"off\" border_color=\"#ffffff\" border_style=\"solid\"]<\/p><h1>SALA REHABILITACYJNA\u00a0O POWIERZCHNI 20m2<\/h1><p>[\/et_pb_text][\/et_pb_column_inner][\/et_pb_row_inner][et_pb_row_inner admin_label=\"Wiersz\"][et_pb_column_inner type=\"4_4\" saved_specialty_column_type=\"3_4\"][et_pb_image admin_label=\"Obraz\" src=\"https:\/\/hurhasmed.pl\/wp-content\/uploads\/2016\/03\/med20.jpg\" alt=\"SALA REHABILITACYJNA HUR 20M2\" show_in_lightbox=\"off\" url_new_window=\"off\" use_overlay=\"off\" animation=\"left\" sticky=\"off\" align=\"left\" force_fullwidth=\"off\" always_center_on_mobile=\"on\" use_border_color=\"off\" border_color=\"#ffffff\" border_style=\"solid\" title_text=\"SALA REHABILITACYJNA HUR 20M2\"] [\/et_pb_image][et_pb_text admin_label=\"Tekst\" background_layout=\"light\" text_orientation=\"left\" use_border_color=\"off\" border_color=\"#ffffff\" border_style=\"solid\"]<\/p><p>Na funkcjonaln\u0105 sal\u0119 treningowa mo\u017cna zaadaptowa\u0107 dawn\u0105 izolatk\u0119 czy recepcj\u0119. Maszyny HUR przy ca\u0142ej swojej wszechstronno\u015bci zajmuj\u0105 niezwykle ma\u0142o miejsca i mog\u0105 sta\u0107 bezpo\u015brednio przy \u015bcianach. Ponadto wiele urz\u0105dze\u0144 to maszyny dwufunkcyjne, dodatkowo oszcz\u0119dzaj\u0105ce miejsce. Wszystko to sprawia, \u017ce nawet najmniejsza przestrze\u0144 mo\u017ce zosta\u0107 przekszta\u0142cona w funkcjonaln\u0105 sal\u0119 treningow\u0105.<\/p><p>Na obrazku przedstawiono przyk\u0142ad sali rehabilitacyjnej, w kt\u00f3rej na\u00a0powierzchni 20m2 zmieszczono\u00a0urz\u0105dzenia do kompletnego treningu dolnej po\u0142owy cia\u0142a oraz systemy bloczkowe do treningu funkcjonalnego. Pe\u0142na lista u\u017cytych maszyn znajduje si\u0119 poni\u017cej.<\/p><p>[\/et_pb_text][\/et_pb_column_inner][\/et_pb_row_inner][et_pb_row_inner admin_label=\"Wiersz\"][et_pb_column_inner type=\"4_4\" saved_specialty_column_type=\"3_4\"][et_pb_text admin_label=\"Tekst\" background_layout=\"light\" text_orientation=\"left\" use_border_color=\"off\" border_color=\"#ffffff\" border_style=\"solid\"]<\/p><h4>U\u017bYTE MASZYNY:<\/h4><p>[\/et_pb_text][\/et_pb_column_inner][\/et_pb_row_inner][et_pb_row_inner admin_label=\"Wiersz\"][et_pb_column_inner type=\"1_2\" saved_specialty_column_type=\"3_4\"][et_pb_team_member admin_label=\"5540\" animation=\"off\" background_layout=\"light\" use_border_color=\"off\" border_color=\"#ffffff\" border_style=\"solid\" image_url=\"https:\/\/hurhasmed.pl\/wp-content\/uploads\/2016\/01\/5540-fcm-leg-press-rehab.jpg\"]<\/p><p style=\"text-align: center;\"><a href=\"https:\/\/hurhasmed.pl\/produkty-i-uslugi\/produkty\/sprzet-do-cwiczen-silowych\/linia-hur-premium\/#5540\">5540<\/a><br \/> <a href=\"https:\/\/hurhasmed.pl\/produkty-i-uslugi\/produkty\/sprzet-do-cwiczen-silowych\/linia-hur-premium\/#5540\"> LEG PRESS REHAB<\/a><\/p><p>[\/et_pb_team_member][et_pb_team_member admin_label=\"EA9175 \" image_url=\"https:\/\/hurhasmed.pl\/wp-content\/uploads\/2016\/01\/9175-fcm-optimal-rhomb.jpg\" animation=\"off\" background_layout=\"light\" use_border_color=\"off\" border_color=\"#ffffff\" border_style=\"solid\" saved_tabs=\"all\"]<\/p><p style=\"text-align: center;\"><a href=\"https:\/\/hurhasmed.pl\/produkty-i-uslugi\/produkty\/sprzet-do-cwiczen-silowych\/linia-hur-premium\/#EA9175\">EA9175 <\/a><br \/> <a href=\"https:\/\/hurhasmed.pl\/produkty-i-uslugi\/produkty\/sprzet-do-cwiczen-silowych\/linia-hur-premium\/#EA9175\">OPTIMAL RHOMB EASY ACCESS\u00a0<\/a><\/p><p>[\/et_pb_team_member][et_pb_team_member admin_label=\"pulley\" animation=\"off\" background_layout=\"light\" use_border_color=\"off\" border_color=\"#ffffff\" border_style=\"solid\" image_url=\"https:\/\/hurhasmed.pl\/wp-content\/uploads\/2016\/02\/pulley_wall.jpg\"]<\/p><p style=\"text-align: center;\"><a href=\"https:\/\/hurhasmed.pl\/produkty-i-uslugi\/produkty\/sprzet-do-cwiczen-silowych\/trening-funkcjonalny\/3hurwallmountpulley\">HUR WALL MOUNT PULLEY<\/a><\/p><p>[\/et_pb_team_member][\/et_pb_column_inner][et_pb_column_inner type=\"1_2\" saved_specialty_column_type=\"3_4\"][et_pb_team_member admin_label=\"EA9120\" animation=\"off\" background_layout=\"light\" use_border_color=\"off\" border_color=\"#ffffff\" border_style=\"solid\" image_url=\"https:\/\/hurhasmed.pl\/wp-content\/uploads\/2016\/01\/9120-fcm-push-up-pull-down.jpg\" saved_tabs=\"all\"]<\/p><p style=\"text-align: center;\"><a href=\"https:\/\/hurhasmed.pl\/produkty-i-uslugi\/produkty\/sprzet-do-cwiczen-silowych\/linia-hur-premium\/#EA9120\">EA9120<\/a><br \/> <a href=\"https:\/\/hurhasmed.pl\/produkty-i-uslugi\/produkty\/sprzet-do-cwiczen-silowych\/linia-hur-premium\/#EA9120\"> PUSH UP \/ PULL DOWN EASY ACCESS<\/a><\/p><p>[\/et_pb_team_member][et_pb_team_member admin_label=\"EA9310\" animation=\"off\" background_layout=\"light\" use_border_color=\"off\" border_color=\"#ffffff\" border_style=\"solid\" image_url=\"https:\/\/hurhasmed.pl\/wp-content\/uploads\/2016\/01\/9310-fcm-abdomen-back.jpg\" saved_tabs=\"all\"]<\/p><p style=\"text-align: center;\"><a href=\"https:\/\/hurhasmed.pl\/produkty-i-uslugi\/produkty\/sprzet-do-cwiczen-silowych\/linia-hur-premium\/#EA9310\">EA9310<\/a><br \/> <a href=\"https:\/\/hurhasmed.pl\/produkty-i-uslugi\/produkty\/sprzet-do-cwiczen-silowych\/linia-hur-premium\/#EA9310\"> ABDOMEN \/ BACK EASY ACCESS<\/a><\/p><p>[\/et_pb_team_member][\/et_pb_column_inner][\/et_pb_row_inner][\/et_pb_column][\/et_pb_section]<\/p>","_et_gb_content_width":"","footnotes":""},"class_list":["post-1671","page","type-page","status-publish","hentry"],"yoast_head":"<!-- This site is optimized with the Yoast SEO plugin v27.5 - https:\/\/yoast.com\/product\/yoast-seo-wordpress\/ -->\n<title>A gym in 20 m\u00b2 (215 ft\u00b2) - HUR Polska<\/title>\n<meta name=\"robots\" content=\"index, follow, max-snippet:-1, max-image-preview:large, max-video-preview:-1\" \/>\n<link rel=\"canonical\" href=\"https:\/\/hurhasmed.pl\/przyklady\/rehabilitacja-2\/sala-rehabilitacyjna-20m2\/\" \/>\n<meta property=\"og:locale\" content=\"en_US\" \/>\n<meta property=\"og:type\" content=\"article\" \/>\n<meta property=\"og:title\" content=\"A gym in 20 m\u00b2 (215 ft\u00b2) - HUR Polska\" \/>\n<meta property=\"og:description\" content=\"&nbsp; A GYM IN 20 M\u00b2 (215 FT\u00b2) &nbsp; &nbsp; A functional wellness\u00a0facility\u00a0can be located in, for example, a space previously used for patient evaluations or as a reception room. HUR machines are effective but small in size and can be placed adjacently to walls. Many of our machines are dual-function, ensuring that even a [&hellip;]\" \/>\n<meta property=\"og:url\" content=\"https:\/\/hurhasmed.pl\/przyklady\/rehabilitacja-2\/sala-rehabilitacyjna-20m2\/\" \/>\n<meta property=\"og:site_name\" content=\"HUR Polska\" \/>\n<meta property=\"article:modified_time\" content=\"2016-04-11T19:15:05+00:00\" \/>\n<meta name=\"twitter:card\" content=\"summary_large_image\" \/>\n<meta name=\"twitter:label1\" content=\"Est. reading time\" \/>\n\t<meta name=\"twitter:data1\" content=\"3 minutes\" \/>\n<script type=\"application\/ld+json\" class=\"yoast-schema-graph\">{\"@context\":\"https:\\\/\\\/schema.org\",\"@graph\":[{\"@type\":\"WebPage\",\"@id\":\"https:\\\/\\\/hurhasmed.pl\\\/przyklady\\\/rehabilitacja-2\\\/sala-rehabilitacyjna-20m2\\\/\",\"url\":\"https:\\\/\\\/hurhasmed.pl\\\/przyklady\\\/rehabilitacja-2\\\/sala-rehabilitacyjna-20m2\\\/\",\"name\":\"A gym in 20 m\u00b2 (215 ft\u00b2) - HUR Polska\",\"isPartOf\":{\"@id\":\"https:\\\/\\\/hurhasmed.pl\\\/#website\"},\"datePublished\":\"2016-04-11T15:32:16+00:00\",\"dateModified\":\"2016-04-11T19:15:05+00:00\",\"breadcrumb\":{\"@id\":\"https:\\\/\\\/hurhasmed.pl\\\/przyklady\\\/rehabilitacja-2\\\/sala-rehabilitacyjna-20m2\\\/#breadcrumb\"},\"inLanguage\":\"en-US\",\"potentialAction\":[{\"@type\":\"ReadAction\",\"target\":[\"https:\\\/\\\/hurhasmed.pl\\\/przyklady\\\/rehabilitacja-2\\\/sala-rehabilitacyjna-20m2\\\/\"]}]},{\"@type\":\"BreadcrumbList\",\"@id\":\"https:\\\/\\\/hurhasmed.pl\\\/przyklady\\\/rehabilitacja-2\\\/sala-rehabilitacyjna-20m2\\\/#breadcrumb\",\"itemListElement\":[{\"@type\":\"ListItem\",\"position\":1,\"name\":\"Strona g\u0142\u00f3wna\",\"item\":\"https:\\\/\\\/hurhasmed.pl\\\/en\\\/\"},{\"@type\":\"ListItem\",\"position\":2,\"name\":\"CASES\",\"item\":\"https:\\\/\\\/hurhasmed.pl\\\/en\\\/cases\\\/\"},{\"@type\":\"ListItem\",\"position\":3,\"name\":\"Rehabilitation &#038; Medical\",\"item\":\"https:\\\/\\\/hurhasmed.pl\\\/przyklady\\\/rehabilitacja-2\\\/\"},{\"@type\":\"ListItem\",\"position\":4,\"name\":\"A gym in 20 m\u00b2 (215 ft\u00b2)\"}]},{\"@type\":\"WebSite\",\"@id\":\"https:\\\/\\\/hurhasmed.pl\\\/#website\",\"url\":\"https:\\\/\\\/hurhasmed.pl\\\/\",\"name\":\"HUR Polska\",\"description\":\"Si\u0142a na d\u0142ugie lata\",\"potentialAction\":[{\"@type\":\"SearchAction\",\"target\":{\"@type\":\"EntryPoint\",\"urlTemplate\":\"https:\\\/\\\/hurhasmed.pl\\\/?s={search_term_string}\"},\"query-input\":{\"@type\":\"PropertyValueSpecification\",\"valueRequired\":true,\"valueName\":\"search_term_string\"}}],\"inLanguage\":\"en-US\"}]}<\/script>\n<!-- \/ Yoast SEO plugin. -->","yoast_head_json":{"title":"A gym in 20 m\u00b2 (215 ft\u00b2) - HUR Polska","robots":{"index":"index","follow":"follow","max-snippet":"max-snippet:-1","max-image-preview":"max-image-preview:large","max-video-preview":"max-video-preview:-1"},"canonical":"https:\/\/hurhasmed.pl\/przyklady\/rehabilitacja-2\/sala-rehabilitacyjna-20m2\/","og_locale":"en_US","og_type":"article","og_title":"A gym in 20 m\u00b2 (215 ft\u00b2) - HUR Polska","og_description":"&nbsp; A GYM IN 20 M\u00b2 (215 FT\u00b2) &nbsp; &nbsp; A functional wellness\u00a0facility\u00a0can be located in, for example, a space previously used for patient evaluations or as a reception room. HUR machines are effective but small in size and can be placed adjacently to walls. Many of our machines are dual-function, ensuring that even a [&hellip;]","og_url":"https:\/\/hurhasmed.pl\/przyklady\/rehabilitacja-2\/sala-rehabilitacyjna-20m2\/","og_site_name":"HUR Polska","article_modified_time":"2016-04-11T19:15:05+00:00","twitter_card":"summary_large_image","twitter_misc":{"Est. reading time":"3 minutes"},"schema":{"@context":"https:\/\/schema.org","@graph":[{"@type":"WebPage","@id":"https:\/\/hurhasmed.pl\/przyklady\/rehabilitacja-2\/sala-rehabilitacyjna-20m2\/","url":"https:\/\/hurhasmed.pl\/przyklady\/rehabilitacja-2\/sala-rehabilitacyjna-20m2\/","name":"A gym in 20 m\u00b2 (215 ft\u00b2) - HUR Polska","isPartOf":{"@id":"https:\/\/hurhasmed.pl\/#website"},"datePublished":"2016-04-11T15:32:16+00:00","dateModified":"2016-04-11T19:15:05+00:00","breadcrumb":{"@id":"https:\/\/hurhasmed.pl\/przyklady\/rehabilitacja-2\/sala-rehabilitacyjna-20m2\/#breadcrumb"},"inLanguage":"en-US","potentialAction":[{"@type":"ReadAction","target":["https:\/\/hurhasmed.pl\/przyklady\/rehabilitacja-2\/sala-rehabilitacyjna-20m2\/"]}]},{"@type":"BreadcrumbList","@id":"https:\/\/hurhasmed.pl\/przyklady\/rehabilitacja-2\/sala-rehabilitacyjna-20m2\/#breadcrumb","itemListElement":[{"@type":"ListItem","position":1,"name":"Strona g\u0142\u00f3wna","item":"https:\/\/hurhasmed.pl\/en\/"},{"@type":"ListItem","position":2,"name":"CASES","item":"https:\/\/hurhasmed.pl\/en\/cases\/"},{"@type":"ListItem","position":3,"name":"Rehabilitation &#038; Medical","item":"https:\/\/hurhasmed.pl\/przyklady\/rehabilitacja-2\/"},{"@type":"ListItem","position":4,"name":"A gym in 20 m\u00b2 (215 ft\u00b2)"}]},{"@type":"WebSite","@id":"https:\/\/hurhasmed.pl\/#website","url":"https:\/\/hurhasmed.pl\/","name":"HUR Polska","description":"Si\u0142a na d\u0142ugie lata","potentialAction":[{"@type":"SearchAction","target":{"@type":"EntryPoint","urlTemplate":"https:\/\/hurhasmed.pl\/?s={search_term_string}"},"query-input":{"@type":"PropertyValueSpecification","valueRequired":true,"valueName":"search_term_string"}}],"inLanguage":"en-US"}]}},"_links":{"self":[{"href":"https:\/\/hurhasmed.pl\/en\/wp-json\/wp\/v2\/pages\/1671","targetHints":{"allow":["GET"]}}],"collection":[{"href":"https:\/\/hurhasmed.pl\/en\/wp-json\/wp\/v2\/pages"}],"about":[{"href":"https:\/\/hurhasmed.pl\/en\/wp-json\/wp\/v2\/types\/page"}],"author":[{"embeddable":true,"href":"https:\/\/hurhasmed.pl\/en\/wp-json\/wp\/v2\/users\/2"}],"replies":[{"embeddable":true,"href":"https:\/\/hurhasmed.pl\/en\/wp-json\/wp\/v2\/comments?post=1671"}],"version-history":[{"count":1,"href":"https:\/\/hurhasmed.pl\/en\/wp-json\/wp\/v2\/pages\/1671\/revisions"}],"predecessor-version":[{"id":1672,"href":"https:\/\/hurhasmed.pl\/en\/wp-json\/wp\/v2\/pages\/1671\/revisions\/1672"}],"up":[{"embeddable":true,"href":"https:\/\/hurhasmed.pl\/en\/wp-json\/wp\/v2\/pages\/1665"}],"wp:attachment":[{"href":"https:\/\/hurhasmed.pl\/en\/wp-json\/wp\/v2\/media?parent=1671"}],"curies":[{"name":"wp","href":"https:\/\/api.w.org\/{rel}","templated":true}]}}