{"id":1663,"date":"2016-04-11T17:32:15","date_gmt":"2016-04-11T15:32:15","guid":{"rendered":"https:\/\/hurhasmed.pl\/en\/?page_id=1663"},"modified":"2016-04-11T21:39:23","modified_gmt":"2016-04-11T19:39:23","slug":"my-story","status":"publish","type":"page","link":"https:\/\/hurhasmed.pl\/en\/cases\/my-story\/","title":{"rendered":"My Story"},"content":{"rendered":"<p>[et_pb_section admin_label=&#8221;Sekcja&#8221; fullwidth=&#8221;off&#8221; specialty=&#8221;on&#8221;][et_pb_column type=&#8221;1_4&#8243;][et_pb_sidebar admin_label=&#8221;Panel boczny&#8221; orientation=&#8221;left&#8221; area=&#8221;et_pb_widget_area_12&#8243; background_layout=&#8221;light&#8221; remove_border=&#8221;off&#8221;]<\/p>\n<p>[\/et_pb_sidebar][\/et_pb_column][et_pb_column type=&#8221;3_4&#8243; specialty_columns=&#8221;3&#8243;][et_pb_row_inner admin_label=&#8221;Wiersz&#8221;][et_pb_column_inner type=&#8221;4_4&#8243; saved_specialty_column_type=&#8221;3_4&#8243;][et_pb_text admin_label=&#8221;Tekst&#8221; background_layout=&#8221;light&#8221; text_orientation=&#8221;left&#8221; use_border_color=&#8221;off&#8221; border_color=&#8221;#ffffff&#8221; border_style=&#8221;solid&#8221;]<\/p>\n<h1>MY STORY<\/h1>\n<p>&nbsp;<\/p>\n<p>[\/et_pb_text][et_pb_image admin_label=&#8221;Obraz&#8221; src=&#8221;https:\/\/hurhasmed.pl\/wp-content\/uploads\/2016\/03\/linnea.png&#8221; alt=&#8221;prawdziwe historie HUR&#8221; title_text=&#8221;prawdziwe historie HUR&#8221; show_in_lightbox=&#8221;off&#8221; url_new_window=&#8221;off&#8221; use_overlay=&#8221;off&#8221; animation=&#8221;left&#8221; sticky=&#8221;off&#8221; align=&#8221;left&#8221; force_fullwidth=&#8221;off&#8221; always_center_on_mobile=&#8221;on&#8221; use_border_color=&#8221;off&#8221; border_color=&#8221;#ffffff&#8221; border_style=&#8221;solid&#8221;]<\/p>\n<p>[\/et_pb_image][et_pb_text admin_label=&#8221;Tekst&#8221; background_layout=&#8221;light&#8221; text_orientation=&#8221;left&#8221; use_border_color=&#8221;off&#8221; border_color=&#8221;#ffffff&#8221; border_style=&#8221;solid&#8221;]<\/p>\n<h3>MY STORY &#8211; LINN\u00c9A<\/h3>\n<p>Linn\u00e9a was tested before she started exercising with the HUR SmartCard equipment. Her level of pain was at a 4 (scale 0-4), her resting pain at a 9 (scale 0-10) and her stresspain at a 10 (scale 0-10). She could walk 2 km. After training 6 months with the HUR equipment, 2 times a week, the level of pain had decreased to a 1 (before 4), her resting pain to a 0 (before 9), her stress pain to a 0 (before 10). She could walk 4km!<\/p>\n<p>[\/et_pb_text][et_pb_divider admin_label=&#8221;Separator&#8221; color=&#8221;#ffffff&#8221; show_divider=&#8221;off&#8221; height=&#8221;10&#8243; divider_style=&#8221;solid&#8221; divider_position=&#8221;top&#8221; hide_on_mobile=&#8221;on&#8221;]<\/p>\n<p>[\/et_pb_divider][et_pb_image admin_label=&#8221;Obraz&#8221; src=&#8221;https:\/\/hurhasmed.pl\/wp-content\/uploads\/2016\/03\/zena4.jpg&#8221; alt=&#8221;prawdziwe historie HUR&#8221; title_text=&#8221;prawdziwe historie HUR&#8221; show_in_lightbox=&#8221;off&#8221; url_new_window=&#8221;off&#8221; use_overlay=&#8221;off&#8221; animation=&#8221;left&#8221; sticky=&#8221;off&#8221; align=&#8221;left&#8221; force_fullwidth=&#8221;off&#8221; always_center_on_mobile=&#8221;on&#8221; use_border_color=&#8221;off&#8221; border_color=&#8221;#ffffff&#8221; border_style=&#8221;solid&#8221;]<\/p>\n<p>[\/et_pb_image][et_pb_text admin_label=&#8221;Tekst&#8221; background_layout=&#8221;light&#8221; text_orientation=&#8221;left&#8221; use_border_color=&#8221;off&#8221; border_color=&#8221;#ffffff&#8221; border_style=&#8221;solid&#8221;]<\/p>\n<h3>MY STORY- MS. ZENA SMART<\/h3>\n<p>&#8220;I started at Livia Club after having surgery following breast cancer. All the machines were carefully adjusted to help me aid recovery.<\/p>\n<p>This year I fractured my arm in 3 places and as soon as my doctor allowed, I went back to Livia.<\/p>\n<p>My regular exercise has once again aided my recovery to the point where I only see a physiotherapist monthly and improvement has been so fast that after only 2 months, I have 80% movement which doctors said would take me 12-15 months! Livia staff helped me through 2 serious medical issues and I absolutely endorse Livia Club to all women of all ages and abilities&#8221;.<\/p>\n<p>[\/et_pb_text][et_pb_divider admin_label=&#8221;Separator&#8221; color=&#8221;#ffffff&#8221; show_divider=&#8221;off&#8221; height=&#8221;10&#8243; divider_style=&#8221;solid&#8221; divider_position=&#8221;top&#8221; hide_on_mobile=&#8221;on&#8221;]<\/p>\n<p>[\/et_pb_divider][et_pb_image admin_label=&#8221;Obraz&#8221; src=&#8221;https:\/\/hurhasmed.pl\/wp-content\/uploads\/2016\/03\/mr-smith.jpg&#8221; alt=&#8221;prawdziwe historie HUR&#8221; title_text=&#8221;prawdziwe historie HUR&#8221; show_in_lightbox=&#8221;off&#8221; url_new_window=&#8221;off&#8221; use_overlay=&#8221;off&#8221; animation=&#8221;left&#8221; sticky=&#8221;off&#8221; align=&#8221;left&#8221; force_fullwidth=&#8221;off&#8221; always_center_on_mobile=&#8221;on&#8221; use_border_color=&#8221;off&#8221; border_color=&#8221;#ffffff&#8221; border_style=&#8221;solid&#8221;]<\/p>\n<p>[\/et_pb_image][et_pb_text admin_label=&#8221;Tekst&#8221; background_layout=&#8221;light&#8221; text_orientation=&#8221;left&#8221; use_border_color=&#8221;off&#8221; border_color=&#8221;#ffffff&#8221; border_style=&#8221;solid&#8221;]<\/p>\n<h4>MY STORY &#8211; &#8220;MR. SMITH&#8221;<\/h4>\n<h5>After 6 weeks of training, the feeling in my legs partially came back<\/h5>\n<p>&#8220;I suffered a stroke 13 years ago and my arm and leg are paralyzed since then. In the beginning, I thought I would never get better because my condition has not changed for 13 years. After a while, I started to like the Abduction\/Adduction rehab machine because I could train alternately using range limiters. During the exercise I felt that there are still some activities in my paralyzed leg. After 6 weeks of training, the feeling in my legs partially came back.&#8221; &#8220;Mr. Smith&#8221;<\/p>\n<p>[\/et_pb_text][\/et_pb_column_inner][\/et_pb_row_inner][\/et_pb_column][\/et_pb_section][et_pb_section admin_label=&#8221;Sekcja&#8221; fullwidth=&#8221;off&#8221; specialty=&#8221;off&#8221; transparent_background=&#8221;off&#8221; allow_player_pause=&#8221;off&#8221; inner_shadow=&#8221;off&#8221; parallax=&#8221;off&#8221; parallax_method=&#8221;off&#8221; padding_mobile=&#8221;off&#8221; make_fullwidth=&#8221;off&#8221; use_custom_width=&#8221;off&#8221; width_unit=&#8221;on&#8221; make_equal=&#8221;off&#8221; use_custom_gutter=&#8221;off&#8221;][et_pb_row admin_label=&#8221;Wiersz&#8221;][et_pb_column type=&#8221;4_4&#8243;][et_pb_text admin_label=&#8221;HUR &#8211; FOR LIFELONG STRENGTH&#8221; background_layout=&#8221;light&#8221; text_orientation=&#8221;center&#8221; text_text_color=&#8221;#00a0df&#8221; use_border_color=&#8221;off&#8221; border_color=&#8221;#ffffff&#8221; border_style=&#8221;solid&#8221;]<\/p>\n<h1>HUR &#8211;\u00a0FOR LIFELONG STRENGTH<\/h1>\n<p>[\/et_pb_text][et_pb_image admin_label=&#8221;Obraz HUR &#8211; FOR LIFELONG STRENGTH&#8221; src=&#8221;https:\/\/hurhasmed.pl\/wp-content\/uploads\/2016\/01\/sekcja-z-nitka.jpg&#8221; show_in_lightbox=&#8221;off&#8221; url_new_window=&#8221;off&#8221; animation=&#8221;fade_in&#8221; sticky=&#8221;off&#8221; align=&#8221;center&#8221; force_fullwidth=&#8221;off&#8221; always_center_on_mobile=&#8221;on&#8221; use_border_color=&#8221;off&#8221; border_color=&#8221;#ffffff&#8221; border_style=&#8221;solid&#8221; use_overlay=&#8221;off&#8221;]<\/p>\n<p>[\/et_pb_image][\/et_pb_column][\/et_pb_row][\/et_pb_section]<\/p>\n","protected":false},"excerpt":{"rendered":"<p>MY STORY &nbsp; MY STORY &#8211; LINN\u00c9A Linn\u00e9a was tested before she started exercising with the HUR SmartCard equipment. Her level of pain was at a 4 (scale 0-4), her resting pain at a 9 (scale 0-10) and her stresspain at a 10 (scale 0-10). She could walk 2 km. After training 6 months with [&hellip;]<\/p>\n","protected":false},"author":2,"featured_media":0,"parent":1684,"menu_order":0,"comment_status":"closed","ping_status":"closed","template":"","meta":{"_et_pb_use_builder":"on","_et_pb_old_content":"<p>[et_pb_section admin_label=\"Sekcja\" fullwidth=\"off\" specialty=\"on\"][et_pb_column type=\"1_4\"][et_pb_sidebar admin_label=\"Panel boczny\" orientation=\"left\" area=\"et_pb_widget_area_12\" background_layout=\"light\" remove_border=\"off\"]<\/p><p>[\/et_pb_sidebar][\/et_pb_column][et_pb_column type=\"3_4\" specialty_columns=\"3\"][et_pb_row_inner admin_label=\"Wiersz\"][et_pb_column_inner type=\"4_4\" saved_specialty_column_type=\"3_4\"][et_pb_text admin_label=\"Tekst\" background_layout=\"light\" text_orientation=\"left\" use_border_color=\"off\" border_color=\"#ffffff\" border_style=\"solid\"]<\/p><h1>MOJA HISTORIA<\/h1><h4>POZNAJ HISTORIE OS\u00d3B, KT\u00d3RE DZI\u0118KI ROZWI\u0104ZANIOM HUR ZMIENI\u0141Y SWOJE \u017bYCIE!<\/h4><p>[\/et_pb_text][et_pb_image admin_label=\"Obraz\" src=\"https:\/\/hurhasmed.pl\/wp-content\/uploads\/2016\/03\/linnea.png\" alt=\"prawdziwe historie HUR\" title_text=\"prawdziwe historie HUR\" show_in_lightbox=\"off\" url_new_window=\"off\" use_overlay=\"off\" animation=\"left\" sticky=\"off\" align=\"left\" force_fullwidth=\"off\" always_center_on_mobile=\"on\" use_border_color=\"off\" border_color=\"#ffffff\" border_style=\"solid\"]<\/p><p>[\/et_pb_image][et_pb_text admin_label=\"Tekst\" background_layout=\"light\" text_orientation=\"left\" use_border_color=\"off\" border_color=\"#ffffff\" border_style=\"solid\"]<\/p><h3>PANI LILIANA<\/h3><h5><em>Dzi\u015b mog\u0119 robi\u0107 rzeczy, kt\u00f3rych nie robi\u0142am od lat. \u017bycie jest wspania\u0142e!<\/em><\/h5><p>Pani Lilina przed rozpocz\u0119ciem trening\u00f3w zosta\u0142a poddana testom sprawno\u015bciowym. Sw\u00f3j pr\u00f3g b\u00f3lu ocenia\u0142a na 4 (w skali 0-4). Nie by\u0142a w stanie przej\u015b\u0107 wi\u0119cej ni\u017c 2km. Po sze\u015bciu miesi\u0105cach trening\u00f3w na urz\u0105dzeniach HUR przy cz\u0119stotliwo\u015bci 2 razy w tygodniu jej pr\u00f3g b\u00f3lu spad\u0142 z 4 do 1, b\u00f3l podczas spoczynku zmniejszy\u0142 si\u0119 z 9 do 1. Na dzie\u0144 dzisiejszy jest w stanie bez trudu przej\u015b\u0107 4km!<\/p><p>[\/et_pb_text][et_pb_divider admin_label=\"Separator\" color=\"#ffffff\" show_divider=\"off\" height=\"10\" divider_style=\"solid\" divider_position=\"top\" hide_on_mobile=\"on\"]<\/p><p>[\/et_pb_divider][et_pb_image admin_label=\"Obraz\" src=\"https:\/\/hurhasmed.pl\/wp-content\/uploads\/2016\/03\/zena4.jpg\" alt=\"prawdziwe historie HUR\" title_text=\"prawdziwe historie HUR\" show_in_lightbox=\"off\" url_new_window=\"off\" use_overlay=\"off\" animation=\"left\" sticky=\"off\" align=\"left\" force_fullwidth=\"off\" always_center_on_mobile=\"on\" use_border_color=\"off\" border_color=\"#ffffff\" border_style=\"solid\"]<\/p><p>[\/et_pb_image][et_pb_text admin_label=\"Tekst\" background_layout=\"light\" text_orientation=\"left\" use_border_color=\"off\" border_color=\"#ffffff\" border_style=\"solid\"]<\/p><h3>PANI ZUZANNA<\/h3><h5><em>Zaledwie po 2 miesi\u0105cach trening\u00f3w wr\u00f3ci\u0142o 80% sprawno\u015bci a wed\u0142ug lekarzy mia\u0142o to zaj\u0105\u0107 nawet 15 miesi\u0119cy!<\/em><\/h5><p>Moje pierwsze treningi rozpocz\u0119\u0142am po operacji raka piersi. Regularne \u0107wiczenia na dostosowanym dla mnie obci\u0105\u017ceniu pomog\u0142y mi wr\u00f3ci\u0107 do pe\u0142nej sprawno\u015bci!<br \/> W tym roku z\u0142ama\u0142am r\u0119k\u0119 w trzech miejscach. Gdy tylko m\u00f3j lekarz wyrazi\u0142 zgod\u0119 wr\u00f3ci\u0142am do trening\u00f3w z HUR!<br \/> Dzi\u0119ki regularnym \u0107wiczeniom i pomocy do\u015bwiadczonego personelu post\u0119py by\u0142y tak du\u017ce, \u017ce po 2 miesi\u0105cach wr\u00f3ci\u0142o 80% sprawno\u015bci! Z moim fizjoterapeut\u0105 widuj\u0119 si\u0119 ju\u017c tylko raz w miesi\u0105cu a treningi na maszynach HUR zachwalam wszem i wobec!<\/p><p>[\/et_pb_text][et_pb_divider admin_label=\"Separator\" color=\"#ffffff\" show_divider=\"off\" height=\"10\" divider_style=\"solid\" divider_position=\"top\" hide_on_mobile=\"on\"]<\/p><p>[\/et_pb_divider][et_pb_image admin_label=\"Obraz\" src=\"https:\/\/hurhasmed.pl\/wp-content\/uploads\/2016\/03\/mr-smith.jpg\" alt=\"prawdziwe historie HUR\" title_text=\"prawdziwe historie HUR\" show_in_lightbox=\"off\" url_new_window=\"off\" use_overlay=\"off\" animation=\"left\" sticky=\"off\" align=\"left\" force_fullwidth=\"off\" always_center_on_mobile=\"on\" use_border_color=\"off\" border_color=\"#ffffff\" border_style=\"solid\"]<\/p><p>[\/et_pb_image][et_pb_text admin_label=\"Tekst\" background_layout=\"light\" text_orientation=\"left\" use_border_color=\"off\" border_color=\"#ffffff\" border_style=\"solid\"]<\/p><h3>Mr Roger Smith<\/h3><h5><em>Zaledwie po 6 miesi\u0105cach trening\u00f3w czucie w nogach zaczyna wraca\u0107!<\/em><\/h5><p>\"13 lat temu zapad\u0142em na udar m\u00f3zgu i od tamtego czasu mam sparali\u017cowane rami\u0119 i nog\u0119. Z pocz\u0105tku do trening\u00f3w podchodzi\u0142em sceptycznie, poniewa\u017c m\u00f3j stan nie zmieni\u0142 si\u0119 od 13 lat. Jednak po pewnym czasie polubi\u0142em \u0107wiczenia na maszynie odwodz\u0105co-przywodz\u0105cej bo dzi\u0119ki ogranicznikom zasi\u0119gu mog\u0142em obie nogi trenowa\u0107 osobno. Poczu\u0142em, \u017ce w mojej nodze odzywa si\u0119 jakie\u015b \u017cycie, a po 6 miesi\u0105cach trening\u00f3w mog\u0119 powiedzie\u0107, \u017ce czucie wraca!\"<\/p><p>[\/et_pb_text][\/et_pb_column_inner][\/et_pb_row_inner][\/et_pb_column][\/et_pb_section][et_pb_section admin_label=\"Sekcja\" fullwidth=\"off\" specialty=\"off\" transparent_background=\"off\" allow_player_pause=\"off\" inner_shadow=\"off\" parallax=\"off\" parallax_method=\"off\" padding_mobile=\"off\" make_fullwidth=\"off\" use_custom_width=\"off\" width_unit=\"on\" make_equal=\"off\" use_custom_gutter=\"off\" gutter_width=\"3\"][et_pb_row admin_label=\"Wiersz\"][et_pb_column type=\"4_4\"][et_pb_text admin_label=\"Tekst\" background_layout=\"light\" text_orientation=\"center\" text_font_size=\"14\" text_text_color=\"#00a0df\" use_border_color=\"off\" border_color=\"#ffffff\" border_style=\"solid\"]<\/p><h1>HUR - SI\u0141A NA D\u0141UGIE LATA<\/h1><p>[\/et_pb_text][et_pb_image admin_label=\"Obraz\" src=\"https:\/\/hurhasmed.pl\/wp-content\/uploads\/2016\/01\/sekcja-z-nitka.jpg\" show_in_lightbox=\"off\" url_new_window=\"off\" animation=\"fade_in\" sticky=\"off\" align=\"center\" force_fullwidth=\"off\" always_center_on_mobile=\"on\" use_border_color=\"off\" border_color=\"#ffffff\" border_style=\"solid\"]<\/p><p>[\/et_pb_image][\/et_pb_column][\/et_pb_row][\/et_pb_section]<\/p>","_et_gb_content_width":"","footnotes":""},"class_list":["post-1663","page","type-page","status-publish","hentry"],"yoast_head":"<!-- This site is optimized with the Yoast SEO plugin v26.8 - https:\/\/yoast.com\/product\/yoast-seo-wordpress\/ -->\n<title>My Story - HUR Polska<\/title>\n<meta name=\"robots\" content=\"noindex, nofollow\" \/>\n<meta property=\"og:locale\" content=\"en_US\" \/>\n<meta property=\"og:type\" content=\"article\" \/>\n<meta property=\"og:title\" content=\"My Story - HUR Polska\" \/>\n<meta property=\"og:description\" content=\"MY STORY &nbsp; MY STORY - LINN\u00c9A Linn\u00e9a was tested before she started exercising with the HUR SmartCard equipment. Her level of pain was at a 4 (scale 0-4), her resting pain at a 9 (scale 0-10) and her stresspain at a 10 (scale 0-10). She could walk 2 km. After training 6 months with [&hellip;]\" \/>\n<meta property=\"og:url\" content=\"https:\/\/hurhasmed.pl\/en\/cases\/my-story\/\" \/>\n<meta property=\"og:site_name\" content=\"HUR Polska\" \/>\n<meta property=\"article:modified_time\" content=\"2016-04-11T19:39:23+00:00\" \/>\n<meta name=\"twitter:card\" content=\"summary_large_image\" \/>\n<meta name=\"twitter:label1\" content=\"Est. reading time\" \/>\n\t<meta name=\"twitter:data1\" content=\"4 minutes\" \/>\n<script type=\"application\/ld+json\" class=\"yoast-schema-graph\">{\"@context\":\"https:\/\/schema.org\",\"@graph\":[{\"@type\":\"WebPage\",\"@id\":\"https:\/\/hurhasmed.pl\/en\/cases\/my-story\/\",\"url\":\"https:\/\/hurhasmed.pl\/en\/cases\/my-story\/\",\"name\":\"My Story - HUR Polska\",\"isPartOf\":{\"@id\":\"https:\/\/hurhasmed.pl\/#website\"},\"datePublished\":\"2016-04-11T15:32:15+00:00\",\"dateModified\":\"2016-04-11T19:39:23+00:00\",\"breadcrumb\":{\"@id\":\"https:\/\/hurhasmed.pl\/en\/cases\/my-story\/#breadcrumb\"},\"inLanguage\":\"en-US\",\"potentialAction\":[{\"@type\":\"ReadAction\",\"target\":[\"https:\/\/hurhasmed.pl\/en\/cases\/my-story\/\"]}]},{\"@type\":\"BreadcrumbList\",\"@id\":\"https:\/\/hurhasmed.pl\/en\/cases\/my-story\/#breadcrumb\",\"itemListElement\":[{\"@type\":\"ListItem\",\"position\":1,\"name\":\"Strona g\u0142\u00f3wna\",\"item\":\"https:\/\/hurhasmed.pl\/en\/\"},{\"@type\":\"ListItem\",\"position\":2,\"name\":\"CASES\",\"item\":\"https:\/\/hurhasmed.pl\/en\/cases\/\"},{\"@type\":\"ListItem\",\"position\":3,\"name\":\"My Story\"}]},{\"@type\":\"WebSite\",\"@id\":\"https:\/\/hurhasmed.pl\/#website\",\"url\":\"https:\/\/hurhasmed.pl\/\",\"name\":\"HUR Polska\",\"description\":\"Si\u0142a na d\u0142ugie lata\",\"potentialAction\":[{\"@type\":\"SearchAction\",\"target\":{\"@type\":\"EntryPoint\",\"urlTemplate\":\"https:\/\/hurhasmed.pl\/?s={search_term_string}\"},\"query-input\":{\"@type\":\"PropertyValueSpecification\",\"valueRequired\":true,\"valueName\":\"search_term_string\"}}],\"inLanguage\":\"en-US\"}]}<\/script>\n<!-- \/ Yoast SEO plugin. -->","yoast_head_json":{"title":"My Story - HUR Polska","robots":{"index":"noindex","follow":"nofollow"},"og_locale":"en_US","og_type":"article","og_title":"My Story - HUR Polska","og_description":"MY STORY &nbsp; MY STORY - LINN\u00c9A Linn\u00e9a was tested before she started exercising with the HUR SmartCard equipment. Her level of pain was at a 4 (scale 0-4), her resting pain at a 9 (scale 0-10) and her stresspain at a 10 (scale 0-10). She could walk 2 km. After training 6 months with [&hellip;]","og_url":"https:\/\/hurhasmed.pl\/en\/cases\/my-story\/","og_site_name":"HUR Polska","article_modified_time":"2016-04-11T19:39:23+00:00","twitter_card":"summary_large_image","twitter_misc":{"Est. reading time":"4 minutes"},"schema":{"@context":"https:\/\/schema.org","@graph":[{"@type":"WebPage","@id":"https:\/\/hurhasmed.pl\/en\/cases\/my-story\/","url":"https:\/\/hurhasmed.pl\/en\/cases\/my-story\/","name":"My Story - HUR Polska","isPartOf":{"@id":"https:\/\/hurhasmed.pl\/#website"},"datePublished":"2016-04-11T15:32:15+00:00","dateModified":"2016-04-11T19:39:23+00:00","breadcrumb":{"@id":"https:\/\/hurhasmed.pl\/en\/cases\/my-story\/#breadcrumb"},"inLanguage":"en-US","potentialAction":[{"@type":"ReadAction","target":["https:\/\/hurhasmed.pl\/en\/cases\/my-story\/"]}]},{"@type":"BreadcrumbList","@id":"https:\/\/hurhasmed.pl\/en\/cases\/my-story\/#breadcrumb","itemListElement":[{"@type":"ListItem","position":1,"name":"Strona g\u0142\u00f3wna","item":"https:\/\/hurhasmed.pl\/en\/"},{"@type":"ListItem","position":2,"name":"CASES","item":"https:\/\/hurhasmed.pl\/en\/cases\/"},{"@type":"ListItem","position":3,"name":"My Story"}]},{"@type":"WebSite","@id":"https:\/\/hurhasmed.pl\/#website","url":"https:\/\/hurhasmed.pl\/","name":"HUR Polska","description":"Si\u0142a na d\u0142ugie lata","potentialAction":[{"@type":"SearchAction","target":{"@type":"EntryPoint","urlTemplate":"https:\/\/hurhasmed.pl\/?s={search_term_string}"},"query-input":{"@type":"PropertyValueSpecification","valueRequired":true,"valueName":"search_term_string"}}],"inLanguage":"en-US"}]}},"_links":{"self":[{"href":"https:\/\/hurhasmed.pl\/en\/wp-json\/wp\/v2\/pages\/1663","targetHints":{"allow":["GET"]}}],"collection":[{"href":"https:\/\/hurhasmed.pl\/en\/wp-json\/wp\/v2\/pages"}],"about":[{"href":"https:\/\/hurhasmed.pl\/en\/wp-json\/wp\/v2\/types\/page"}],"author":[{"embeddable":true,"href":"https:\/\/hurhasmed.pl\/en\/wp-json\/wp\/v2\/users\/2"}],"replies":[{"embeddable":true,"href":"https:\/\/hurhasmed.pl\/en\/wp-json\/wp\/v2\/comments?post=1663"}],"version-history":[{"count":3,"href":"https:\/\/hurhasmed.pl\/en\/wp-json\/wp\/v2\/pages\/1663\/revisions"}],"predecessor-version":[{"id":1917,"href":"https:\/\/hurhasmed.pl\/en\/wp-json\/wp\/v2\/pages\/1663\/revisions\/1917"}],"up":[{"embeddable":true,"href":"https:\/\/hurhasmed.pl\/en\/wp-json\/wp\/v2\/pages\/1684"}],"wp:attachment":[{"href":"https:\/\/hurhasmed.pl\/en\/wp-json\/wp\/v2\/media?parent=1663"}],"curies":[{"name":"wp","href":"https:\/\/api.w.org\/{rel}","templated":true}]}}