{"id":1661,"date":"2016-04-11T17:32:15","date_gmt":"2016-04-11T15:32:15","guid":{"rendered":"https:\/\/hurhasmed.pl\/en\/?page_id=1661"},"modified":"2016-04-11T21:14:37","modified_gmt":"2016-04-11T19:14:37","slug":"inclusive-fitness-solutions","status":"publish","type":"page","link":"https:\/\/hurhasmed.pl\/en\/cases\/hur-senior-exercise\/inclusive-fitness-solutions\/","title":{"rendered":"Inclusive fitness solutions"},"content":{"rendered":"<p>[et_pb_section admin_label=&#8221;Sekcja&#8221; fullwidth=&#8221;off&#8221; specialty=&#8221;on&#8221;][et_pb_column type=&#8221;1_4&#8243;][et_pb_sidebar admin_label=&#8221;Panel boczny&#8221; orientation=&#8221;left&#8221; area=&#8221;et_pb_widget_area_12&#8243; background_layout=&#8221;light&#8221; remove_border=&#8221;off&#8221;] [\/et_pb_sidebar][\/et_pb_column][et_pb_column type=&#8221;3_4&#8243; specialty_columns=&#8221;3&#8243;][et_pb_row_inner admin_label=&#8221;Wiersz&#8221;][et_pb_column_inner type=&#8221;4_4&#8243; saved_specialty_column_type=&#8221;3_4&#8243;][et_pb_text admin_label=&#8221;Tekst&#8221; background_layout=&#8221;light&#8221; text_orientation=&#8221;left&#8221; use_border_color=&#8221;off&#8221; border_color=&#8221;#ffffff&#8221; border_style=&#8221;solid&#8221;]<\/p>\n<p>&nbsp;<\/p>\n<h1>INCLUSIVE WELLNESS SOLUTIONS<\/h1>\n<p>&nbsp;<\/p>\n<p>[\/et_pb_text][\/et_pb_column_inner][\/et_pb_row_inner][et_pb_row_inner admin_label=&#8221;Wiersz&#8221;][et_pb_column_inner type=&#8221;4_4&#8243; saved_specialty_column_type=&#8221;3_4&#8243;][et_pb_image admin_label=&#8221;Obraz&#8221; src=&#8221;https:\/\/hurhasmed.pl\/wp-content\/uploads\/2016\/03\/easy-access-layout.jpg&#8221; alt=&#8221;PLAN SI\u0141OWNI U\u0141ATWIONEGO DOST\u0118PU&#8221; title_text=&#8221;PLAN SI\u0141OWNI U\u0141ATWIONEGO DOST\u0118PU&#8221; show_in_lightbox=&#8221;off&#8221; url_new_window=&#8221;off&#8221; use_overlay=&#8221;off&#8221; animation=&#8221;left&#8221; sticky=&#8221;off&#8221; align=&#8221;left&#8221; force_fullwidth=&#8221;off&#8221; always_center_on_mobile=&#8221;on&#8221; use_border_color=&#8221;off&#8221; border_color=&#8221;#ffffff&#8221; border_style=&#8221;solid&#8221;] [\/et_pb_image][et_pb_text admin_label=&#8221;Tekst&#8221; background_layout=&#8221;light&#8221; text_orientation=&#8221;left&#8221; use_border_color=&#8221;off&#8221; border_color=&#8221;#ffffff&#8221; border_style=&#8221;solid&#8221;]<\/p>\n<p>&nbsp;<\/p>\n<p>In an inclusive wellness gym, it is easy to get on and off machines. The machines can be used safely and independently by as many different users as possible, regardless of ability, while in between machines there is ample room to maneuver with various mobility aids.<\/p>\n<p>HUR equipment is designed in accordance with current requirements for accessibility. The machines are designed to efficiently use space while offering impediment-free accessibility. Accordingly, it is possible to realize a facility that is accessible for all, regardless of ability, with our machines. Our unique HUR Easy Access machines embody top-design and expand user options far more than more traditional solutions.<\/p>\n<p>The gym in this picture is equipped with machines that both in respect to function and placement are fully accessible.<\/p>\n<p>&nbsp;<\/p>\n<p>[\/et_pb_text][\/et_pb_column_inner][\/et_pb_row_inner][et_pb_row_inner admin_label=&#8221;Wiersz&#8221;][et_pb_column_inner type=&#8221;4_4&#8243; saved_specialty_column_type=&#8221;3_4&#8243;][et_pb_code admin_label=&#8221;Kod&#8221;]&lt;iframe width=&#8221;980&#8243; height=&#8221;597&#8243; src=&#8221;https:\/\/www.youtube.com\/embed\/VlnghIvAYJs&#8221; frameborder=&#8221;0&#8243; allowfullscreen&gt;&lt;\/iframe&gt;[\/et_pb_code][\/et_pb_column_inner][\/et_pb_row_inner][\/et_pb_column][\/et_pb_section][et_pb_section admin_label=&#8221;Sekcja&#8221; fullwidth=&#8221;off&#8221; specialty=&#8221;off&#8221; transparent_background=&#8221;off&#8221; allow_player_pause=&#8221;off&#8221; inner_shadow=&#8221;off&#8221; parallax=&#8221;off&#8221; parallax_method=&#8221;off&#8221; padding_mobile=&#8221;off&#8221; make_fullwidth=&#8221;off&#8221; use_custom_width=&#8221;off&#8221; width_unit=&#8221;on&#8221; make_equal=&#8221;off&#8221; use_custom_gutter=&#8221;off&#8221;][et_pb_row admin_label=&#8221;Wiersz&#8221;][et_pb_column type=&#8221;4_4&#8243;][et_pb_text admin_label=&#8221;HUR &#8211; FOR LIFELONG STRENGTH&#8221; background_layout=&#8221;light&#8221; text_orientation=&#8221;center&#8221; text_text_color=&#8221;#00a0df&#8221; use_border_color=&#8221;off&#8221; border_color=&#8221;#ffffff&#8221; border_style=&#8221;solid&#8221;]<\/p>\n<p>&nbsp;<\/p>\n<h1>HUR &#8211;\u00a0FOR LIFELONG STRENGTH<\/h1>\n<p>&nbsp;<\/p>\n<p>[\/et_pb_text][et_pb_image admin_label=&#8221;Obraz HUR &#8211; FOR LIFELONG STRENGTH&#8221; src=&#8221;https:\/\/hurhasmed.pl\/wp-content\/uploads\/2016\/01\/sekcja-z-nitka.jpg&#8221; show_in_lightbox=&#8221;off&#8221; url_new_window=&#8221;off&#8221; animation=&#8221;fade_in&#8221; sticky=&#8221;off&#8221; align=&#8221;center&#8221; force_fullwidth=&#8221;off&#8221; always_center_on_mobile=&#8221;on&#8221; use_border_color=&#8221;off&#8221; border_color=&#8221;#ffffff&#8221; border_style=&#8221;solid&#8221; use_overlay=&#8221;off&#8221;]<\/p>\n<p>&nbsp;<\/p>\n<p>[\/et_pb_image][\/et_pb_column][\/et_pb_row][\/et_pb_section]<\/p>\n","protected":false},"excerpt":{"rendered":"<p>&nbsp; INCLUSIVE WELLNESS SOLUTIONS &nbsp; &nbsp; In an inclusive wellness gym, it is easy to get on and off machines. The machines can be used safely and independently by as many different users as possible, regardless of ability, while in between machines there is ample room to maneuver with various mobility aids. HUR equipment is [&hellip;]<\/p>\n","protected":false},"author":2,"featured_media":0,"parent":1647,"menu_order":0,"comment_status":"closed","ping_status":"closed","template":"","meta":{"_et_pb_use_builder":"on","_et_pb_old_content":"<p>[et_pb_section admin_label=\"Sekcja\" fullwidth=\"off\" specialty=\"on\"][et_pb_column type=\"1_4\"][et_pb_sidebar admin_label=\"Panel boczny\" orientation=\"left\" area=\"et_pb_widget_area_12\" background_layout=\"light\" remove_border=\"off\"]<\/p><p>[\/et_pb_sidebar][\/et_pb_column][et_pb_column type=\"3_4\" specialty_columns=\"3\"][et_pb_row_inner admin_label=\"Wiersz\"][et_pb_column_inner type=\"4_4\" saved_specialty_column_type=\"3_4\"][et_pb_text admin_label=\"Tekst\" background_layout=\"light\" text_orientation=\"left\" use_border_color=\"off\" border_color=\"#ffffff\" border_style=\"solid\"]<\/p><h1>SI\u0141OWNIA INTEGRACYJNA<\/h1><h4>WYPOSA\u017bONA W MASZYNY U\u0141ATWIONEGO DOST\u0118PU<\/h4><p>[\/et_pb_text][\/et_pb_column_inner][\/et_pb_row_inner][et_pb_row_inner admin_label=\"Wiersz\"][et_pb_column_inner type=\"4_4\" saved_specialty_column_type=\"3_4\"][et_pb_image admin_label=\"Obraz\" src=\"https:\/\/hurhasmed.pl\/wp-content\/uploads\/2016\/03\/easy-access-layout.jpg\" alt=\"PLAN SI\u0141OWNI U\u0141ATWIONEGO DOST\u0118PU\" title_text=\"PLAN SI\u0141OWNI U\u0141ATWIONEGO DOST\u0118PU\" show_in_lightbox=\"off\" url_new_window=\"off\" use_overlay=\"off\" animation=\"left\" sticky=\"off\" align=\"left\" force_fullwidth=\"off\" always_center_on_mobile=\"on\" use_border_color=\"off\" border_color=\"#ffffff\" border_style=\"solid\"]<\/p><p>[\/et_pb_image][et_pb_text admin_label=\"Tekst\" background_layout=\"light\" text_orientation=\"left\" use_border_color=\"off\" border_color=\"#ffffff\" border_style=\"solid\"]<\/p><p>Si\u0142ownia integracyjna zosta\u0142a stworzona z my\u015bl\u0105 o u\u017cytkownikach o bardzo r\u00f3\u017cnym stopniu sprawno\u015bci. Urz\u0105dzenia nadaj\u0105 si\u0119 dla os\u00f3b z niepe\u0142nosprawno\u015bci\u0105\u00a0i\u00a0mog\u0105 by\u0107 przez nie bezpiecznie u\u017cytkowane. Schodzenie i wchodzenie na maszyny jest u\u0142atwione. Mi\u0119dzy maszynami pozostawiono wystarczaj\u0105c\u0105 ilo\u015b\u0107 miejsca do manewrowania w\u00f3zkiem inwalidzkim czy kulami.<\/p><p>Linia urz\u0105dze\u0144 HUR Premium spe\u0142nia wymogi wsp\u00f3\u0142czesnej ergonomii. Maszyny s\u0105 zaprojektowane tak, aby zajmowa\u0107 jak najmniej miejsca a jednocze\u015bnie by\u0107 \u0142atwo dost\u0119pnymi i wygodnymi dla u\u017cytkownika.<br \/> Nasze innowacyjne urz\u0105dzenia z linii maszyn U\u0142atwionego Dost\u0119pu (Easy Access Machines) oferuj\u0105 zaawansowane opcje dla u\u017cytkownik\u00f3w o\u00a0ograniczonej sprawno\u015bci.\u00a0Uciele\u015bniaj\u0105 one najnowsz\u0105 my\u015bl technologiczn\u0105 w\u00a0dziedzinie rehabilitacji os\u00f3b starszych, nie pomijaj\u0105c przy tym kwestii\u00a0estetyki i\u00a0designu.<\/p><p>Si\u0142ownia na zdj\u0119ciu wyposa\u017cona jest w maszyny u\u0142atwionego dost\u0119pu, kt\u00f3re przy uwzgl\u0119dnieniu potrzeb os\u00f3b niepe\u0142nosprawnych\u00a0s\u0105 wci\u0105\u017c w pe\u0142ni funkcjonalne.<\/p><p>[\/et_pb_text][\/et_pb_column_inner][\/et_pb_row_inner][et_pb_row_inner admin_label=\"Wiersz\"][et_pb_column_inner type=\"4_4\" saved_specialty_column_type=\"3_4\"][et_pb_code admin_label=\"Kod\"]<iframe width=\"980\" height=\"597\" src=\"https:\/\/www.youtube.com\/embed\/VlnghIvAYJs\" frameborder=\"0\" allowfullscreen><\/iframe>[\/et_pb_code][\/et_pb_column_inner][\/et_pb_row_inner][\/et_pb_column][\/et_pb_section]<\/p>","_et_gb_content_width":"","footnotes":""},"class_list":["post-1661","page","type-page","status-publish","hentry"],"yoast_head":"<!-- This site is optimized with the Yoast SEO plugin v27.5 - https:\/\/yoast.com\/product\/yoast-seo-wordpress\/ -->\n<title>Inclusive fitness solutions - HUR Polska<\/title>\n<meta name=\"robots\" content=\"index, follow, max-snippet:-1, max-image-preview:large, max-video-preview:-1\" \/>\n<link rel=\"canonical\" href=\"https:\/\/hurhasmed.pl\/przyklady\/gimnastyka-seniorow-hur\/silownia-integracyjna\/\" \/>\n<meta property=\"og:locale\" content=\"en_US\" \/>\n<meta property=\"og:type\" content=\"article\" \/>\n<meta property=\"og:title\" content=\"Inclusive fitness solutions - HUR Polska\" \/>\n<meta property=\"og:description\" content=\"&nbsp; INCLUSIVE WELLNESS SOLUTIONS &nbsp; &nbsp; In an inclusive wellness gym, it is easy to get on and off machines. The machines can be used safely and independently by as many different users as possible, regardless of ability, while in between machines there is ample room to maneuver with various mobility aids. HUR equipment is [&hellip;]\" \/>\n<meta property=\"og:url\" content=\"https:\/\/hurhasmed.pl\/przyklady\/gimnastyka-seniorow-hur\/silownia-integracyjna\/\" \/>\n<meta property=\"og:site_name\" content=\"HUR Polska\" \/>\n<meta property=\"article:modified_time\" content=\"2016-04-11T19:14:37+00:00\" \/>\n<meta name=\"twitter:card\" content=\"summary_large_image\" \/>\n<meta name=\"twitter:label1\" content=\"Est. reading time\" \/>\n\t<meta name=\"twitter:data1\" content=\"3 minutes\" \/>\n<script type=\"application\/ld+json\" class=\"yoast-schema-graph\">{\"@context\":\"https:\\\/\\\/schema.org\",\"@graph\":[{\"@type\":\"WebPage\",\"@id\":\"https:\\\/\\\/hurhasmed.pl\\\/przyklady\\\/gimnastyka-seniorow-hur\\\/silownia-integracyjna\\\/\",\"url\":\"https:\\\/\\\/hurhasmed.pl\\\/przyklady\\\/gimnastyka-seniorow-hur\\\/silownia-integracyjna\\\/\",\"name\":\"Inclusive fitness solutions - HUR Polska\",\"isPartOf\":{\"@id\":\"https:\\\/\\\/hurhasmed.pl\\\/#website\"},\"datePublished\":\"2016-04-11T15:32:15+00:00\",\"dateModified\":\"2016-04-11T19:14:37+00:00\",\"breadcrumb\":{\"@id\":\"https:\\\/\\\/hurhasmed.pl\\\/przyklady\\\/gimnastyka-seniorow-hur\\\/silownia-integracyjna\\\/#breadcrumb\"},\"inLanguage\":\"en-US\",\"potentialAction\":[{\"@type\":\"ReadAction\",\"target\":[\"https:\\\/\\\/hurhasmed.pl\\\/przyklady\\\/gimnastyka-seniorow-hur\\\/silownia-integracyjna\\\/\"]}]},{\"@type\":\"BreadcrumbList\",\"@id\":\"https:\\\/\\\/hurhasmed.pl\\\/przyklady\\\/gimnastyka-seniorow-hur\\\/silownia-integracyjna\\\/#breadcrumb\",\"itemListElement\":[{\"@type\":\"ListItem\",\"position\":1,\"name\":\"Strona g\u0142\u00f3wna\",\"item\":\"https:\\\/\\\/hurhasmed.pl\\\/en\\\/\"},{\"@type\":\"ListItem\",\"position\":2,\"name\":\"CASES\",\"item\":\"https:\\\/\\\/hurhasmed.pl\\\/en\\\/cases\\\/\"},{\"@type\":\"ListItem\",\"position\":3,\"name\":\"HUR senior exercise\",\"item\":\"https:\\\/\\\/hurhasmed.pl\\\/en\\\/cases\\\/hur-senior-exercise\\\/\"},{\"@type\":\"ListItem\",\"position\":4,\"name\":\"Inclusive fitness solutions\"}]},{\"@type\":\"WebSite\",\"@id\":\"https:\\\/\\\/hurhasmed.pl\\\/#website\",\"url\":\"https:\\\/\\\/hurhasmed.pl\\\/\",\"name\":\"HUR Polska\",\"description\":\"Si\u0142a na d\u0142ugie lata\",\"potentialAction\":[{\"@type\":\"SearchAction\",\"target\":{\"@type\":\"EntryPoint\",\"urlTemplate\":\"https:\\\/\\\/hurhasmed.pl\\\/?s={search_term_string}\"},\"query-input\":{\"@type\":\"PropertyValueSpecification\",\"valueRequired\":true,\"valueName\":\"search_term_string\"}}],\"inLanguage\":\"en-US\"}]}<\/script>\n<!-- \/ Yoast SEO plugin. -->","yoast_head_json":{"title":"Inclusive fitness solutions - HUR Polska","robots":{"index":"index","follow":"follow","max-snippet":"max-snippet:-1","max-image-preview":"max-image-preview:large","max-video-preview":"max-video-preview:-1"},"canonical":"https:\/\/hurhasmed.pl\/przyklady\/gimnastyka-seniorow-hur\/silownia-integracyjna\/","og_locale":"en_US","og_type":"article","og_title":"Inclusive fitness solutions - HUR Polska","og_description":"&nbsp; INCLUSIVE WELLNESS SOLUTIONS &nbsp; &nbsp; In an inclusive wellness gym, it is easy to get on and off machines. The machines can be used safely and independently by as many different users as possible, regardless of ability, while in between machines there is ample room to maneuver with various mobility aids. HUR equipment is [&hellip;]","og_url":"https:\/\/hurhasmed.pl\/przyklady\/gimnastyka-seniorow-hur\/silownia-integracyjna\/","og_site_name":"HUR Polska","article_modified_time":"2016-04-11T19:14:37+00:00","twitter_card":"summary_large_image","twitter_misc":{"Est. reading time":"3 minutes"},"schema":{"@context":"https:\/\/schema.org","@graph":[{"@type":"WebPage","@id":"https:\/\/hurhasmed.pl\/przyklady\/gimnastyka-seniorow-hur\/silownia-integracyjna\/","url":"https:\/\/hurhasmed.pl\/przyklady\/gimnastyka-seniorow-hur\/silownia-integracyjna\/","name":"Inclusive fitness solutions - HUR Polska","isPartOf":{"@id":"https:\/\/hurhasmed.pl\/#website"},"datePublished":"2016-04-11T15:32:15+00:00","dateModified":"2016-04-11T19:14:37+00:00","breadcrumb":{"@id":"https:\/\/hurhasmed.pl\/przyklady\/gimnastyka-seniorow-hur\/silownia-integracyjna\/#breadcrumb"},"inLanguage":"en-US","potentialAction":[{"@type":"ReadAction","target":["https:\/\/hurhasmed.pl\/przyklady\/gimnastyka-seniorow-hur\/silownia-integracyjna\/"]}]},{"@type":"BreadcrumbList","@id":"https:\/\/hurhasmed.pl\/przyklady\/gimnastyka-seniorow-hur\/silownia-integracyjna\/#breadcrumb","itemListElement":[{"@type":"ListItem","position":1,"name":"Strona g\u0142\u00f3wna","item":"https:\/\/hurhasmed.pl\/en\/"},{"@type":"ListItem","position":2,"name":"CASES","item":"https:\/\/hurhasmed.pl\/en\/cases\/"},{"@type":"ListItem","position":3,"name":"HUR senior exercise","item":"https:\/\/hurhasmed.pl\/en\/cases\/hur-senior-exercise\/"},{"@type":"ListItem","position":4,"name":"Inclusive fitness solutions"}]},{"@type":"WebSite","@id":"https:\/\/hurhasmed.pl\/#website","url":"https:\/\/hurhasmed.pl\/","name":"HUR Polska","description":"Si\u0142a na d\u0142ugie lata","potentialAction":[{"@type":"SearchAction","target":{"@type":"EntryPoint","urlTemplate":"https:\/\/hurhasmed.pl\/?s={search_term_string}"},"query-input":{"@type":"PropertyValueSpecification","valueRequired":true,"valueName":"search_term_string"}}],"inLanguage":"en-US"}]}},"_links":{"self":[{"href":"https:\/\/hurhasmed.pl\/en\/wp-json\/wp\/v2\/pages\/1661","targetHints":{"allow":["GET"]}}],"collection":[{"href":"https:\/\/hurhasmed.pl\/en\/wp-json\/wp\/v2\/pages"}],"about":[{"href":"https:\/\/hurhasmed.pl\/en\/wp-json\/wp\/v2\/types\/page"}],"author":[{"embeddable":true,"href":"https:\/\/hurhasmed.pl\/en\/wp-json\/wp\/v2\/users\/2"}],"replies":[{"embeddable":true,"href":"https:\/\/hurhasmed.pl\/en\/wp-json\/wp\/v2\/comments?post=1661"}],"version-history":[{"count":1,"href":"https:\/\/hurhasmed.pl\/en\/wp-json\/wp\/v2\/pages\/1661\/revisions"}],"predecessor-version":[{"id":1662,"href":"https:\/\/hurhasmed.pl\/en\/wp-json\/wp\/v2\/pages\/1661\/revisions\/1662"}],"up":[{"embeddable":true,"href":"https:\/\/hurhasmed.pl\/en\/wp-json\/wp\/v2\/pages\/1647"}],"wp:attachment":[{"href":"https:\/\/hurhasmed.pl\/en\/wp-json\/wp\/v2\/media?parent=1661"}],"curies":[{"name":"wp","href":"https:\/\/api.w.org\/{rel}","templated":true}]}}