{"id":1589,"date":"2016-04-11T21:20:16","date_gmt":"2016-04-11T19:20:16","guid":{"rendered":"https:\/\/hurhasmed.pl\/en\/?page_id=1589"},"modified":"2023-09-04T12:39:27","modified_gmt":"2023-09-04T10:39:27","slug":"contact","status":"publish","type":"page","link":"https:\/\/hurhasmed.pl\/en\/contact\/","title":{"rendered":"CONTACT"},"content":{"rendered":"<p>[et_pb_section fb_built=&#8221;1&#8243; fullwidth=&#8221;on&#8221; _builder_version=&#8221;3.22&#8243;][et_pb_fullwidth_header title=&#8221;CONTACT INFORMATION&#8221; text_orientation=&#8221;center&#8221; content_max_width=&#8221;none&#8221; title_font_color=&#8221;#00a0df&#8221; admin_label=&#8221;contact info&#8221; _builder_version=&#8221;3.16&#8243; title_text_color=&#8221;#00a0df&#8221; background_color=&#8221;rgba(255, 255, 255, 0)&#8221; background_layout=&#8221;light&#8221; button_one_letter_spacing_hover=&#8221;0&#8243; button_two_letter_spacing_hover=&#8221;0&#8243; button_one_text_size__hover_enabled=&#8221;off&#8221; button_two_text_size__hover_enabled=&#8221;off&#8221; button_one_text_color__hover_enabled=&#8221;off&#8221; button_two_text_color__hover_enabled=&#8221;off&#8221; button_one_border_width__hover_enabled=&#8221;off&#8221; button_two_border_width__hover_enabled=&#8221;off&#8221; button_one_border_color__hover_enabled=&#8221;off&#8221; button_two_border_color__hover_enabled=&#8221;off&#8221; button_one_border_radius__hover_enabled=&#8221;off&#8221; button_two_border_radius__hover_enabled=&#8221;off&#8221; button_one_letter_spacing__hover_enabled=&#8221;on&#8221; button_one_letter_spacing__hover=&#8221;0&#8243; button_two_letter_spacing__hover_enabled=&#8221;on&#8221; button_two_letter_spacing__hover=&#8221;0&#8243; button_one_bg_color__hover_enabled=&#8221;off&#8221; button_two_bg_color__hover_enabled=&#8221;off&#8221;]&nbsp;<\/p>\n<p>General Distributor for Poland is:<\/p>\n<div class=\"custom\">\n<p><strong>HAS-MED<\/strong><\/p>\n<p>Mly\u0144ska 20 Street<\/p>\n<p>43-300 Bielsko-Biala<br \/>\nPoland<\/p>\n<p>Tel. +48 33 812 29 64<br \/>\nTel. +48 33 812 45 82<br \/>\nTel\/Fax. +48 33 812 31 79<br \/>\n<a href=\"mailto:biuro@hasmed.pl\">biuro@hasmed.pl<br \/>\n<\/a><a href=\"http:\/\/www.hasmed.pl\/\">www.hasmed.pl<\/a>\u00a0 \u00a0<a href=\"http:\/\/www.sklep.hasmed.pl\" target=\"_blank\" rel=\"noopener\">www.sklep.hasmed.pl<br \/>\n<\/a><a href=\"http:\/\/www.hurhasmed.pl\" target=\"_blank\" rel=\"noopener\">www.hurhasmed.pl<\/a><\/p>\n<\/div>\n<p>[\/et_pb_fullwidth_header][\/et_pb_section][et_pb_section fb_built=&#8221;1&#8243; _builder_version=&#8221;3.22&#8243;][et_pb_row _builder_version=&#8221;3.25&#8243; background_size=&#8221;initial&#8221; background_position=&#8221;top_left&#8221; background_repeat=&#8221;repeat&#8221; width=&#8221;59%&#8221; max_width=&#8221;59%&#8221; use_custom_width=&#8221;on&#8221; width_unit=&#8221;off&#8221; custom_width_percent=&#8221;59%&#8221;][et_pb_column type=&#8221;4_4&#8243; _builder_version=&#8221;3.25&#8243; custom_padding=&#8221;|||&#8221; custom_padding__hover=&#8221;|||&#8221;][et_pb_text _builder_version=&#8221;3.27.4&#8243; background_size=&#8221;initial&#8221; background_position=&#8221;top_left&#8221; background_repeat=&#8221;repeat&#8221; use_border_color=&#8221;off&#8221;]<\/p>\n<h1 style=\"text-align: center;\">FILL IN THE FORM<\/h1>\n<p>&nbsp;<\/p>\n<p style=\"text-align: center;\">If you are interested in HUR solutions please fill out attached contact form.<br \/>\nYour enquiry will be reviewed shortly and a response made to the email address or phone number given within 24 hours.<br \/>\nFor urgent enquiries please call us on one of the telephone numbers.<\/p>\n<p>[\/et_pb_text][et_pb_code _builder_version=&#8221;4.9.2&#8243; _module_preset=&#8221;default&#8221;]\n<div class=\"wpcf7 no-js\" id=\"wpcf7-f2330-o1\" lang=\"pl-PL\" dir=\"ltr\" data-wpcf7-id=\"2330\">\n<div class=\"screen-reader-response\"><p role=\"status\" aria-live=\"polite\" aria-atomic=\"true\"><\/p> <ul><\/ul><\/div>\n<form action=\"\/en\/wp-json\/wp\/v2\/pages\/1589#wpcf7-f2330-o1\" method=\"post\" class=\"wpcf7-form init\" aria-label=\"Formularz kontaktowy\" novalidate=\"novalidate\" data-status=\"init\">\n<fieldset class=\"hidden-fields-container\"><input type=\"hidden\" name=\"_wpcf7\" value=\"2330\" \/><input type=\"hidden\" name=\"_wpcf7_version\" value=\"6.1.4\" \/><input type=\"hidden\" name=\"_wpcf7_locale\" value=\"pl_PL\" \/><input type=\"hidden\" name=\"_wpcf7_unit_tag\" value=\"wpcf7-f2330-o1\" \/><input type=\"hidden\" name=\"_wpcf7_container_post\" value=\"0\" \/><input type=\"hidden\" name=\"_wpcf7_posted_data_hash\" value=\"\" \/><input type=\"hidden\" name=\"form_token\" value=\"vZThyCn+xvCkFrUFD3P0GsR0naZ6CSSBxTNGvrsdVw9emjNG9n+ubmR2OP72fwWN1Heyw\/zxJ\/MPyt\/KncM2q4+aU0ARB5xaRzMqAgr9l5M=\" \/><input type=\"hidden\" name=\"user_agent\" value=\"Mozilla\/5.0 AppleWebKit\/537.36 (KHTML, like Gecko; compatible; ClaudeBot\/1.0; +claudebot@anthropic.com)\" \/>\n<\/fieldset>\n<div class=\"form__wr\"><div class=\"form__g\"><span class=\"wpcf7-form-control-wrap\" data-name=\"your-name\"><input size=\"40\" maxlength=\"400\" class=\"wpcf7-form-control wpcf7-text wpcf7-validates-as-required form__item form__item--big\" autocomplete=\"name\" aria-required=\"true\" aria-invalid=\"false\" placeholder=\"Name\" value=\"\" type=\"text\" name=\"your-name\" \/><\/span>\n<span class=\"wpcf7-form-control-wrap\" data-name=\"your-email\"><input size=\"40\" maxlength=\"400\" class=\"wpcf7-form-control wpcf7-email wpcf7-validates-as-required wpcf7-text wpcf7-validates-as-email form__item\" autocomplete=\"email\" aria-required=\"true\" aria-invalid=\"false\" placeholder=\"E-mail adress\" value=\"\" type=\"email\" name=\"your-email\" \/><\/span>\n<span class=\"wpcf7-form-control-wrap\" data-name=\"your-tel\"><input size=\"40\" maxlength=\"400\" class=\"wpcf7-form-control wpcf7-tel wpcf7-validates-as-required wpcf7-text wpcf7-validates-as-tel form__item\" aria-required=\"true\" aria-invalid=\"false\" placeholder=\"Telephone\" value=\"\" type=\"tel\" name=\"your-tel\" \/><\/span>\n<span class=\"wpcf7-form-control-wrap\" data-name=\"your-message\"><textarea cols=\"40\" rows=\"10\" maxlength=\"2000\" class=\"wpcf7-form-control wpcf7-textarea form__item form__item--big form__item--textarea\" aria-invalid=\"false\" placeholder=\"Message\" name=\"your-message\"><\/textarea><\/span>\n<span class=\"wpcf7-form-control-wrap\" data-name=\"quiz\"><label><span class=\"wpcf7-quiz-label\">Enter the result of dividing 10 by 5<\/span> <input size=\"40\" class=\"wpcf7-form-control wpcf7-quiz your-quiz\" autocomplete=\"off\" aria-required=\"true\" aria-invalid=\"false\" type=\"text\" name=\"quiz\" \/><\/label><input type=\"hidden\" name=\"_wpcf7_quiz_answer_quiz\" value=\"df32c61c2edda0c134e3805e0c9c73e4\" \/><\/span><\/div>\n<input class=\"wpcf7-form-control wpcf7-submit has-spinner et_pb_contact_submit et_pb_button\" type=\"submit\" value=\"Submit\" \/><\/div>\n\n        <div class=\"confirm_label\">\n            <label for=\"confirm-phone\">>Potwierd\u017a numer telefonu<\/label>\n            <input type=\"email\" id=\"confirm-phone\" name=\"confirm-phone\" class=\"confirm_field\" autofill=\"false\" autocomplete=\"false\">\n\n            <label for=\"confirm-email\">Potwierd\u017a adres e-mail<\/label>\n            <input type=\"email\" id=\"confirm-email\" name=\"confirm-email\" class=\"confirm_field\" autofill=\"false\" autocomplete=\"false\">\n        <\/div>\n        <span class=\"confirm_label\">Potwierd\u017a, \u017ce nie jeste\u015b robotem<\/span>\n        <div class=\"confirm_label\">\n\t\t\t<label for=\"confirm-robot\" class=\"confirm_label\"> Nie jestem robotem <\/label>\n            <input type=\"checkbox\" id=\"confirm-robot\" name=\"confirm-robot\" class=\"confirm_field\" autofill=\"false\" autocomplete=\"false\">\n        <\/div>\n        <div class=\"wpcf7-response-output\" aria-hidden=\"true\"><\/div>\n<\/form>\n<\/div>\n[\/et_pb_code][\/et_pb_column][\/et_pb_row][\/et_pb_section][et_pb_section fb_built=&#8221;1&#8243; fullwidth=&#8221;on&#8221; _builder_version=&#8221;3.22&#8243;][et_pb_fullwidth_map address=&#8221;M\u0142y\u0144ska 20, Bielsko-Bia\u0142a, Polska&#8221; zoom_level=&#8221;10&#8243; address_lat=&#8221;49.80061512983097&#8243; address_lng=&#8221;19.096347538772523&#8243; mouse_wheel=&#8221;off&#8221; _builder_version=&#8221;3.0.91&#8243;][et_pb_map_pin title=&#8221;HAS-MED&#8221; pin_address=&#8221;M\u0142y\u0144ska 20, Bielsko-Bia\u0142a, Polska&#8221; pin_address_lat=&#8221;49.814152&#8243; pin_address_lng=&#8221;19.04149099999995&#8243; _builder_version=&#8221;3.0.47&#8243;]ul. M\u0142y\u0144ska 20, Bielsko-Bia\u0142a<br \/>\nTel. +48 33 812 29 64<br \/>\nTel. +48 33 812 45 82<br \/>\nTel\/Fax. +48 33 812 31 79<br \/>\nbiuro@hasmed.pl<br \/>\n<a href=\"http:\/\/www.hasmed.pl\" target=\"_blank\" rel=\"noopener\">www.hasmed.pl \u00a0<\/a><br \/>\n<a href=\"http:\/\/sklep.hasmed.pl\" target=\"_blank\" rel=\"noopener\">sklep.hasmed.pl<\/a>[\/et_pb_map_pin][\/et_pb_fullwidth_map][\/et_pb_section][et_pb_section fb_built=&#8221;1&#8243; custom_padding_last_edited=&#8221;on|desktop&#8221; _builder_version=&#8221;3.22&#8243; custom_padding_tablet=&#8221;50px|0|50px|0&#8243; custom_padding_phone=&#8221;&#8221; transparent_background=&#8221;off&#8221; padding_mobile=&#8221;off&#8221; make_fullwidth=&#8221;off&#8221; use_custom_width=&#8221;off&#8221; width_unit=&#8221;on&#8221;][et_pb_row _builder_version=&#8221;3.25&#8243; background_size=&#8221;initial&#8221; background_position=&#8221;top_left&#8221; background_repeat=&#8221;repeat&#8221;][et_pb_column type=&#8221;4_4&#8243; _builder_version=&#8221;3.25&#8243; custom_padding=&#8221;|||&#8221; custom_padding__hover=&#8221;|||&#8221;][et_pb_text admin_label=&#8221;HUR &#8211; FOR LIFELONG STRENGTH&#8221; _builder_version=&#8221;3.27.4&#8243; text_text_color=&#8221;#00a0df&#8221; background_size=&#8221;initial&#8221; background_position=&#8221;top_left&#8221; background_repeat=&#8221;repeat&#8221; text_orientation=&#8221;center&#8221; module_alignment=&#8221;center&#8221; use_border_color=&#8221;off&#8221; border_color=&#8221;#ffffff&#8221; border_style=&#8221;solid&#8221;]&nbsp;<\/p>\n<h1>HUR &#8211;\u00a0FOR LIFELONG STRENGTH<\/h1>\n<p>&nbsp;<br \/>\n[\/et_pb_text][et_pb_image src=&#8221;https:\/\/hurhasmed.pl\/wp-content\/uploads\/2016\/01\/sekcja-z-nitka.jpg&#8221; align=&#8221;center&#8221; align_tablet=&#8221;center&#8221; align_phone=&#8221;&#8221; align_last_edited=&#8221;on|desktop&#8221; admin_label=&#8221;Obraz HUR &#8211; FOR LIFELONG STRENGTH&#8221; _builder_version=&#8221;3.23&#8243; animation_style=&#8221;fade&#8221; animation_duration=&#8221;500ms&#8221; use_border_color=&#8221;off&#8221; border_color=&#8221;#ffffff&#8221; border_style=&#8221;solid&#8221; animation=&#8221;fade_in&#8221; sticky=&#8221;off&#8221; always_center_on_mobile=&#8221;on&#8221;]&nbsp;<br \/>\n[\/et_pb_image][\/et_pb_column][\/et_pb_row][\/et_pb_section]<\/p>\n","protected":false},"excerpt":{"rendered":"<p>&nbsp; General Distributor for Poland is: HAS-MED Mly\u0144ska 20 Street 43-300 Bielsko-Biala Poland Tel. +48 33 812 29 64 Tel. +48 33 812 45 82 Tel\/Fax. +48 33 812 31 79 biuro@hasmed.pl www.hasmed.pl\u00a0 \u00a0www.sklep.hasmed.pl www.hurhasmed.pl FILL IN THE FORM &nbsp; If you are interested in HUR solutions please fill out attached contact form. Your enquiry [&hellip;]<\/p>\n","protected":false},"author":2,"featured_media":0,"parent":0,"menu_order":7,"comment_status":"closed","ping_status":"closed","template":"","meta":{"_et_pb_use_builder":"on","_et_pb_old_content":"","_et_gb_content_width":"","footnotes":""},"class_list":["post-1589","page","type-page","status-publish","hentry"],"yoast_head":"<!-- This site is optimized with the Yoast SEO plugin v26.8 - https:\/\/yoast.com\/product\/yoast-seo-wordpress\/ -->\n<title>CONTACT INFORMATION - HUR Distributor Poland: Hasmed<\/title>\n<meta name=\"description\" content=\"If you are interested in HUR solutions please fill out attached contact form. Your enquiry will be reviewed shortly and a response made to the email address\" \/>\n<meta name=\"robots\" content=\"index, follow, max-snippet:-1, max-image-preview:large, max-video-preview:-1\" \/>\n<link rel=\"canonical\" href=\"https:\/\/hurhasmed.pl\/en\/contact\/\" \/>\n<meta property=\"og:locale\" content=\"en_US\" \/>\n<meta property=\"og:type\" content=\"article\" \/>\n<meta property=\"og:title\" content=\"CONTACT INFORMATION - HUR Distributor Poland: Hasmed\" \/>\n<meta property=\"og:description\" content=\"If you are interested in HUR solutions please fill out attached contact form. Your enquiry will be reviewed shortly and a response made to the email address\" \/>\n<meta property=\"og:url\" content=\"https:\/\/hurhasmed.pl\/en\/contact\/\" \/>\n<meta property=\"og:site_name\" content=\"HUR Polska\" \/>\n<meta property=\"article:modified_time\" content=\"2023-09-04T10:39:27+00:00\" \/>\n<meta name=\"twitter:card\" content=\"summary_large_image\" \/>\n<meta name=\"twitter:label1\" content=\"Est. reading time\" \/>\n\t<meta name=\"twitter:data1\" content=\"3 minutes\" \/>\n<script type=\"application\/ld+json\" class=\"yoast-schema-graph\">{\"@context\":\"https:\/\/schema.org\",\"@graph\":[{\"@type\":\"WebPage\",\"@id\":\"https:\/\/hurhasmed.pl\/en\/contact\/\",\"url\":\"https:\/\/hurhasmed.pl\/en\/contact\/\",\"name\":\"CONTACT INFORMATION - HUR Distributor Poland: Hasmed\",\"isPartOf\":{\"@id\":\"https:\/\/hurhasmed.pl\/#website\"},\"datePublished\":\"2016-04-11T19:20:16+00:00\",\"dateModified\":\"2023-09-04T10:39:27+00:00\",\"description\":\"If you are interested in HUR solutions please fill out attached contact form. Your enquiry will be reviewed shortly and a response made to the email address\",\"breadcrumb\":{\"@id\":\"https:\/\/hurhasmed.pl\/en\/contact\/#breadcrumb\"},\"inLanguage\":\"en-US\",\"potentialAction\":[{\"@type\":\"ReadAction\",\"target\":[\"https:\/\/hurhasmed.pl\/en\/contact\/\"]}]},{\"@type\":\"BreadcrumbList\",\"@id\":\"https:\/\/hurhasmed.pl\/en\/contact\/#breadcrumb\",\"itemListElement\":[{\"@type\":\"ListItem\",\"position\":1,\"name\":\"Strona g\u0142\u00f3wna\",\"item\":\"https:\/\/hurhasmed.pl\/en\/\"},{\"@type\":\"ListItem\",\"position\":2,\"name\":\"CONTACT\"}]},{\"@type\":\"WebSite\",\"@id\":\"https:\/\/hurhasmed.pl\/#website\",\"url\":\"https:\/\/hurhasmed.pl\/\",\"name\":\"HUR Polska\",\"description\":\"Si\u0142a na d\u0142ugie lata\",\"potentialAction\":[{\"@type\":\"SearchAction\",\"target\":{\"@type\":\"EntryPoint\",\"urlTemplate\":\"https:\/\/hurhasmed.pl\/?s={search_term_string}\"},\"query-input\":{\"@type\":\"PropertyValueSpecification\",\"valueRequired\":true,\"valueName\":\"search_term_string\"}}],\"inLanguage\":\"en-US\"}]}<\/script>\n<!-- \/ Yoast SEO plugin. -->","yoast_head_json":{"title":"CONTACT INFORMATION - HUR Distributor Poland: Hasmed","description":"If you are interested in HUR solutions please fill out attached contact form. Your enquiry will be reviewed shortly and a response made to the email address","robots":{"index":"index","follow":"follow","max-snippet":"max-snippet:-1","max-image-preview":"max-image-preview:large","max-video-preview":"max-video-preview:-1"},"canonical":"https:\/\/hurhasmed.pl\/en\/contact\/","og_locale":"en_US","og_type":"article","og_title":"CONTACT INFORMATION - HUR Distributor Poland: Hasmed","og_description":"If you are interested in HUR solutions please fill out attached contact form. Your enquiry will be reviewed shortly and a response made to the email address","og_url":"https:\/\/hurhasmed.pl\/en\/contact\/","og_site_name":"HUR Polska","article_modified_time":"2023-09-04T10:39:27+00:00","twitter_card":"summary_large_image","twitter_misc":{"Est. reading time":"3 minutes"},"schema":{"@context":"https:\/\/schema.org","@graph":[{"@type":"WebPage","@id":"https:\/\/hurhasmed.pl\/en\/contact\/","url":"https:\/\/hurhasmed.pl\/en\/contact\/","name":"CONTACT INFORMATION - HUR Distributor Poland: Hasmed","isPartOf":{"@id":"https:\/\/hurhasmed.pl\/#website"},"datePublished":"2016-04-11T19:20:16+00:00","dateModified":"2023-09-04T10:39:27+00:00","description":"If you are interested in HUR solutions please fill out attached contact form. Your enquiry will be reviewed shortly and a response made to the email address","breadcrumb":{"@id":"https:\/\/hurhasmed.pl\/en\/contact\/#breadcrumb"},"inLanguage":"en-US","potentialAction":[{"@type":"ReadAction","target":["https:\/\/hurhasmed.pl\/en\/contact\/"]}]},{"@type":"BreadcrumbList","@id":"https:\/\/hurhasmed.pl\/en\/contact\/#breadcrumb","itemListElement":[{"@type":"ListItem","position":1,"name":"Strona g\u0142\u00f3wna","item":"https:\/\/hurhasmed.pl\/en\/"},{"@type":"ListItem","position":2,"name":"CONTACT"}]},{"@type":"WebSite","@id":"https:\/\/hurhasmed.pl\/#website","url":"https:\/\/hurhasmed.pl\/","name":"HUR Polska","description":"Si\u0142a na d\u0142ugie lata","potentialAction":[{"@type":"SearchAction","target":{"@type":"EntryPoint","urlTemplate":"https:\/\/hurhasmed.pl\/?s={search_term_string}"},"query-input":{"@type":"PropertyValueSpecification","valueRequired":true,"valueName":"search_term_string"}}],"inLanguage":"en-US"}]}},"_links":{"self":[{"href":"https:\/\/hurhasmed.pl\/en\/wp-json\/wp\/v2\/pages\/1589","targetHints":{"allow":["GET"]}}],"collection":[{"href":"https:\/\/hurhasmed.pl\/en\/wp-json\/wp\/v2\/pages"}],"about":[{"href":"https:\/\/hurhasmed.pl\/en\/wp-json\/wp\/v2\/types\/page"}],"author":[{"embeddable":true,"href":"https:\/\/hurhasmed.pl\/en\/wp-json\/wp\/v2\/users\/2"}],"replies":[{"embeddable":true,"href":"https:\/\/hurhasmed.pl\/en\/wp-json\/wp\/v2\/comments?post=1589"}],"version-history":[{"count":7,"href":"https:\/\/hurhasmed.pl\/en\/wp-json\/wp\/v2\/pages\/1589\/revisions"}],"predecessor-version":[{"id":2335,"href":"https:\/\/hurhasmed.pl\/en\/wp-json\/wp\/v2\/pages\/1589\/revisions\/2335"}],"wp:attachment":[{"href":"https:\/\/hurhasmed.pl\/en\/wp-json\/wp\/v2\/media?parent=1589"}],"curies":[{"name":"wp","href":"https:\/\/api.w.org\/{rel}","templated":true}]}}